{"id":2,"date":"2009-06-04T02:59:02","date_gmt":"2009-06-04T01:59:02","guid":{"rendered":""},"modified":"2009-06-11T04:35:22","modified_gmt":"2009-06-11T03:35:22","slug":"about","status":"publish","type":"page","link":"https:\/\/blogs.ess-edu.pt\/TimeOfYourLife\/about\/","title":{"rendered":"Acerca"},"content":{"rendered":"<p>Bem-vindo \u00e0 P\u00e1gina dos Antigos Alunos da Escola Secund\u00e1ria\/2,3 da S\u00e9.<\/p>\n<p>Apesar de ser um site ainda embrion\u00e1rio, pretende vir a ser um ponto de encontro de imagens e hist\u00f3rias para todos aqueles que passaram pela antiga Escola Comercial de Lamego ou pela actual Escola Secund\u00e1ria\/2,3 da S\u00e9.<\/p>\n<p>S\u00e3o essas hist\u00f3rias, antigas ou actuais, que se procuram: cada um que recorde e as partilhe com os demais, esteja onde estiver!<\/p>\n<p>A \u00fanica condi\u00e7\u00e3o \u00e9 que, um dia, tenha tido o privil\u00e9gio de ter sido aluno da Escola Comercial de Lamego ou da Escola Secund\u00e1ria\/2,3 da S\u00e9.<\/p>\n<p>\u00a0<\/p>\n<h3>Regulamento<\/h3>\n<ol>\n<li>O Agrupamento Vertical de Escolas da S\u00e9 &#8211; Lamego (AVES) n\u00e3o faz nenhuma an\u00e1lise pr\u00e9via dos conte\u00fados disponibilizados pelos seus Utilizadores, n\u00e3o garantindo assim a sua qualidade, correc\u00e7\u00e3o ou veracidade.<\/li>\n<li>O autor ou administrador do Blog \u00e9 o \u00fanico respons\u00e1vel pelos conte\u00fados disponibilizados, quer sejam textos, fotos, v\u00eddeos, m\u00fasicas, liga\u00e7\u00f5es a outras p\u00e1ginas internas ou externas (links), software ou qualquer outro material.<\/li>\n<li>O autor obriga-se a fazer uma utiliza\u00e7\u00e3o respons\u00e1vel e cuidadosa do servi\u00e7o de Blogs.<\/li>\n<li>\u00c9 estritamente interdita a utiliza\u00e7\u00e3o do servi\u00e7o de Blogs para os seguintes fins:\n<ol>\n<li>Disponibilizar conte\u00fados ilegais, ofensivos, difamat\u00f3rios, obscenos, raciais, atentat\u00f3rios da privacidade e\/ou dignidade de terceiros ou eticamente reprov\u00e1veis.<\/li>\n<li>Disponibilizar conte\u00fados que o utilizador n\u00e3o tenha o direito de utilizar ao abrigo da lei ou de contrato, nomeadamente informa\u00e7\u00e3o de natureza confidencial a que tenha acesso em virtude da sua actividade profissional.<\/li>\n<li>Disponibilizar conte\u00fados que infrinjam qualquer registo ou direito de patente ou qualquer tipo de registo ou direito de autor.<\/li>\n<li>Disponibilizar qualquer material que contenha v\u00edrus ou programas cujo objectivo seja destruir, interromper ou limitar as funcionalidades de qualquer sistema inform\u00e1tico ou de comunica\u00e7\u00f5es.<\/li>\n<li>Promover agress\u00f5es sobre qualquer indiv\u00edduo ou grupo, ou sobre animais.<\/li>\n<li>Fornecer instru\u00e7\u00f5es sobre actividades ilegais, como por exemplo, o fabrico de armas, explosivos ou venenos.<\/li>\n<li>Disponibilizar conte\u00fados que se destinem a actividades comerciais ou fins publicit\u00e1rios.<\/li>\n<\/ol>\n<\/li>\n<li>O autor obriga-se, ainda, a n\u00e3o vender, revender, alugar, ceder ou explorar de qualquer forma o servi\u00e7o disponibilizado.<\/li>\n<li>O autor obriga-se a indemnizar o AVES por todas as despesas em que o AVES tenha de incorrer derivadas de uma utiliza\u00e7\u00e3o em infrac\u00e7\u00e3o a este regulamento.<\/li>\n<li>Ap\u00f3s um ano de inactividade no blog este poder\u00e1 ser descontinuado pelo AVES, mediante parecer pr\u00e9vio sobre o relevo do seu conte\u00fado.<\/li>\n<li>O AVES n\u00e3o est\u00e1 obrigado a controlar quaisquer conte\u00fados dos blogs. No entanto, o AVES e as pessoas por este designadas t\u00eam o direito de remover qualquer conte\u00fado que viole este Regulamento, sem aviso pr\u00e9vio ao autor.<\/li>\n<li>O AVES pode decidir cancelar o servi\u00e7o de Blogs em qualquer altura, salvaguardando a possibilidade dos utilizadores interessados salvarem o conte\u00fado dos seus Blogs.<\/li>\n<li>Os conte\u00fados podem ser publicados em l\u00edngua Portuguesa, Francesa ou Inglesa.<\/li>\n<\/ol>\n","protected":false},"excerpt":{"rendered":"<p>Bem-vindo \u00e0 P\u00e1gina dos Antigos Alunos da Escola Secund\u00e1ria\/2,3 da S\u00e9. Apesar de ser um site ainda embrion\u00e1rio, pretende vir a ser um ponto de encontro de imagens e hist\u00f3rias para todos aqueles que passaram pela antiga Escola Comercial de Lamego ou pela actual Escola Secund\u00e1ria\/2,3 da S\u00e9. S\u00e3o essas hist\u00f3rias, antigas ou actuais, que [&hellip;]<\/p>\n","protected":false},"author":1,"featured_media":0,"parent":0,"menu_order":0,"comment_status":"open","ping_status":"open","template":"","meta":{"jetpack_post_was_ever_published":false,"footnotes":""},"class_list":["post-2","page","type-page","status-publish","hentry"],"jetpack_sharing_enabled":true,"jetpack_shortlink":"https:\/\/wp.me\/PaunXf-2","jetpack-related-posts":[],"_links":{"self":[{"href":"https:\/\/blogs.ess-edu.pt\/TimeOfYourLife\/wp-json\/wp\/v2\/pages\/2","targetHints":{"allow":["GET"]}}],"collection":[{"href":"https:\/\/blogs.ess-edu.pt\/TimeOfYourLife\/wp-json\/wp\/v2\/pages"}],"about":[{"href":"https:\/\/blogs.ess-edu.pt\/TimeOfYourLife\/wp-json\/wp\/v2\/types\/page"}],"author":[{"embeddable":true,"href":"https:\/\/blogs.ess-edu.pt\/TimeOfYourLife\/wp-json\/wp\/v2\/users\/1"}],"replies":[{"embeddable":true,"href":"https:\/\/blogs.ess-edu.pt\/TimeOfYourLife\/wp-json\/wp\/v2\/comments?post=2"}],"version-history":[{"count":0,"href":"https:\/\/blogs.ess-edu.pt\/TimeOfYourLife\/wp-json\/wp\/v2\/pages\/2\/revisions"}],"wp:attachment":[{"href":"https:\/\/blogs.ess-edu.pt\/TimeOfYourLife\/wp-json\/wp\/v2\/media?parent=2"}],"curies":[{"name":"wp","href":"https:\/\/api.w.org\/{rel}","templated":true}]}}