{"id":16,"date":"2009-03-12T00:37:01","date_gmt":"2009-03-12T00:37:01","guid":{"rendered":"http:\/\/blogs.ess-edu.pt\/ae\/coisas\/"},"modified":"2024-06-02T00:28:35","modified_gmt":"2024-06-02T00:28:35","slug":"coisas","status":"publish","type":"page","link":"https:\/\/blogs.ess-edu.pt\/ae\/coisas\/","title":{"rendered":"coisas!"},"content":{"rendered":"<p style=\"text-align: justify;\"><span style=\"color: #3366ff;\">Este \u00e9 um pequeno espa\u00e7o para coisas!<\/span><\/p>\n<p style=\"text-align: justify;\"><span style=\"color: #3366ff;\">E que tipo de coisas? Todo o tipo de comunica\u00e7\u00f5es da AE que se relacionem com o dia-a-dia estudantil: Imagens, cartazes, comunicados de imprensa, planos de actividades etc&#8230;<\/span><\/p>\n<p style=\"text-align: justify;\"><span style=\"color: #ff6600;\">Estatutos da Associa\u00e7\u00e3o de Estudantes | publica\u00e7\u00e3o DR<\/span> [<a href=\"http:\/\/blogs.ess-edu.pt\/ae\/files\/2009\/03\/estatutos-aestudantes.pdf\" target=\"_blank\" rel=\"noopener\">pdf<\/a>]<\/p>\n<p style=\"text-align: justify;\"><span style=\"color: #ff6600;\">Manifesto\/Plano de Actividades 2008\/2009<\/span> [<span style=\"color: #ff9900;\"><a href=\"http:\/\/blogs.ess-edu.pt\/ae\/files\/2009\/03\/manifesto.pdf\" target=\"_blank\" rel=\"noopener\">pdf<\/a><\/span>]<\/p>\n<p style=\"text-align: justify;\"><span style=\"color: #ff6600;\">Comunicado de Imprensa | Elei\u00e7\u00e3o da Nova AE | 12 de Mar\u00e7o de 2009<\/span> [<span style=\"color: #ff9900;\"><a href=\"http:\/\/blogs.ess-edu.pt\/ae\/files\/2009\/03\/ae_comunicado-de-imprensa.pdf\" target=\"_blank\" rel=\"noopener\">pdf<\/a><\/span>]<\/p>\n<p style=\"text-align: justify;\"><span style=\"color: #ff6600;\">Comunicado de Imprensa | Iniciativa com Miguel Portas | 16 de Mar\u00e7o de 2009<\/span> [<a href=\"http:\/\/blogs.ess-edu.pt\/ae\/files\/2009\/03\/ae_comunicado-de-imprensa2.pdf\">pdf<\/a><a href=\"http:\/\/blogs.ess-edu.pt\/ae\/files\/2009\/03\/ae_comunicado-de-imprensa2.pdf\">]<\/a><\/p>\n<p style=\"text-align: justify;\"><span style=\"color: #ff6600;\">Pedido de Requisi\u00e7\u00e3o de Material Inform\u00e1tico | Dirigido ao Conselho Directivo | 8 de Outubro de 2009<\/span> [<a href=\"http:\/\/blogs.ess-edu.pt\/ae\/files\/2009\/03\/ae_pedido.pdf\">pdf<\/a>]<\/p>\n","protected":false},"excerpt":{"rendered":"<p>Este \u00e9 um pequeno espa\u00e7o para coisas! E que tipo de coisas? Todo o tipo de comunica\u00e7\u00f5es da AE que se relacionem com o dia-a-dia estudantil: Imagens, cartazes, comunicados de imprensa, planos de actividades etc&#8230; Estatutos da Associa\u00e7\u00e3o de Estudantes | publica\u00e7\u00e3o DR [pdf] Manifesto\/Plano de Actividades 2008\/2009 [pdf] Comunicado de Imprensa | Elei\u00e7\u00e3o da [&hellip;]<\/p>\n","protected":false},"author":8,"featured_media":0,"parent":0,"menu_order":0,"comment_status":"closed","ping_status":"open","template":"","meta":{"footnotes":""},"class_list":["post-16","page","type-page","status-publish","hentry"],"jetpack_sharing_enabled":true,"jetpack_shortlink":"https:\/\/wp.me\/PaunJP-g","jetpack-related-posts":[],"_links":{"self":[{"href":"https:\/\/blogs.ess-edu.pt\/ae\/wp-json\/wp\/v2\/pages\/16","targetHints":{"allow":["GET"]}}],"collection":[{"href":"https:\/\/blogs.ess-edu.pt\/ae\/wp-json\/wp\/v2\/pages"}],"about":[{"href":"https:\/\/blogs.ess-edu.pt\/ae\/wp-json\/wp\/v2\/types\/page"}],"author":[{"embeddable":true,"href":"https:\/\/blogs.ess-edu.pt\/ae\/wp-json\/wp\/v2\/users\/8"}],"replies":[{"embeddable":true,"href":"https:\/\/blogs.ess-edu.pt\/ae\/wp-json\/wp\/v2\/comments?post=16"}],"version-history":[{"count":0,"href":"https:\/\/blogs.ess-edu.pt\/ae\/wp-json\/wp\/v2\/pages\/16\/revisions"}],"wp:attachment":[{"href":"https:\/\/blogs.ess-edu.pt\/ae\/wp-json\/wp\/v2\/media?parent=16"}],"curies":[{"name":"wp","href":"https:\/\/api.w.org\/{rel}","templated":true}]}}