{"id":2,"date":"2008-11-11T15:36:51","date_gmt":"2008-11-11T14:36:51","guid":{"rendered":""},"modified":"2009-06-08T00:53:21","modified_gmt":"2009-06-08T00:53:21","slug":"acerca","status":"publish","type":"page","link":"https:\/\/blogs.ess-edu.pt\/ap12a2008\/acerca\/","title":{"rendered":"Acerca"},"content":{"rendered":"<h4>Ol\u00e1, mundo!<br \/>\n28-11-2008<\/h4>\n<p>Sabemos que j\u00e1 reparam que somos do 12.\u00ba ano, mas o que n\u00e3o sabem \u00e9 que somos a primeira turma da escola. A grande pot\u00eancia!<\/p>\n<p>Para os alunos mais distra\u00eddos (os que ainda n\u00e3o reparam no que os rodeia) o tema do nosso projecto \u00e9 \u201cA Nossa Escola\u201d.<\/p>\n<p>Escolhemos este tema porque frequentamos a escola mais \u201cCOOL\u201d do mundo (qui\u00e7\u00e1 da Europa!).<\/p>\n<p>Junta-te a n\u00f3s!<\/p>\n<p>Torna-te COOL!<\/p>\n<p>\u00a0<\/p>\n<h4>At\u00e9 sempre\u2026<br \/>\n04-06-2009<\/h4>\n<p>\u00c9 este o \u00faltimo testemunho dado no nosso blog. Foi um prazer ter escrito para voc\u00eas!<\/p>\n<p>Como refere Fernando Pessoa \u201d O importante n\u00e3o \u00e9 chegar \u00e9 partir\u201d.<\/p>\n<p>E n\u00f3s cheg\u00e1mos \u00e0 meta, mas vamos partir para outros voos&#8230;<\/p>\n<p><em>A turma A do 12.\u00ba Ano<\/em><\/p>\n","protected":false},"excerpt":{"rendered":"<p>Ol\u00e1, mundo! 28-11-2008 <\/p>\n<p>Sabemos que j\u00e1 reparam que somos do 12.\u00ba ano, mas o que n\u00e3o sabem \u00e9 que somos a primeira turma da escola. A grande pot\u00eancia!<\/p>\n<p>Para os alunos mais distra\u00eddos (os que ainda n\u00e3o reparam no que os rodeia) o tema do nosso projecto \u00e9 \u201cA Nossa Escola\u201d.<\/p>\n<p>Escolhemos este tema porque [&#8230;]<\/p>\n","protected":false},"author":30,"featured_media":0,"parent":0,"menu_order":0,"comment_status":"open","ping_status":"open","template":"","meta":{"footnotes":""},"class_list":["post-2","page","type-page","status-publish","hentry","odd"],"jetpack_sharing_enabled":true,"jetpack_shortlink":"https:\/\/wp.me\/PaunJ5-2","jetpack-related-posts":[],"_links":{"self":[{"href":"https:\/\/blogs.ess-edu.pt\/ap12a2008\/wp-json\/wp\/v2\/pages\/2","targetHints":{"allow":["GET"]}}],"collection":[{"href":"https:\/\/blogs.ess-edu.pt\/ap12a2008\/wp-json\/wp\/v2\/pages"}],"about":[{"href":"https:\/\/blogs.ess-edu.pt\/ap12a2008\/wp-json\/wp\/v2\/types\/page"}],"author":[{"embeddable":true,"href":"https:\/\/blogs.ess-edu.pt\/ap12a2008\/wp-json\/wp\/v2\/users\/30"}],"replies":[{"embeddable":true,"href":"https:\/\/blogs.ess-edu.pt\/ap12a2008\/wp-json\/wp\/v2\/comments?post=2"}],"version-history":[{"count":0,"href":"https:\/\/blogs.ess-edu.pt\/ap12a2008\/wp-json\/wp\/v2\/pages\/2\/revisions"}],"wp:attachment":[{"href":"https:\/\/blogs.ess-edu.pt\/ap12a2008\/wp-json\/wp\/v2\/media?parent=2"}],"curies":[{"name":"wp","href":"https:\/\/api.w.org\/{rel}","templated":true}]}}