{"id":11,"date":"2008-11-25T17:49:58","date_gmt":"2008-11-25T16:49:58","guid":{"rendered":"http:\/\/blogs.ess-edu.pt\/ap12b2008\/?page_id=11"},"modified":"2009-01-29T15:36:20","modified_gmt":"2009-01-29T14:36:20","slug":"apresentacao-grupo-3","status":"publish","type":"page","link":"https:\/\/blogs.ess-edu.pt\/ap12b2008\/apresentacao-grupo-3\/","title":{"rendered":"Apresenta\u00e7\u00e3o Grupo 3"},"content":{"rendered":"<p><span style=\"color: #ff6600\"><strong><span>N\u00f3s, Ana Margarida, Eduardo, Helena, Joana e Soraia somos os membros do Grupo 3.<\/span><\/strong><\/span><\/p>\n<p class=\"MsoNormal\" style=\"margin-bottom: 0.0001pt;text-align: justify\"><span style=\"color: #ff6600\"><strong><span>Como j\u00e1 foi referido por colegas nossos dos outros grupos, este grupo de trabalho surgiu no \u00e2mbito da disciplina de \u00c1rea de Projecto e o tema escolhido para se tratar foi \u201cDel 8 \u2013 Apaga com os objectivos do mil\u00e9nio\u201d. <\/span><\/strong><\/span><\/p>\n<p class=\"MsoNormal\" style=\"margin-bottom: 0.0001pt;text-align: justify\"><span style=\"color: #ff6600\"><strong><span>Este tema \u00e9 composto por oito objectivos, dos quais dois s\u00e3o o nosso actual objecto de trabalho, sendo estes:<\/span><\/strong><\/span><\/p>\n<p class=\"MsoNormal\" style=\"margin-bottom: 0.0001pt;text-align: justify\"><span style=\"color: #ff6600\"><img loading=\"lazy\" decoding=\"async\" data-attachment-id=\"13\" data-permalink=\"https:\/\/blogs.ess-edu.pt\/ap12b2008\/apresentacao-grupo-3\/gr31\/\" data-orig-file=\"https:\/\/blogs.ess-edu.pt\/ap12b2008\/files\/\/var\/www\/vhosts\/ess.edu.pt\/subdomains\/blogs\/httpdocs\/wp-content\/blogs.dir\/16\/files\/\/2008\/11\/gr31.png\" data-orig-size=\"159,157\" data-comments-opened=\"1\" data-image-meta=\"{&quot;aperture&quot;:&quot;0&quot;,&quot;credit&quot;:&quot;&quot;,&quot;camera&quot;:&quot;&quot;,&quot;caption&quot;:&quot;&quot;,&quot;created_timestamp&quot;:&quot;0&quot;,&quot;copyright&quot;:&quot;&quot;,&quot;focal_length&quot;:&quot;0&quot;,&quot;iso&quot;:&quot;0&quot;,&quot;shutter_speed&quot;:&quot;0&quot;,&quot;title&quot;:&quot;&quot;}\" data-image-title=\"gr31\" data-image-description=\"\" data-image-caption=\"\" data-large-file=\"https:\/\/blogs.ess-edu.pt\/ap12b2008\/files\/\/var\/www\/vhosts\/ess.edu.pt\/subdomains\/blogs\/httpdocs\/wp-content\/blogs.dir\/16\/files\/\/2008\/11\/gr31.png\" class=\"alignnone size-thumbnail wp-image-13\" src=\"http:\/\/blogs.ess-edu.pt\/ap12b2008\/files\/2008\/11\/gr31-150x150.png\" alt=\"\" width=\"65\" height=\"65\" \/><\/span><\/p>\n<p class=\"MsoNormal\"><span style=\"color: #99cc00\"><strong>2\u00ba Objectivo: Alcan\u00e7ar o ensino prim\u00e1rio universal;<\/strong><\/span><\/p>\n<p class=\"MsoNormal\" style=\"margin-bottom: 0.0001pt;text-align: justify\"><img loading=\"lazy\" decoding=\"async\" data-attachment-id=\"14\" data-permalink=\"https:\/\/blogs.ess-edu.pt\/ap12b2008\/apresentacao-grupo-3\/gr32\/\" data-orig-file=\"https:\/\/blogs.ess-edu.pt\/ap12b2008\/files\/\/var\/www\/vhosts\/ess.edu.pt\/subdomains\/blogs\/httpdocs\/wp-content\/blogs.dir\/16\/files\/\/2008\/11\/gr32.png\" data-orig-size=\"160,160\" data-comments-opened=\"1\" data-image-meta=\"{&quot;aperture&quot;:&quot;0&quot;,&quot;credit&quot;:&quot;&quot;,&quot;camera&quot;:&quot;&quot;,&quot;caption&quot;:&quot;&quot;,&quot;created_timestamp&quot;:&quot;0&quot;,&quot;copyright&quot;:&quot;&quot;,&quot;focal_length&quot;:&quot;0&quot;,&quot;iso&quot;:&quot;0&quot;,&quot;shutter_speed&quot;:&quot;0&quot;,&quot;title&quot;:&quot;&quot;}\" data-image-title=\"gr32\" data-image-description=\"\" data-image-caption=\"\" data-large-file=\"https:\/\/blogs.ess-edu.pt\/ap12b2008\/files\/\/var\/www\/vhosts\/ess.edu.pt\/subdomains\/blogs\/httpdocs\/wp-content\/blogs.dir\/16\/files\/\/2008\/11\/gr32.png\" class=\"alignnone size-thumbnail wp-image-14\" src=\"http:\/\/blogs.ess-edu.pt\/ap12b2008\/files\/2008\/11\/gr32-150x150.png\" alt=\"\" width=\"65\" height=\"65\" \/><!--  \/* Font Definitions *\/  @font-face \t{font-family:\"Cambria Math\"; \tpanose-1:2 4 5 3 5 4 6 3 2 4; \tmso-font-charset:0; \tmso-generic-font-family:roman; \tmso-font-pitch:variable; \tmso-font-signature:-1610611985 1107304683 0 0 159 0;} @font-face \t{font-family:Calibri; \tpanose-1:2 15 5 2 2 2 4 3 2 4; \tmso-font-charset:0; \tmso-generic-font-family:swiss; \tmso-font-pitch:variable; \tmso-font-signature:-1610611985 1073750139 0 0 159 0;}  \/* Style Definitions *\/  p.MsoNormal, li.MsoNormal, div.MsoNormal \t{mso-style-unhide:no; \tmso-style-qformat:yes; \tmso-style-parent:\"\"; \tmargin-top:0cm; \tmargin-right:0cm; \tmargin-bottom:10.0pt; \tmargin-left:0cm; \tline-height:115%; \tmso-pagination:widow-orphan; \tfont-size:11.0pt; \tfont-family:\"Calibri\",\"sans-serif\"; \tmso-fareast-font-family:Calibri; \tmso-bidi-font-family:\"Times New Roman\"; \tmso-fareast-language:EN-US;} .MsoChpDefault \t{mso-style-type:export-only; \tmso-default-props:yes; \tfont-size:10.0pt; \tmso-ansi-font-size:10.0pt; \tmso-bidi-font-size:10.0pt; \tmso-ascii-font-family:Calibri; \tmso-fareast-font-family:Calibri; \tmso-hansi-font-family:Calibri;} @page Section1 \t{size:612.0pt 792.0pt; \tmargin:70.85pt 3.0cm 70.85pt 3.0cm; \tmso-header-margin:36.0pt; \tmso-footer-margin:36.0pt; \tmso-paper-source:0;} div.Section1 \t{page:Section1;} --><\/p>\n<p class=\"MsoNormal\" style=\"margin-bottom: 0.0001pt;text-align: justify\"><span style=\"color: #ff0000\"><strong>6\u00ba Objectivo: Combater o HIV\/SIDA, a mal\u00e1ria e outras doen\u00e7as.<\/strong><\/span><\/p>\n<p class=\"MsoNormal\" style=\"margin-bottom: 0.0001pt;text-align: justify\"><!--  \/* Font Definitions *\/  @font-face \t{font-family:\"Cambria Math\"; \tpanose-1:2 4 5 3 5 4 6 3 2 4; \tmso-font-charset:0; \tmso-generic-font-family:roman; \tmso-font-pitch:variable; \tmso-font-signature:-1610611985 1107304683 0 0 159 0;} @font-face \t{font-family:Calibri; \tpanose-1:2 15 5 2 2 2 4 3 2 4; \tmso-font-charset:0; \tmso-generic-font-family:swiss; \tmso-font-pitch:variable; \tmso-font-signature:-1610611985 1073750139 0 0 159 0;}  \/* Style Definitions *\/  p.MsoNormal, li.MsoNormal, div.MsoNormal \t{mso-style-unhide:no; \tmso-style-qformat:yes; \tmso-style-parent:\"\"; \tmargin-top:0cm; \tmargin-right:0cm; \tmargin-bottom:10.0pt; \tmargin-left:0cm; \tline-height:115%; \tmso-pagination:widow-orphan; \tfont-size:11.0pt; \tfont-family:\"Calibri\",\"sans-serif\"; \tmso-fareast-font-family:Calibri; \tmso-bidi-font-family:\"Times New Roman\"; \tmso-fareast-language:EN-US;} .MsoChpDefault \t{mso-style-type:export-only; \tmso-default-props:yes; \tfont-size:10.0pt; \tmso-ansi-font-size:10.0pt; \tmso-bidi-font-size:10.0pt; \tmso-ascii-font-family:Calibri; \tmso-fareast-font-family:Calibri; \tmso-hansi-font-family:Calibri;} @page Section1 \t{size:595.3pt 841.9pt; \tmargin:70.85pt 3.0cm 70.85pt 3.0cm; \tmso-header-margin:35.4pt; \tmso-footer-margin:35.4pt; \tmso-paper-source:0;} div.Section1 \t{page:Section1;} --><!--[if gte mso 10]&gt; &lt;!   \/* Style Definitions *\/  table.MsoNormalTable \t{mso-style-name:\"Tabela normal\"; \tmso-tstyle-rowband-size:0; \tmso-tstyle-colband-size:0; \tmso-style-noshow:yes; \tmso-style-priority:99; \tmso-style-qformat:yes; \tmso-style-parent:\"\"; \tmso-padding-alt:0cm 5.4pt 0cm 5.4pt; \tmso-para-margin:0cm; \tmso-para-margin-bottom:.0001pt; \tmso-pagination:widow-orphan; \tfont-size:11.0pt; \tfont-family:\"Calibri\",\"sans-serif\"; \tmso-ascii-font-family:Calibri; \tmso-ascii-theme-font:minor-latin; \tmso-fareast-font-family:Calibri; \tmso-fareast-theme-font:minor-latin; \tmso-hansi-font-family:Calibri; \tmso-hansi-theme-font:minor-latin; \tmso-bidi-font-family:\"Times New Roman\"; \tmso-bidi-theme-font:minor-bidi; \tmso-fareast-language:EN-US;} --><\/p>\n<p class=\"MsoNormal\" style=\"margin-bottom: 0.0001pt;text-align: justify\">\n<p class=\"MsoNormal\" style=\"margin-bottom: 0.0001pt;text-align: justify\"><strong><span style=\"color: #ff6600\">Neste momento, j\u00e1 pass\u00e1mos \u00e0 ac\u00e7\u00e3o. Fizemos inqu\u00e9ritos \u00e0s turmas do ensino secund\u00e1rio da nossa escola acerca do objectivo 2. Tamb\u00e9m fizemos uma entrevista \u00e0 Doutora Armanda Nascimento, docente da nossa escola, relativamente ao objectivo 6. <\/span><\/strong><\/p>\n<p class=\"MsoNormal\" style=\"margin-bottom: 0.0001pt;text-align: justify\"><strong><span style=\"color: #ff6600\">Neste momento, temos j\u00e1 uma sec\u00e7\u00e3o nesta p\u00e1gina aonde est\u00e3o dispon\u00edveis diversos materiais.<\/span><\/strong><\/p>\n<p class=\"MsoNormal\" style=\"margin-bottom: 0.0001pt;text-align: right\" align=\"right\"><strong><span style=\"color: #ff6600\">O Grupo.<\/span><\/strong><\/p>\n<p class=\"MsoNormal\" style=\"margin-bottom: 0.0001pt;text-align: right\" align=\"right\"><strong><\/strong><\/p>\n<p class=\"MsoNormal\" style=\"text-align: left\"><strong><span style=\"color: #ff6600\">ARQUIVO:<\/span><\/strong><\/p>\n<p><strong><\/strong><\/p>\n<p class=\"MsoNormal\" style=\"text-align: left\"><strong><strong><span style=\"color: #ff6600\"><a title=\"Apresenta\u00e7\u00e3o de Resultados do Inqu\u00e9rito Realizado\" href=\"http:\/\/eduardomarques.com.sapo.pt\/ap.pdf\" target=\"_blank\">Apresenta\u00e7\u00e3o de Resultados do Inqu\u00e9rito Realizado<\/a><\/span><\/strong><\/strong><\/p>\n<p class=\"MsoNormal\" style=\"text-align: left\"><a href=\"http:\/\/eduardomarques.com.sapo.pt\/ap2.pdf\" target=\"_blank\">Relat\u00f3rio Cr\u00edtico do Inqu\u00e9rito Realizado<\/a><\/p>\n<p><strong><\/strong><\/p>\n","protected":false},"excerpt":{"rendered":"<p>N\u00f3s, Ana Margarida, Eduardo, Helena, Joana e Soraia somos os membros do Grupo 3.<\/p>\n<p class=\"MsoNormal\" style=\"margin-bottom: 0.0001pt;text-align: justify\">Como j\u00e1 foi referido por colegas nossos dos outros grupos, este grupo de trabalho surgiu no \u00e2mbito da disciplina de \u00c1rea de Projecto e o tema escolhido para se tratar foi \u201cDel 8 \u2013 Apaga com os [&#8230;]<\/p>\n","protected":false},"author":29,"featured_media":0,"parent":0,"menu_order":0,"comment_status":"open","ping_status":"open","template":"","meta":{"jetpack_post_was_ever_published":false,"footnotes":""},"class_list":["post-11","page","type-page","status-publish","hentry","odd"],"jetpack_sharing_enabled":true,"jetpack_shortlink":"https:\/\/wp.me\/PaunIL-b","jetpack-related-posts":[],"_links":{"self":[{"href":"https:\/\/blogs.ess-edu.pt\/ap12b2008\/wp-json\/wp\/v2\/pages\/11","targetHints":{"allow":["GET"]}}],"collection":[{"href":"https:\/\/blogs.ess-edu.pt\/ap12b2008\/wp-json\/wp\/v2\/pages"}],"about":[{"href":"https:\/\/blogs.ess-edu.pt\/ap12b2008\/wp-json\/wp\/v2\/types\/page"}],"author":[{"embeddable":true,"href":"https:\/\/blogs.ess-edu.pt\/ap12b2008\/wp-json\/wp\/v2\/users\/29"}],"replies":[{"embeddable":true,"href":"https:\/\/blogs.ess-edu.pt\/ap12b2008\/wp-json\/wp\/v2\/comments?post=11"}],"version-history":[{"count":0,"href":"https:\/\/blogs.ess-edu.pt\/ap12b2008\/wp-json\/wp\/v2\/pages\/11\/revisions"}],"wp:attachment":[{"href":"https:\/\/blogs.ess-edu.pt\/ap12b2008\/wp-json\/wp\/v2\/media?parent=11"}],"curies":[{"name":"wp","href":"https:\/\/api.w.org\/{rel}","templated":true}]}}