{"id":2,"date":"2009-05-26T22:56:35","date_gmt":"2009-05-26T21:56:35","guid":{"rendered":""},"modified":"2009-05-26T22:56:35","modified_gmt":"2009-05-26T21:56:35","slug":"about","status":"publish","type":"page","link":"https:\/\/blogs.ess-edu.pt\/ap12c2008\/about\/","title":{"rendered":"Acerca"},"content":{"rendered":"<p>Este \u00e9 um exemplo de uma p\u00e1gina do WordPress. Poderia edit\u00e1-la para colocar informa\u00e7\u00f5es sobre si ou sobre o seu site. \u00e9 poss\u00edvel criar tantas p\u00e1ginas deste tipo quantas pretender e gerir todo o conte\u00fado a partir do WordPress.<\/p>\n","protected":false},"excerpt":{"rendered":"<p>Este \u00e9 um exemplo de uma p\u00e1gina do WordPress. Poderia edit\u00e1-la para colocar informa\u00e7\u00f5es sobre si ou sobre o seu site. \u00e9 poss\u00edvel criar tantas p\u00e1ginas deste tipo quantas pretender e gerir todo o conte\u00fado a partir do WordPress.<\/p>\n","protected":false},"author":35,"featured_media":0,"parent":0,"menu_order":0,"comment_status":"open","ping_status":"open","template":"","meta":{"jetpack_post_was_ever_published":false,"footnotes":""},"class_list":["post-2","page","type-page","status-publish","hentry"],"jetpack_sharing_enabled":true,"jetpack_shortlink":"https:\/\/wp.me\/PaunWA-2","jetpack-related-posts":[],"_links":{"self":[{"href":"https:\/\/blogs.ess-edu.pt\/ap12c2008\/wp-json\/wp\/v2\/pages\/2","targetHints":{"allow":["GET"]}}],"collection":[{"href":"https:\/\/blogs.ess-edu.pt\/ap12c2008\/wp-json\/wp\/v2\/pages"}],"about":[{"href":"https:\/\/blogs.ess-edu.pt\/ap12c2008\/wp-json\/wp\/v2\/types\/page"}],"author":[{"embeddable":true,"href":"https:\/\/blogs.ess-edu.pt\/ap12c2008\/wp-json\/wp\/v2\/users\/35"}],"replies":[{"embeddable":true,"href":"https:\/\/blogs.ess-edu.pt\/ap12c2008\/wp-json\/wp\/v2\/comments?post=2"}],"version-history":[{"count":0,"href":"https:\/\/blogs.ess-edu.pt\/ap12c2008\/wp-json\/wp\/v2\/pages\/2\/revisions"}],"wp:attachment":[{"href":"https:\/\/blogs.ess-edu.pt\/ap12c2008\/wp-json\/wp\/v2\/media?parent=2"}],"curies":[{"name":"wp","href":"https:\/\/api.w.org\/{rel}","templated":true}]}}