{"id":2,"date":"2008-02-08T19:45:24","date_gmt":"2008-02-08T18:45:24","guid":{"rendered":""},"modified":"2008-03-17T02:21:01","modified_gmt":"2008-03-17T02:21:01","slug":"acerca","status":"publish","type":"page","link":"https:\/\/blogs.ess-edu.pt\/ap12d2007\/acerca\/","title":{"rendered":"Acerca"},"content":{"rendered":"<p>O 12.\u00ba ano, turma D, no ano lectivo 2007\/2008 ir\u00e1 levar a cabo uma pesquisa sobre usos, costumes, tradi\u00e7\u00f5es, contos, lendas, prov\u00e9rbios, narrativas e hist\u00f3rias antigas da nossa regi\u00e3o.<\/p>\n<p>Neste espa\u00e7o poder\u00e1 encontrar brevemente um lugar de informa\u00e7\u00e3o ao seu disp\u00f4r, podendo assim conhecer as antigas tradi\u00e7\u00f5es da nossa regi\u00e3o ou simplesmente recordar mem\u00f3rias antigas.<\/p>\n<p>Pedimos a vossa colabora\u00e7\u00e3o no sentido de nos ajudarem na recolha destas informa\u00e7\u00f5es.<\/p>\n","protected":false},"excerpt":{"rendered":"<p>O 12.\u00ba ano, turma D, no ano lectivo 2007\/2008 ir\u00e1 levar a cabo uma pesquisa sobre usos, costumes, tradi\u00e7\u00f5es, contos, lendas, prov\u00e9rbios, narrativas e hist\u00f3rias antigas da nossa regi\u00e3o. Neste espa\u00e7o poder\u00e1 encontrar brevemente um lugar de informa\u00e7\u00e3o ao seu disp\u00f4r, podendo assim conhecer as antigas tradi\u00e7\u00f5es da nossa regi\u00e3o ou simplesmente recordar mem\u00f3rias antigas. [&hellip;]<\/p>\n","protected":false},"author":7,"featured_media":0,"parent":0,"menu_order":4,"comment_status":"open","ping_status":"open","template":"","meta":{"jetpack_post_was_ever_published":false,"footnotes":""},"class_list":["post-2","page","type-page","status-publish","hentry"],"jetpack_sharing_enabled":true,"jetpack_shortlink":"https:\/\/wp.me\/PaunH6-2","jetpack-related-posts":[],"_links":{"self":[{"href":"https:\/\/blogs.ess-edu.pt\/ap12d2007\/wp-json\/wp\/v2\/pages\/2","targetHints":{"allow":["GET"]}}],"collection":[{"href":"https:\/\/blogs.ess-edu.pt\/ap12d2007\/wp-json\/wp\/v2\/pages"}],"about":[{"href":"https:\/\/blogs.ess-edu.pt\/ap12d2007\/wp-json\/wp\/v2\/types\/page"}],"author":[{"embeddable":true,"href":"https:\/\/blogs.ess-edu.pt\/ap12d2007\/wp-json\/wp\/v2\/users\/7"}],"replies":[{"embeddable":true,"href":"https:\/\/blogs.ess-edu.pt\/ap12d2007\/wp-json\/wp\/v2\/comments?post=2"}],"version-history":[{"count":0,"href":"https:\/\/blogs.ess-edu.pt\/ap12d2007\/wp-json\/wp\/v2\/pages\/2\/revisions"}],"wp:attachment":[{"href":"https:\/\/blogs.ess-edu.pt\/ap12d2007\/wp-json\/wp\/v2\/media?parent=2"}],"curies":[{"name":"wp","href":"https:\/\/api.w.org\/{rel}","templated":true}]}}