{"id":3,"date":"2008-04-09T00:22:17","date_gmt":"2008-04-09T00:22:17","guid":{"rendered":"http:\/\/blogs.ess-edu.pt\/cadernovirtual\/mapa-do-sitio\/"},"modified":"2024-05-30T01:42:54","modified_gmt":"2024-05-30T01:42:54","slug":"mapa-do-sitio","status":"publish","type":"page","link":"https:\/\/blogs.ess-edu.pt\/cadernovirtual\/mapa-do-sitio\/","title":{"rendered":"Mapa do S\u00edtio"},"content":{"rendered":"<div class=\"wsp-container\"><h2 class=\"wsp-pages-title\">Pages<\/h2>\n<ul class=\"wsp-pages-list\">\n<li class=\"page_item page-item-2\"><a href=\"https:\/\/blogs.ess-edu.pt\/cadernovirtual\/acerca\/\">Acerca<\/a><\/li>\n<li class=\"page_item page-item-3\"><a href=\"https:\/\/blogs.ess-edu.pt\/cadernovirtual\/mapa-do-sitio\/\">Mapa do S\u00edtio<\/a><\/li>\n<\/ul>\n<h2 class=\"wsp-posts-title\">Posts by category<\/h2>\n<ul class=\"wsp-posts-list\">\n\t<li><strong class=\"wsp-category-title\">Category: <a href=\"https:\/\/blogs.ess-edu.pt\/cadernovirtual\/category\/os-lusiadas\/\">Os Lus\u00edadas<\/a><\/strong>\n<ul class=\"wsp-posts-list\">\t\t<li class=\"wsp-post\"><a href=\"https:\/\/blogs.ess-edu.pt\/cadernovirtual\/2009\/03\/30\/diario-de-bordo-de-vasco-da-gama\/\">Di\u00e1rio de bordo de Vasco da Gama<\/a><\/li>\n<\/ul><\/li>\n\t<li><strong class=\"wsp-category-title\">Category: <a href=\"https:\/\/blogs.ess-edu.pt\/cadernovirtual\/category\/poemas\/\">Poemas<\/a><\/strong>\n<ul class=\"wsp-posts-list\">\t\t<li class=\"wsp-post\"><a href=\"https:\/\/blogs.ess-edu.pt\/cadernovirtual\/2009\/03\/21\/21-de-marco-dia-mundial-da-poesiadia-da-arvore\/\">21 de Mar\u00e7o: Dia Mundial da Poesia\/Dia da \u00c1rvore<\/a><\/li>\n\t\t<li class=\"wsp-post\"><a href=\"https:\/\/blogs.ess-edu.pt\/cadernovirtual\/2009\/03\/20\/mar-portugues\/\">Mar Portugu\u00eas<\/a><\/li>\n\t\t<li class=\"wsp-post\"><a href=\"https:\/\/blogs.ess-edu.pt\/cadernovirtual\/2008\/06\/03\/razao\/\">Raz\u00e3o<\/a><\/li>\n\t\t<li class=\"wsp-post\"><a href=\"https:\/\/blogs.ess-edu.pt\/cadernovirtual\/2008\/06\/02\/coisas-do-amor\/\">Coisas do Amor<\/a><\/li>\n\t\t<li class=\"wsp-post\"><a href=\"https:\/\/blogs.ess-edu.pt\/cadernovirtual\/2008\/05\/27\/ave-de-rapina\/\">Ave de rapina<\/a><\/li>\n\t\t<li class=\"wsp-post\"><a href=\"https:\/\/blogs.ess-edu.pt\/cadernovirtual\/2008\/05\/22\/ver\/\">Ver<\/a><\/li>\n\t\t<li class=\"wsp-post\"><a href=\"https:\/\/blogs.ess-edu.pt\/cadernovirtual\/2008\/05\/07\/amor-e-fogo-que-arde-sem-se-ver\/\">Amor \u00e9 fogo que arde sem se ver<\/a><\/li>\n\t\t<li class=\"wsp-post\"><a href=\"https:\/\/blogs.ess-edu.pt\/cadernovirtual\/2008\/04\/21\/os-colombos\/\">Os Colombos<\/a><\/li>\n\t\t<li class=\"wsp-post\"><a href=\"https:\/\/blogs.ess-edu.pt\/cadernovirtual\/2008\/04\/20\/liberdade\/\">Liberdade<\/a><\/li>\n\t\t<li class=\"wsp-post\"><a href=\"https:\/\/blogs.ess-edu.pt\/cadernovirtual\/2008\/04\/17\/adoracao\/\">Adora\u00e7\u00e3o<\/a><\/li>\n\t\t<li class=\"wsp-post\"><a href=\"https:\/\/blogs.ess-edu.pt\/cadernovirtual\/2008\/04\/14\/6\/\">Seus Olhos<\/a><\/li>\n\t\t<li class=\"wsp-post\"><a href=\"https:\/\/blogs.ess-edu.pt\/cadernovirtual\/2008\/04\/12\/5\/\">Mar Portugu\u00eas<\/a><\/li>\n<\/ul><\/li>\n\t<li><strong class=\"wsp-category-title\">Category: <a href=\"https:\/\/blogs.ess-edu.pt\/cadernovirtual\/category\/poesia\/\">Poesia<\/a><\/strong>\n<ul class=\"wsp-posts-list\">\t\t<li class=\"wsp-post\"><a href=\"https:\/\/blogs.ess-edu.pt\/cadernovirtual\/2009\/04\/24\/liberdade-2\/\">Liberdade!<\/a><\/li>\n\t\t<li class=\"wsp-post\"><a href=\"https:\/\/blogs.ess-edu.pt\/cadernovirtual\/2009\/04\/01\/lagrima-de-preta-antonio-gedeao\/\">L\u00e1grima de Preta (Ant\u00f3nio Gede\u00e3o)<\/a><\/li>\n<\/ul><\/li>\n\t<li><strong class=\"wsp-category-title\">Category: <a href=\"https:\/\/blogs.ess-edu.pt\/cadernovirtual\/category\/sem-categoria\/\">Sem categoria<\/a><\/strong>\n<ul class=\"wsp-posts-list\">\t\t<li class=\"wsp-post\"><a href=\"https:\/\/blogs.ess-edu.pt\/cadernovirtual\/2010\/02\/26\/para-terminar\/\">Para terminar&#8230;<\/a><\/li>\n\t\t<li class=\"wsp-post\"><a href=\"https:\/\/blogs.ess-edu.pt\/cadernovirtual\/2009\/06\/20\/36\/\">O \u00e1rduo e belo caminho dos exames&#8230;<\/a><\/li>\n\t\t<li class=\"wsp-post\"><a href=\"https:\/\/blogs.ess-edu.pt\/cadernovirtual\/2009\/04\/01\/promessas\/\">Promessas!<\/a><\/li>\n\t\t<li class=\"wsp-post\"><a href=\"https:\/\/blogs.ess-edu.pt\/cadernovirtual\/2009\/03\/20\/de-regresso\/\">De regresso!<\/a><\/li>\n\t\t<li class=\"wsp-post\"><a href=\"https:\/\/blogs.ess-edu.pt\/cadernovirtual\/2009\/03\/20\/dia-do-pai\/\">Dia do Pai<\/a><\/li>\n\t\t<li class=\"wsp-post\"><a href=\"https:\/\/blogs.ess-edu.pt\/cadernovirtual\/2009\/03\/20\/as-armas-e-os-baroes-assinalados\/\">As armas e os bar\u00f5es assinalados&#8230;<\/a><\/li>\n\t\t<li class=\"wsp-post\"><a href=\"https:\/\/blogs.ess-edu.pt\/cadernovirtual\/2009\/03\/20\/21\/\">Agora, este vai ser o Caderno do 9.\u00ba B<\/a><\/li>\n\t\t<li class=\"wsp-post\"><a href=\"https:\/\/blogs.ess-edu.pt\/cadernovirtual\/2009\/03\/20\/o-valor-da-amizade\/\">O valor da Amizade<\/a><\/li>\n\t\t<li class=\"wsp-post\"><a href=\"https:\/\/blogs.ess-edu.pt\/cadernovirtual\/2008\/05\/06\/um-livro\/\">Um livro&#8230;<\/a><\/li>\n\t\t<li class=\"wsp-post\"><a href=\"https:\/\/blogs.ess-edu.pt\/cadernovirtual\/2008\/05\/06\/dia-mundial-do-livro\/\">Dia Mundial do Livro<\/a><\/li>\n\t\t<li class=\"wsp-post\"><a href=\"https:\/\/blogs.ess-edu.pt\/cadernovirtual\/2008\/05\/06\/verdadeiros-amigos\/\">Verdadeiros Amigos<\/a><\/li>\n\t\t<li class=\"wsp-post\"><a href=\"https:\/\/blogs.ess-edu.pt\/cadernovirtual\/2008\/04\/28\/racismo\/\">Racismo<\/a><\/li>\n\t\t<li class=\"wsp-post\"><a href=\"https:\/\/blogs.ess-edu.pt\/cadernovirtual\/2008\/04\/10\/primeiras-linhas\/\">Primeiras linhas<\/a><\/li>\n\t\t<li class=\"wsp-post\"><a href=\"https:\/\/blogs.ess-edu.pt\/cadernovirtual\/2008\/04\/09\/ola-mundo\/\">Ol\u00e1, mundo!<\/a><\/li>\n<\/ul><\/li>\n<\/ul>\n<\/div>\n","protected":false},"excerpt":{"rendered":"","protected":false},"author":22,"featured_media":0,"parent":0,"menu_order":0,"comment_status":"open","ping_status":"open","template":"","meta":{"jetpack_post_was_ever_published":false,"footnotes":""},"class_list":["post-3","page","type-page","status-publish","hentry"],"jetpack_sharing_enabled":true,"jetpack_shortlink":"https:\/\/wp.me\/PaunIc-3","jetpack-related-posts":[],"_links":{"self":[{"href":"https:\/\/blogs.ess-edu.pt\/cadernovirtual\/wp-json\/wp\/v2\/pages\/3","targetHints":{"allow":["GET"]}}],"collection":[{"href":"https:\/\/blogs.ess-edu.pt\/cadernovirtual\/wp-json\/wp\/v2\/pages"}],"about":[{"href":"https:\/\/blogs.ess-edu.pt\/cadernovirtual\/wp-json\/wp\/v2\/types\/page"}],"author":[{"embeddable":true,"href":"https:\/\/blogs.ess-edu.pt\/cadernovirtual\/wp-json\/wp\/v2\/users\/22"}],"replies":[{"embeddable":true,"href":"https:\/\/blogs.ess-edu.pt\/cadernovirtual\/wp-json\/wp\/v2\/comments?post=3"}],"version-history":[{"count":0,"href":"https:\/\/blogs.ess-edu.pt\/cadernovirtual\/wp-json\/wp\/v2\/pages\/3\/revisions"}],"wp:attachment":[{"href":"https:\/\/blogs.ess-edu.pt\/cadernovirtual\/wp-json\/wp\/v2\/media?parent=3"}],"curies":[{"name":"wp","href":"https:\/\/api.w.org\/{rel}","templated":true}]}}