{"id":107,"date":"2008-11-26T04:35:03","date_gmt":"2008-11-26T03:35:03","guid":{"rendered":"http:\/\/cgt.ess-edu.com.pt\/?page_id=2"},"modified":"2024-05-24T18:50:07","modified_gmt":"2024-05-24T18:50:07","slug":"sobre","status":"publish","type":"page","link":"https:\/\/blogs.ess-edu.pt\/cgt\/sobre\/","title":{"rendered":"Acerca"},"content":{"rendered":"<p>Bem-vindo ao s\u00edtio do Conselho Geral Transit\u00f3rio do Agrupamento Vertical de Escolas da S\u00e9 &#8211; Lamego.<\/p>\n<p>O Conselho Geral Transit\u00f3rio constituiu-se para efeitos de adapta\u00e7\u00e3o ao novo regime de autonomia, administra\u00e7\u00e3o e gest\u00e3o estabelecido pelo <a href=\"https:\/\/www.dre.pt\/pdf1sdip\/2008\/04\/07900\/0234102356.PDF\" target=\"_blank\" rel=\"noopener\">Decreto-Lei n.\u00ba 75\/2008<\/a>, de 22 de Abril, cabendo-lhe:<\/p>\n<p style=\"text-align: center\">Artigo 61.\u00ba<br \/>\nCompet\u00eancias do conselho geral transit\u00f3rio<\/p>\n<ol>\n<li>O conselho geral transit\u00f3rio assume todas as compet\u00eancias previstas no artigo 13.\u00ba do presente decreto-lei, cabendo-lhe ainda:<br \/>\na) Elaborar e aprovar o regulamento interno, definindo nomeadamente a composi\u00e7\u00e3o prevista nos artigos 12.\u00ba e 32.\u00ba do presente decreto-lei;<br \/>\nb) Preparar, assim que aprovado o regulamento interno, as elei\u00e7\u00f5es para o conselho geral;<br \/>\nc) Proceder \u00e0 elei\u00e7\u00e3o do director, caso tenha j\u00e1 cessado o mandato dos anteriores \u00f3rg\u00e3os de gest\u00e3o e n\u00e3o esteja ainda eleito o conselho geral.<\/li>\n<li>Para efeitos da elabora\u00e7\u00e3o do regulamento interno previsto na al\u00ednea a) do n\u00famero anterior, o conselho geral transit\u00f3rio pode constituir uma comiss\u00e3o.<\/li>\n<li>O regulamento interno previsto na al\u00ednea a) do n.\u00ba 1 \u00e9 aprovado por maioria absoluta dos votos dos membros do conselho geral em efectividade de fun\u00e7\u00f5es.<\/li>\n<\/ol>\n<p>\u00a0<\/p>\n<p>Nos termos do n.\u00ba 2 do artigo 60.\u00ba do <a href=\"https:\/\/www.dre.pt\/pdf1sdip\/2008\/04\/07900\/0234102356.PDF\" target=\"_blank\" rel=\"noopener\">Decreto-Lei n.\u00ba 75\/2008<\/a>, de 22 de Abril,\u00a0o conselho geral transit\u00f3rio tem a seguinte composi\u00e7\u00e3o:<\/p>\n<ul>\n<li>Sete representantes do pessoal docente;<\/li>\n<li>Dois representantes do pessoal n\u00e3o docente;<\/li>\n<li>Quatro representantes dos pais e encarregados de educa\u00e7\u00e3o;<\/li>\n<li>Dois representantes dos alunos, sendo um representante do ensino secund\u00e1rio e outro da educa\u00e7\u00e3o de adultos;<\/li>\n<li>Tr\u00eas representantes do munic\u00edpio;<\/li>\n<li>Tr\u00eas representantes da comunidade local.<\/li>\n<\/ul>\n<p>\u00a0<\/p>\n<table border=\"1\" cellspacing=\"4\" cellpadding=\"1\" align=\"center\">\n<caption>\n<h3>Conselho Geral Transit\u00f3rio<\/h3>\n<\/caption>\n<tbody>\n<tr style=\"background-color: #f6f6f6\">\n<td><span style=\"font-size: x-small\"><span style=\"font-family: arial,helvetica,sans-serif\">Representantes<\/span><\/span><\/td>\n<td style=\"text-align: center\"><span style=\"font-size: x-small\"><span style=\"font-family: arial,helvetica,sans-serif\"><span style=\"font-size: x-small\">Nome<\/span><\/span><\/span><\/td>\n<\/tr>\n<tr>\n<td style=\"text-align: center\" rowspan=\"7\"><span style=\"font-size: x-small\"><span style=\"font-family: arial,helvetica,sans-serif\"><span style=\"font-size: x-small\">Pessoal Docente<\/span><\/span><\/span><\/td>\n<td valign=\"middle\" scope=\"col\"><span style=\"font-size: x-small\"><span><span style=\"font-family: arial,helvetica,sans-serif\"><span style=\"font-size: x-small\">Benvinda de Jesus Vila Boa Louren\u00e7o<\/span><\/span><\/span><\/span><\/td>\n<\/tr>\n<tr>\n<td><span style=\"font-size: x-small\"><span><span style=\"font-size: x-small\"><span style=\"font-family: arial,helvetica,sans-serif\"><span style=\"font-size: x-small\">Dalila D\u00e9rcia Almeida Dias Carvalho<\/span><\/span><\/span><\/span><\/span><\/td>\n<\/tr>\n<tr>\n<td><span style=\"font-size: x-small\"><span style=\"font-family: 'Times New Roman'\"><span style=\"font-size: x-small\"><span style=\"font-family: arial,helvetica,sans-serif\"><span style=\"font-size: x-small\">Rui Lu\u00eds Moreira Rodrigues<\/span><\/span><\/span><\/span><\/span><\/td>\n<\/tr>\n<tr>\n<td><span style=\"font-size: x-small\"><span style=\"font-family: 'Times New Roman'\"><span style=\"font-size: x-small\"><span style=\"font-family: arial,helvetica,sans-serif\"><span style=\"font-size: x-small\">Maria Cristina de S\u00e1 Ribeiro Parente<\/span><\/span><\/span><\/span><\/span><\/td>\n<\/tr>\n<tr>\n<td><span style=\"font-size: x-small\"><span style=\"font-family: 'Times New Roman'\"><span style=\"font-size: x-small\"><span style=\"font-family: arial,helvetica,sans-serif\"><span style=\"font-size: x-small\">Fernando da Gra\u00e7a Almeida<\/span><\/span><\/span><\/span><\/span><\/td>\n<\/tr>\n<tr>\n<td><span style=\"font-size: x-small\"><span style=\"font-family: 'Times New Roman'\"><span style=\"font-size: x-small\"><span style=\"font-family: arial,helvetica,sans-serif\"><span style=\"font-size: x-small\">Anabela da Silva Correia<\/span><\/span><\/span><\/span><\/span><\/td>\n<\/tr>\n<tr>\n<td><span style=\"font-size: x-small\"><span style=\"font-family: 'Times New Roman'\"><span style=\"font-size: x-small\"><span style=\"font-family: arial,helvetica,sans-serif\"><span style=\"font-size: x-small\">Isabel Maria Almeida Roseira Rei<\/span><\/span><\/span><\/span><\/span><\/td>\n<\/tr>\n<tr>\n<td style=\"text-align: center\" rowspan=\"2\"><span style=\"font-size: x-small\"><span style=\"font-family: arial,helvetica,sans-serif\"><span style=\"font-size: x-small\">Pessoal N\u00e3o Docente<\/span><\/span><\/span><\/td>\n<td><span style=\"font-size: x-small\"><span style=\"font-family: 'Times New Roman'\"><span style=\"font-size: x-small\"><span style=\"font-family: arial,helvetica,sans-serif\"><span style=\"font-size: x-small\">Virg\u00edlio dos Santos Mendes<\/span><\/span><\/span><\/span><\/span><\/td>\n<\/tr>\n<tr>\n<td><span style=\"font-size: x-small\"><span style=\"font-family: 'Times New Roman'\"><span style=\"font-size: x-small\"><span style=\"font-family: arial,helvetica,sans-serif\"><span style=\"font-size: x-small\">Roberto Manuel Melo Carvalho<\/span><\/span><\/span><\/span><\/span><\/td>\n<\/tr>\n<tr>\n<td style=\"text-align: center\" rowspan=\"4\"><span style=\"font-size: x-small\"><span style=\"font-family: arial,helvetica,sans-serif\"><span style=\"font-size: x-small\">Pais e Encarregados de Educa\u00e7\u00e3o<\/span><\/span><\/span><\/td>\n<td><span style=\"font-size: x-small\"><span style=\"font-family: arial,helvetica,sans-serif\"><span style=\"font-size: x-small\">\u00a0Anabela Azevedo Os\u00f3rio Alves<\/span><\/span><\/span><\/td>\n<\/tr>\n<tr>\n<td><span style=\"font-size: x-small\"><span style=\"font-family: arial,helvetica,sans-serif\"><span style=\"font-size: x-small\">\u00a0Maria Jos\u00e9 Botelho Cardoso Ferreira<\/span><\/span><\/span><\/td>\n<\/tr>\n<tr>\n<td><span style=\"font-size: x-small\"><span style=\"font-family: arial,helvetica,sans-serif\"><span style=\"font-size: x-small\">\u00a0Cristina Paula de Jesus Costa Silva<\/span><\/span><\/span><\/td>\n<\/tr>\n<tr>\n<td><span style=\"font-size: x-small\"><span style=\"font-family: arial,helvetica,sans-serif\"><span style=\"font-size: x-small\">\u00a0Paulo Manuel Ribas Louren\u00e7o da Fonseca<\/span><\/span><\/span><\/td>\n<\/tr>\n<tr>\n<td style=\"text-align: center\" rowspan=\"2\"><span style=\"font-size: x-small\"><span style=\"font-family: arial,helvetica,sans-serif\"><span style=\"font-size: x-small\">Alunos<\/span><\/span><\/span><\/td>\n<td><span style=\"font-size: x-small\"><span style=\"font-family: 'Times New Roman'\"><span style=\"font-size: x-small\"><span style=\"font-family: arial,helvetica,sans-serif\"><span style=\"font-size: x-small\">Eduardo Jorge Correia de Matos Marques<\/span><\/span><\/span><\/span><\/span><\/td>\n<\/tr>\n<tr>\n<td><span style=\"font-size: x-small\"><span style=\"font-family: 'Times New Roman'\"><span style=\"font-size: x-small\"><span style=\"font-family: arial,helvetica,sans-serif\"><span style=\"font-size: x-small\">Edgar Miguel Ver\u00edssimo Almeida<\/span><\/span><\/span><\/span><\/span><\/td>\n<\/tr>\n<tr>\n<td style=\"text-align: center\" rowspan=\"3\"><span style=\"font-size: x-small\"><span style=\"font-family: arial,helvetica,sans-serif\"><span style=\"font-size: x-small\">Munic\u00edpio<\/span><\/span><\/span><\/td>\n<td><span style=\"font-size: x-small\"><span style=\"font-family: arial,helvetica,sans-serif\"><span style=\"font-size: x-small\">\u00a0Teresa de Jesus Costa Santos<\/span><\/span><\/span><\/td>\n<\/tr>\n<tr>\n<td><span style=\"font-size: x-small\"><span style=\"font-family: arial,helvetica,sans-serif\"><span style=\"font-size: x-small\">\u00a0Manuel da Concei\u00e7\u00e3o Almeida<\/span><\/span><\/span><\/td>\n<\/tr>\n<tr>\n<td><span style=\"font-size: x-small\"><span style=\"font-family: arial,helvetica,sans-serif\"><span style=\"font-size: x-small\">\u00a0Carlos Dinis Marques de Almeida<\/span><\/span><\/span><\/td>\n<\/tr>\n<tr>\n<td style=\"text-align: center\" rowspan=\"3\"><span style=\"font-size: x-small\"><span style=\"font-family: arial,helvetica,sans-serif\"><span style=\"font-size: x-small\">Comunidade Local\u00a0\u00a0<\/span><\/span><\/span><\/td>\n<td><span style=\"font-size: x-small\"><span style=\"font-family: arial,helvetica,sans-serif\"><span style=\"font-size: x-small\">\u00a0Maria Filomena Moreira Neves Viegas<\/span><\/span><\/span><\/td>\n<\/tr>\n<tr>\n<td><span style=\"font-size: x-small\"><span style=\"font-family: arial,helvetica,sans-serif\"><span style=\"font-size: x-small\">\u00a0Jorge Cust\u00f3dio Rodrigues dos Santos<\/span><\/span><\/span><\/td>\n<\/tr>\n<tr>\n<td><span style=\"font-size: x-small\"><span style=\"font-family: arial,helvetica,sans-serif\"><span style=\"font-size: x-small\">\u00a0M\u00e1rio Jorge Pinto Abreu Requeijo<\/span><\/span><\/span><\/td>\n<\/tr>\n<\/tbody>\n<\/table>\n","protected":false},"excerpt":{"rendered":"<p>Bem-vindo ao s\u00edtio do Conselho Geral Transit\u00f3rio do Agrupamento Vertical de Escolas da S\u00e9 &#8211; Lamego.<\/p>\n<p>O Conselho Geral Transit\u00f3rio constituiu-se para efeitos de adapta\u00e7\u00e3o ao novo regime de autonomia, administra\u00e7\u00e3o e gest\u00e3o estabelecido pelo Decreto-Lei n.\u00ba 75\/2008, de 22 de Abril, cabendo-lhe:<\/p>\n<p style=\"text-align: center\">Artigo 61.\u00ba Compet\u00eancias do conselho geral transit\u00f3rio<\/p>\n<p> O conselho geral [&#8230;]<\/p>\n","protected":false},"author":1,"featured_media":0,"parent":0,"menu_order":0,"comment_status":"open","ping_status":"open","template":"","meta":{"footnotes":""},"class_list":["post-107","page","type-page","status-publish","hentry","odd"],"jetpack_sharing_enabled":true,"jetpack_shortlink":"https:\/\/wp.me\/Pauo0b-1J","jetpack-related-posts":[],"_links":{"self":[{"href":"https:\/\/blogs.ess-edu.pt\/cgt\/wp-json\/wp\/v2\/pages\/107","targetHints":{"allow":["GET"]}}],"collection":[{"href":"https:\/\/blogs.ess-edu.pt\/cgt\/wp-json\/wp\/v2\/pages"}],"about":[{"href":"https:\/\/blogs.ess-edu.pt\/cgt\/wp-json\/wp\/v2\/types\/page"}],"author":[{"embeddable":true,"href":"https:\/\/blogs.ess-edu.pt\/cgt\/wp-json\/wp\/v2\/users\/1"}],"replies":[{"embeddable":true,"href":"https:\/\/blogs.ess-edu.pt\/cgt\/wp-json\/wp\/v2\/comments?post=107"}],"version-history":[{"count":0,"href":"https:\/\/blogs.ess-edu.pt\/cgt\/wp-json\/wp\/v2\/pages\/107\/revisions"}],"wp:attachment":[{"href":"https:\/\/blogs.ess-edu.pt\/cgt\/wp-json\/wp\/v2\/media?parent=107"}],"curies":[{"name":"wp","href":"https:\/\/api.w.org\/{rel}","templated":true}]}}