{"id":30,"date":"2008-12-13T03:16:28","date_gmt":"2008-12-13T03:16:28","guid":{"rendered":"http:\/\/cgt.ess-edu.com.pt\/?page_id=30"},"modified":"2024-06-03T15:37:36","modified_gmt":"2024-06-03T15:37:36","slug":"mapa-do-sitio","status":"publish","type":"page","link":"https:\/\/blogs.ess-edu.pt\/cgt\/mapa-do-sitio\/","title":{"rendered":"Mapa do S\u00edtio"},"content":{"rendered":"<div class=\"wsp-container\"><h2 class=\"wsp-pages-title\">Pages<\/h2>\n<ul class=\"wsp-pages-list\">\n<li class=\"page_item page-item-107\"><a href=\"https:\/\/blogs.ess-edu.pt\/cgt\/sobre\/\">Acerca<\/a><\/li>\n<li class=\"page_item page-item-74\"><a href=\"https:\/\/blogs.ess-edu.pt\/cgt\/arquivo\/\">Arquivo<\/a><\/li>\n<li class=\"page_item page-item-108\"><a href=\"https:\/\/blogs.ess-edu.pt\/cgt\/downloads\/\">Downloads<\/a><\/li>\n<li class=\"page_item page-item-32\"><a href=\"https:\/\/blogs.ess-edu.pt\/cgt\/legislacao\/\">Legisla\u00e7\u00e3o<\/a><\/li>\n<li class=\"page_item page-item-30\"><a href=\"https:\/\/blogs.ess-edu.pt\/cgt\/mapa-do-sitio\/\">Mapa do S\u00edtio<\/a><\/li>\n<\/ul>\n<h2 class=\"wsp-posts-title\">Posts by category<\/h2>\n<ul class=\"wsp-posts-list\">\n\t<li><strong class=\"wsp-category-title\">Category: <a href=\"https:\/\/blogs.ess-edu.pt\/cgt\/category\/avisos\/\">Avisos<\/a><\/strong>\n<ul class=\"wsp-posts-list\">\t\t<li class=\"wsp-post\"><a href=\"https:\/\/blogs.ess-edu.pt\/cgt\/2010\/01\/27\/proposta-regulamento-eleitoral-para-a-eleicao-do-conselho-geral\/\">Proposta &#8211; REGULAMENTO ELEITORAL PARA A ELEI\u00c7\u00c3O DO CONSELHO GERAL<\/a><\/li>\n\t\t<li class=\"wsp-post\"><a href=\"https:\/\/blogs.ess-edu.pt\/cgt\/2010\/01\/27\/convocatoria-representantes-do-pessoal-docente\/\">Convocat\u00f3ria &#8211; REPRESENTANTES DO PESSOAL DOCENTE<\/a><\/li>\n\t\t<li class=\"wsp-post\"><a href=\"https:\/\/blogs.ess-edu.pt\/cgt\/2010\/01\/27\/convocatoria-representantes-do-pessoal-nao-docente\/\">Convocat\u00f3ria &#8211; REPRESENTANTES DO PESSOAL N\u00c3O DOCENTE<\/a><\/li>\n\t\t<li class=\"wsp-post\"><a href=\"https:\/\/blogs.ess-edu.pt\/cgt\/2010\/01\/27\/convocatoria-representantes-dos-alunos-do-ensino-secundario\/\">Convocat\u00f3ria &#8211; REPRESENTANTES DOS ALUNOS DO ENSINO SECUND\u00c1RIO<\/a><\/li>\n<\/ul><\/li>\n\t<li><strong class=\"wsp-category-title\">Category: <a href=\"https:\/\/blogs.ess-edu.pt\/cgt\/?dlm_download_category=projecto-educativo\">Projecto Educativo<\/a><\/strong>\n<ul class=\"wsp-posts-list\">\t\t<li class=\"wsp-post\"><a href=\"https:\/\/blogs.ess-edu.pt\/cgt\/2009\/02\/28\/aprovacao-do-projecto-educativo-200809\/\">Aprova\u00e7\u00e3o do Projecto Educativo 2008\/09<\/a><\/li>\n\t\t<li class=\"wsp-post\"><a href=\"https:\/\/blogs.ess-edu.pt\/cgt\/2008\/12\/13\/projecto-educativo-200809\/\">Projecto Educativo 2008\/09<\/a><\/li>\n<\/ul><\/li>\n\t<li><strong class=\"wsp-category-title\">Category: <a href=\"https:\/\/blogs.ess-edu.pt\/cgt\/category\/regimento\/\">Regimento<\/a><\/strong>\n<ul class=\"wsp-posts-list\">\t\t<li class=\"wsp-post\"><a href=\"https:\/\/blogs.ess-edu.pt\/cgt\/2009\/01\/15\/regimento-do-conselho-geral-transitorio-proposta\/\">Regimento do Conselho Geral Transit\u00f3rio &#8211; Proposta<\/a><\/li>\n<\/ul><\/li>\n\t<li><strong class=\"wsp-category-title\">Category: <a href=\"https:\/\/blogs.ess-edu.pt\/cgt\/?dlm_download_category=regulamento-interno\">Regulamento Interno<\/a><\/strong>\n<ul class=\"wsp-posts-list\">\t\t<li class=\"wsp-post\"><a href=\"https:\/\/blogs.ess-edu.pt\/cgt\/2008\/12\/12\/elaboracao-e-aprovacao-do-regulamento-interno\/\">Elabora\u00e7\u00e3o e aprova\u00e7\u00e3o do Regulamento Interno<\/a><\/li>\n<\/ul><\/li>\n\t<li><strong class=\"wsp-category-title\">Category: <a href=\"https:\/\/blogs.ess-edu.pt\/cgt\/category\/sem-categoria\/\">Sem categoria<\/a><\/strong>\n<ul class=\"wsp-posts-list\">\t\t<li class=\"wsp-post\"><a href=\"https:\/\/blogs.ess-edu.pt\/cgt\/2010\/03\/24\/recrutamento-do-director-projectos-de-intervencao-no-aves\/\">Recrutamento do Director: Projectos de Interven\u00e7\u00e3o<\/a><\/li>\n\t\t<li class=\"wsp-post\"><a href=\"https:\/\/blogs.ess-edu.pt\/cgt\/2008\/11\/26\/ola-mundo-2\/\">Bem-vindo!<\/a><\/li>\n<\/ul><\/li>\n<\/ul>\n<h2 class=\"wsp-dlm_download_categorys-title\">Download Categories<\/h2>\n<ul class=\"wsp-dlm_download_categorys-list\">\n<li><a href=\"https:\/\/blogs.ess-edu.pt\/cgt\/?dlm_download_category=projecto-educativo\">Projecto Educativo<\/a><\/li>\n<li><a href=\"https:\/\/blogs.ess-edu.pt\/cgt\/?dlm_download_category=regulamento-interno\">Regulamento Interno<\/a><\/li>\n<\/ul>\n<h2 class=\"wsp-dlm_download_tags-title\">Download Tags<\/h2>\n<ul class=\"wsp-dlm_download_tags-list\">\n<li><a href=\"https:\/\/blogs.ess-edu.pt\/cgt\/tag\/ri\/\">RI<\/a><\/li>\n<\/ul>\n<\/div>\n","protected":false},"excerpt":{"rendered":"<p>Pages Acerca Arquivo Downloads Legisla\u00e7\u00e3o Mapa do S\u00edtio Posts by category Category: Avisos Proposta &#8211; REGULAMENTO ELEITORAL PARA A ELEI\u00c7\u00c3O DO CONSELHO GERAL Convocat\u00f3ria &#8211; REPRESENTANTES DO PESSOAL DOCENTE Convocat\u00f3ria &#8211; REPRESENTANTES DO PESSOAL N\u00c3O DOCENTE Convocat\u00f3ria &#8211; REPRESENTANTES DOS ALUNOS DO ENSINO SECUND\u00c1RIO Category: Projecto Educativo Aprova\u00e7\u00e3o do Projecto Educativo 2008\/09 Projecto Educativo 2008\/09 Category: Regimento<br \/>\n\t\tRegimento do Conselho Geral Transit\u00f3rio &#8211; Proposta<\/p>\n<p>\tCategory: Regulamento Interno<br \/>\n\t\tElabora\u00e7\u00e3o e aprova\u00e7\u00e3o do Regulamento Interno<\/p>\n<p>\tCategory: Sem categoria<br \/>\n\t\tRecrutamento do Director: Projectos de Interven\u00e7\u00e3o<br \/>\n\t\tBem-vindo!<\/p>\n<p>Download Categories<\/p>\n<p>Projecto Educativo<br \/>\nRegulamento Interno<\/p>\n<p>Download Tags<\/p>\n<p>RI<\/p>\n","protected":false},"author":1,"featured_media":0,"parent":0,"menu_order":0,"comment_status":"open","ping_status":"open","template":"","meta":{"jetpack_post_was_ever_published":false,"footnotes":""},"class_list":["post-30","page","type-page","status-publish","hentry","odd"],"jetpack_sharing_enabled":true,"jetpack_shortlink":"https:\/\/wp.me\/Pauo0b-u","jetpack-related-posts":[],"_links":{"self":[{"href":"https:\/\/blogs.ess-edu.pt\/cgt\/wp-json\/wp\/v2\/pages\/30","targetHints":{"allow":["GET"]}}],"collection":[{"href":"https:\/\/blogs.ess-edu.pt\/cgt\/wp-json\/wp\/v2\/pages"}],"about":[{"href":"https:\/\/blogs.ess-edu.pt\/cgt\/wp-json\/wp\/v2\/types\/page"}],"author":[{"embeddable":true,"href":"https:\/\/blogs.ess-edu.pt\/cgt\/wp-json\/wp\/v2\/users\/1"}],"replies":[{"embeddable":true,"href":"https:\/\/blogs.ess-edu.pt\/cgt\/wp-json\/wp\/v2\/comments?post=30"}],"version-history":[{"count":0,"href":"https:\/\/blogs.ess-edu.pt\/cgt\/wp-json\/wp\/v2\/pages\/30\/revisions"}],"wp:attachment":[{"href":"https:\/\/blogs.ess-edu.pt\/cgt\/wp-json\/wp\/v2\/media?parent=30"}],"curies":[{"name":"wp","href":"https:\/\/api.w.org\/{rel}","templated":true}]}}