{"id":20,"date":"2008-03-17T03:37:20","date_gmt":"2008-03-17T02:37:20","guid":{"rendered":"http:\/\/blogs.ess-edu.pt\/cop\/mapa-do-sitio\/"},"modified":"2024-05-30T03:20:06","modified_gmt":"2024-05-30T03:20:06","slug":"mapa-do-sitio","status":"publish","type":"page","link":"https:\/\/blogs.ess-edu.pt\/cop\/mapa-do-sitio\/","title":{"rendered":"Mapa do S\u00edtio"},"content":{"rendered":"<div class=\"wsp-container\"><h2 class=\"wsp-pages-title\">Pages<\/h2>\n<ul class=\"wsp-pages-list\">\n<li class=\"page_item page-item-2\"><a href=\"https:\/\/blogs.ess-edu.pt\/cop\/acerca\/\">Acerca<\/a><\/li>\n<li class=\"page_item page-item-20\"><a href=\"https:\/\/blogs.ess-edu.pt\/cop\/mapa-do-sitio\/\">Mapa do S\u00edtio<\/a><\/li>\n<\/ul>\n<h2 class=\"wsp-posts-title\">Posts by category<\/h2>\n<ul class=\"wsp-posts-list\">\n\t<li><strong class=\"wsp-category-title\">Category: <a href=\"https:\/\/blogs.ess-edu.pt\/cop\/category\/caminhadas\/\">Caminhadas<\/a><\/strong>\n<ul class=\"wsp-posts-list\">\t\t<li class=\"wsp-post\"><a href=\"https:\/\/blogs.ess-edu.pt\/cop\/2007\/06\/14\/caminhada-de-final-do-ano-lectivo\/\">Caminhada de final do ano lectivo<\/a><\/li>\n<\/ul><\/li>\n\t<li><strong class=\"wsp-category-title\">Category: <a href=\"https:\/\/blogs.ess-edu.pt\/cop\/category\/comunicacao-e-a-orientacao-dos-animais\/\">Comunica\u00e7\u00e3o e a Orienta\u00e7\u00e3o dos Animais<\/a><\/strong>\n<ul class=\"wsp-posts-list\">\t\t<li class=\"wsp-post\"><a href=\"https:\/\/blogs.ess-edu.pt\/cop\/2009\/01\/26\/comunicacao-e-a-orientacao-das-abelhas\/\">Comunica\u00e7\u00e3o e a Orienta\u00e7\u00e3o das Abelhas<\/a><\/li>\n<\/ul><\/li>\n\t<li><strong class=\"wsp-category-title\">Category: <a href=\"https:\/\/blogs.ess-edu.pt\/cop\/category\/marchas\/\">Marchas<\/a><\/strong>\n<ul class=\"wsp-posts-list\">\t\t<li class=\"wsp-post\"><a href=\"https:\/\/blogs.ess-edu.pt\/cop\/2008\/05\/02\/corrida-do-coelho\/\">Corrida do Coelho<\/a><\/li>\n\t\t<li class=\"wsp-post\"><a href=\"https:\/\/blogs.ess-edu.pt\/cop\/2007\/10\/12\/11\/\">Marcha dos veteranos<\/a><\/li>\n\t\t<li class=\"wsp-post\"><a href=\"https:\/\/blogs.ess-edu.pt\/cop\/2007\/06\/12\/marcha-juvenil\/\">Marcha Juvenil<\/a><\/li>\n\t\t<li class=\"wsp-post\"><a href=\"https:\/\/blogs.ess-edu.pt\/cop\/2007\/04\/27\/iv-marcha-do-sabugueiro-em-flor\/\">IV Marcha do Sabugueiro em Flor<\/a><\/li>\n<\/ul><\/li>\n\t<li><strong class=\"wsp-category-title\">Category: <a href=\"https:\/\/blogs.ess-edu.pt\/cop\/category\/rotas\/\">Rotas<\/a><\/strong>\n<ul class=\"wsp-posts-list\">\t\t<li class=\"wsp-post\"><a href=\"https:\/\/blogs.ess-edu.pt\/cop\/2007\/10\/22\/rota-da-castanha\/\">Rota da castanha<\/a><\/li>\n\t\t<li class=\"wsp-post\"><a href=\"https:\/\/blogs.ess-edu.pt\/cop\/2007\/06\/05\/8\/\">Rota do Balsem\u00e3o<\/a><\/li>\n\t\t<li class=\"wsp-post\"><a href=\"https:\/\/blogs.ess-edu.pt\/cop\/2007\/05\/11\/rota-aldeias-perdidas\/\">Rota aldeias perdidas<\/a><\/li>\n\t\t<li class=\"wsp-post\"><a href=\"https:\/\/blogs.ess-edu.pt\/cop\/2007\/05\/10\/rota-del-rei-60507\/\">rota d&#8217;el rei 6\/05\/07<\/a><\/li>\n<\/ul><\/li>\n\t<li><strong class=\"wsp-category-title\">Category: <a href=\"https:\/\/blogs.ess-edu.pt\/cop\/category\/sem-categoria\/\">Sem categoria<\/a><\/strong>\n<ul class=\"wsp-posts-list\">\t\t<li class=\"wsp-post\"><a href=\"https:\/\/blogs.ess-edu.pt\/cop\/2009\/05\/11\/4%c2%aa-mini-e-meia-maratona-do-douro-vinhateiro\/\">4\u00aa Mini e Meia Maratona do Douro Vinhateiro<\/a><\/li>\n\t\t<li class=\"wsp-post\"><a href=\"https:\/\/blogs.ess-edu.pt\/cop\/2009\/01\/26\/o-que-e-o-clube-de-orientacao-e-pedestrianismo-cop\/\">O Que \u00e9 o Clube de Orienta\u00e7\u00e3o e Pedestrianismo (COP)<\/a><\/li>\n\t\t<li class=\"wsp-post\"><a href=\"https:\/\/blogs.ess-edu.pt\/cop\/2008\/05\/06\/algumas-fotos\/\">Algumas fotos<\/a><\/li>\n\t\t<li class=\"wsp-post\"><a href=\"https:\/\/blogs.ess-edu.pt\/cop\/2008\/03\/17\/percurso-pedestre-pela-cidade\/\">Percurso pedestre pela cidade<\/a><\/li>\n\t\t<li class=\"wsp-post\"><a href=\"https:\/\/blogs.ess-edu.pt\/cop\/2007\/05\/04\/urso-polar\/\">Urso polar<\/a><\/li>\n\t\t<li class=\"wsp-post\"><a href=\"https:\/\/blogs.ess-edu.pt\/cop\/2007\/04\/24\/clube-de-orientacao\/\">Clube de orienta\u00e7\u00e3o<\/a><\/li>\n<\/ul><\/li>\n<\/ul>\n<\/div>\n","protected":false},"excerpt":{"rendered":"<p>Pages Acerca Mapa do S\u00edtio Posts by category Category: Caminhadas Caminhada de final do ano lectivo Category: Comunica\u00e7\u00e3o e a Orienta\u00e7\u00e3o dos Animais Comunica\u00e7\u00e3o e a Orienta\u00e7\u00e3o das Abelhas Category: Marchas Corrida do Coelho Marcha dos veteranos Marcha Juvenil IV Marcha do Sabugueiro em Flor Category: Rotas Rota da castanha Rota do Balsem\u00e3o Rota aldeias perdidas<br \/>\n\t\trota d&#8217;el rei 6\/05\/07<\/p>\n<p>\tCategory: Sem categoria<br \/>\n\t\t4\u00aa Mini e Meia Maratona do Douro Vinhateiro<br \/>\n\t\tO Que \u00e9 o Clube de Orienta\u00e7\u00e3o e Pedestrianismo (COP)<br \/>\n\t\tAlgumas fotos<br \/>\n\t\tPercurso pedestre pela cidade<br \/>\n\t\tUrso polar<br \/>\n\t\tClube de orienta\u00e7\u00e3o<\/p>\n","protected":false},"author":4,"featured_media":0,"parent":0,"menu_order":0,"comment_status":"open","ping_status":"open","template":"","meta":{"jetpack_post_was_ever_published":false,"footnotes":""},"class_list":["post-20","page","type-page","status-publish","hentry","odd"],"jetpack_sharing_enabled":true,"jetpack_shortlink":"https:\/\/wp.me\/PaunGy-k","jetpack-related-posts":[],"_links":{"self":[{"href":"https:\/\/blogs.ess-edu.pt\/cop\/wp-json\/wp\/v2\/pages\/20","targetHints":{"allow":["GET"]}}],"collection":[{"href":"https:\/\/blogs.ess-edu.pt\/cop\/wp-json\/wp\/v2\/pages"}],"about":[{"href":"https:\/\/blogs.ess-edu.pt\/cop\/wp-json\/wp\/v2\/types\/page"}],"author":[{"embeddable":true,"href":"https:\/\/blogs.ess-edu.pt\/cop\/wp-json\/wp\/v2\/users\/4"}],"replies":[{"embeddable":true,"href":"https:\/\/blogs.ess-edu.pt\/cop\/wp-json\/wp\/v2\/comments?post=20"}],"version-history":[{"count":0,"href":"https:\/\/blogs.ess-edu.pt\/cop\/wp-json\/wp\/v2\/pages\/20\/revisions"}],"wp:attachment":[{"href":"https:\/\/blogs.ess-edu.pt\/cop\/wp-json\/wp\/v2\/media?parent=20"}],"curies":[{"name":"wp","href":"https:\/\/api.w.org\/{rel}","templated":true}]}}