{"id":165,"date":"2024-05-30T14:33:41","date_gmt":"2024-05-30T14:33:41","guid":{"rendered":"https:\/\/blogs.ess-edu.pt\/cpc\/?page_id=165"},"modified":"2024-05-30T14:33:43","modified_gmt":"2024-05-30T14:33:43","slug":"mapa-do-sitio","status":"publish","type":"page","link":"https:\/\/blogs.ess-edu.pt\/cpc\/mapa-do-sitio\/","title":{"rendered":"Mapa do S\u00edtio"},"content":{"rendered":"<div class=\"wsp-container\"><h2 class=\"wsp-pages-title\">Pages<\/h2>\n<ul class=\"wsp-pages-list\">\n<li class=\"page_item page-item-2\"><a href=\"https:\/\/blogs.ess-edu.pt\/cpc\/acerca\/\">Acerca<\/a><\/li>\n<li class=\"page_item page-item-5\"><a href=\"https:\/\/blogs.ess-edu.pt\/cpc\/hbyhuhyu\/\">Arquivos<\/a><\/li>\n<li class=\"page_item page-item-165\"><a href=\"https:\/\/blogs.ess-edu.pt\/cpc\/mapa-do-sitio\/\">Mapa do S\u00edtio<\/a><\/li>\n<\/ul>\n<h2 class=\"wsp-posts-title\">Posts by category<\/h2>\n<ul class=\"wsp-posts-list\">\n\t<li><strong class=\"wsp-category-title\">Category: <a href=\"https:\/\/blogs.ess-edu.pt\/cpc\/category\/sem-categoria\/\">Sem categoria<\/a><\/strong>\n<ul class=\"wsp-posts-list\">\t\t<li class=\"wsp-post\"><a href=\"https:\/\/blogs.ess-edu.pt\/cpc\/2008\/05\/18\/accoes-de-sensibilizacao-higiene-e-seguranca-no-trabalho\/\">Ac\u00e7\u00f5es de Sensibiliza\u00e7\u00e3o &#8220;Higiene e Seguran\u00e7a no Trabalho&#8221;<\/a><\/li>\n\t\t<li class=\"wsp-post\"><a href=\"https:\/\/blogs.ess-edu.pt\/cpc\/2008\/04\/15\/9\/\">Plano de Evacua\u00e7\u00e3o da Escola<\/a><\/li>\n\t\t<li class=\"wsp-post\"><a href=\"https:\/\/blogs.ess-edu.pt\/cpc\/2008\/03\/03\/accao-de-sensibilizacao-sobre-plano-de-evacuacao\/\">Ac\u00e7\u00e3o de Sensibiliza\u00e7\u00e3o sobre Plano de Evacua\u00e7\u00e3o<\/a><\/li>\n\t\t<li class=\"wsp-post\"><a href=\"https:\/\/blogs.ess-edu.pt\/cpc\/2008\/02\/13\/3\/\">An\u00fancio<\/a><\/li>\n<\/ul><\/li>\n<\/ul>\n<\/div>\n","protected":false},"excerpt":{"rendered":"","protected":false},"author":1,"featured_media":0,"parent":0,"menu_order":0,"comment_status":"closed","ping_status":"closed","template":"","meta":{"jetpack_post_was_ever_published":false,"footnotes":""},"class_list":["post-165","page","type-page","status-publish","hentry"],"jetpack_sharing_enabled":true,"jetpack_shortlink":"https:\/\/wp.me\/PaunGU-2F","jetpack-related-posts":[],"_links":{"self":[{"href":"https:\/\/blogs.ess-edu.pt\/cpc\/wp-json\/wp\/v2\/pages\/165","targetHints":{"allow":["GET"]}}],"collection":[{"href":"https:\/\/blogs.ess-edu.pt\/cpc\/wp-json\/wp\/v2\/pages"}],"about":[{"href":"https:\/\/blogs.ess-edu.pt\/cpc\/wp-json\/wp\/v2\/types\/page"}],"author":[{"embeddable":true,"href":"https:\/\/blogs.ess-edu.pt\/cpc\/wp-json\/wp\/v2\/users\/1"}],"replies":[{"embeddable":true,"href":"https:\/\/blogs.ess-edu.pt\/cpc\/wp-json\/wp\/v2\/comments?post=165"}],"version-history":[{"count":0,"href":"https:\/\/blogs.ess-edu.pt\/cpc\/wp-json\/wp\/v2\/pages\/165\/revisions"}],"wp:attachment":[{"href":"https:\/\/blogs.ess-edu.pt\/cpc\/wp-json\/wp\/v2\/media?parent=165"}],"curies":[{"name":"wp","href":"https:\/\/api.w.org\/{rel}","templated":true}]}}