{"id":2,"date":"2008-02-08T15:50:53","date_gmt":"2008-02-08T14:50:53","guid":{"rendered":""},"modified":"2008-02-17T19:34:26","modified_gmt":"2008-02-17T19:34:26","slug":"acerca","status":"publish","type":"page","link":"https:\/\/blogs.ess-edu.pt\/cpc\/acerca\/","title":{"rendered":"Acerca"},"content":{"rendered":"<p><strong>Bem-vindo ao Blog do Clube de Protec\u00e7\u00e3o Civil.<\/strong><\/p>\n<p>Este blogue est\u00e1 a ser constru\u00eddo pelo Clube de Protec\u00e7\u00e3o Civil do Agrupamento Vertical de Escolas da S\u00e9 &#8211; Lamego.<\/p>\n<p>Contamos com a colabora\u00e7\u00e3o de todos para que este espa\u00e7o possa ser dinamizado e enriquecido com as propostas que acharem convenientes.<\/p>\n<p>Podem come\u00e7ar por idicar os temas que gostariam de ver tratados ou actividades onde gostariam de participar.<\/p>\n","protected":false},"excerpt":{"rendered":"<p>Bem-vindo ao Blog do Clube de Protec\u00e7\u00e3o Civil. Este blogue est\u00e1 a ser constru\u00eddo pelo Clube de Protec\u00e7\u00e3o Civil do Agrupamento Vertical de Escolas da S\u00e9 &#8211; Lamego. Contamos com a colabora\u00e7\u00e3o de todos para que este espa\u00e7o possa ser dinamizado e enriquecido com as propostas que acharem convenientes. Podem come\u00e7ar por idicar os temas [&hellip;]<\/p>\n","protected":false},"author":6,"featured_media":0,"parent":0,"menu_order":0,"comment_status":"open","ping_status":"open","template":"","meta":{"jetpack_post_was_ever_published":false,"footnotes":""},"class_list":["post-2","page","type-page","status-publish","hentry"],"jetpack_sharing_enabled":true,"jetpack_shortlink":"https:\/\/wp.me\/PaunGU-2","jetpack-related-posts":[],"_links":{"self":[{"href":"https:\/\/blogs.ess-edu.pt\/cpc\/wp-json\/wp\/v2\/pages\/2","targetHints":{"allow":["GET"]}}],"collection":[{"href":"https:\/\/blogs.ess-edu.pt\/cpc\/wp-json\/wp\/v2\/pages"}],"about":[{"href":"https:\/\/blogs.ess-edu.pt\/cpc\/wp-json\/wp\/v2\/types\/page"}],"author":[{"embeddable":true,"href":"https:\/\/blogs.ess-edu.pt\/cpc\/wp-json\/wp\/v2\/users\/6"}],"replies":[{"embeddable":true,"href":"https:\/\/blogs.ess-edu.pt\/cpc\/wp-json\/wp\/v2\/comments?post=2"}],"version-history":[{"count":0,"href":"https:\/\/blogs.ess-edu.pt\/cpc\/wp-json\/wp\/v2\/pages\/2\/revisions"}],"wp:attachment":[{"href":"https:\/\/blogs.ess-edu.pt\/cpc\/wp-json\/wp\/v2\/media?parent=2"}],"curies":[{"name":"wp","href":"https:\/\/api.w.org\/{rel}","templated":true}]}}