{"id":21,"date":"2008-04-03T22:00:35","date_gmt":"2008-04-03T22:00:35","guid":{"rendered":"http:\/\/blogs.ess-edu.pt\/eb1vabrunhais\/mapa-do-sitio\/"},"modified":"2024-05-30T01:17:49","modified_gmt":"2024-05-30T01:17:49","slug":"mapa-do-sitio","status":"publish","type":"page","link":"https:\/\/blogs.ess-edu.pt\/eb1vabrunhais\/mapa-do-sitio\/","title":{"rendered":"Mapa do S\u00edtio"},"content":{"rendered":"<div class=\"wsp-container\"><h2 class=\"wsp-pages-title\">Pages<\/h2>\n<ul class=\"wsp-pages-list\">\n<li class=\"page_item page-item-2\"><a href=\"https:\/\/blogs.ess-edu.pt\/eb1vabrunhais\/acerca\/\">Acerca<\/a><\/li>\n<li class=\"page_item page-item-72\"><a href=\"https:\/\/blogs.ess-edu.pt\/eb1vabrunhais\/arquivo\/\">Arquivo<\/a><\/li>\n<li class=\"page_item page-item-21\"><a href=\"https:\/\/blogs.ess-edu.pt\/eb1vabrunhais\/mapa-do-sitio\/\">Mapa do S\u00edtio<\/a><\/li>\n<\/ul>\n<h2 class=\"wsp-posts-title\">Posts by category<\/h2>\n<ul class=\"wsp-posts-list\">\n\t<li><strong class=\"wsp-category-title\">Category: <a href=\"https:\/\/blogs.ess-edu.pt\/eb1vabrunhais\/category\/sem-categoria\/\">Sem categoria<\/a><\/strong>\n<ul class=\"wsp-posts-list\">\t\t<li class=\"wsp-post\"><a href=\"https:\/\/blogs.ess-edu.pt\/eb1vabrunhais\/2011\/12\/13\/reciclar-para-ganhar\/\">Reciclar para Ganhar<\/a><\/li>\n\t\t<li class=\"wsp-post\"><a href=\"https:\/\/blogs.ess-edu.pt\/eb1vabrunhais\/2011\/12\/04\/decomposicao-de-numeros\/\">Decomposi\u00e7\u00e3o de n\u00fameros<\/a><\/li>\n\t\t<li class=\"wsp-post\"><a href=\"https:\/\/blogs.ess-edu.pt\/eb1vabrunhais\/2011\/11\/28\/desafio-matematico\/\">Desafio Matem\u00e1tico<\/a><\/li>\n\t\t<li class=\"wsp-post\"><a href=\"https:\/\/blogs.ess-edu.pt\/eb1vabrunhais\/2011\/11\/22\/pela-paz-nas-escolas-2\/\">Pela paz nas ESCOLAS<\/a><\/li>\n\t\t<li class=\"wsp-post\"><a href=\"https:\/\/blogs.ess-edu.pt\/eb1vabrunhais\/2011\/11\/15\/o-magusto-2\/\">O Magusto<\/a><\/li>\n\t\t<li class=\"wsp-post\"><a href=\"https:\/\/blogs.ess-edu.pt\/eb1vabrunhais\/2011\/10\/31\/o-dia-das-bruxas\/\">O dia das Bruxas<\/a><\/li>\n\t\t<li class=\"wsp-post\"><a href=\"https:\/\/blogs.ess-edu.pt\/eb1vabrunhais\/2011\/10\/16\/dia-da-alimentacao\/\">Dia da Alimenta\u00e7\u00e3o<\/a><\/li>\n\t\t<li class=\"wsp-post\"><a href=\"https:\/\/blogs.ess-edu.pt\/eb1vabrunhais\/2011\/10\/16\/dia-da-erradicacao-da-pobreza\/\">Dia da Erradica\u00e7\u00e3o da Pobreza<\/a><\/li>\n\t\t<li class=\"wsp-post\"><a href=\"https:\/\/blogs.ess-edu.pt\/eb1vabrunhais\/2011\/10\/11\/o-outono-chegou\/\">O OUTONO CHEGOU<\/a><\/li>\n\t\t<li class=\"wsp-post\"><a href=\"https:\/\/blogs.ess-edu.pt\/eb1vabrunhais\/2011\/09\/27\/eno-tree-planting-day-peace-is-green-2\/\">ENO TREE PLANTING DAY &#8212; PEACE IS GREEN<\/a><\/li>\n\t\t<li class=\"wsp-post\"><a href=\"https:\/\/blogs.ess-edu.pt\/eb1vabrunhais\/2011\/07\/03\/cartas-de-finalistas\/\">Cartas de Finalistas 4\u00baanoC<\/a><\/li>\n\t\t<li class=\"wsp-post\"><a href=\"https:\/\/blogs.ess-edu.pt\/eb1vabrunhais\/2011\/06\/12\/cada-aluno-uma-surpresa\/\">Cada aluno uma surpresa&#8230;<\/a><\/li>\n\t\t<li class=\"wsp-post\"><a href=\"https:\/\/blogs.ess-edu.pt\/eb1vabrunhais\/2011\/06\/03\/a-fada-oriana\/\">A Fada Oriana<\/a><\/li>\n\t\t<li class=\"wsp-post\"><a href=\"https:\/\/blogs.ess-edu.pt\/eb1vabrunhais\/2011\/06\/01\/dia-da-crianca\/\">Dia da Crian\u00e7a<\/a><\/li>\n\t\t<li class=\"wsp-post\"><a href=\"https:\/\/blogs.ess-edu.pt\/eb1vabrunhais\/2011\/06\/01\/1%c2%ba-pedipaper\/\">1\u00ba PEDIPAPER<\/a><\/li>\n\t\t<li class=\"wsp-post\"><a href=\"https:\/\/blogs.ess-edu.pt\/eb1vabrunhais\/2011\/05\/12\/o-dia-da-poesia-cont\/\">O dia da Poesia (Cont)<\/a><\/li>\n\t\t<li class=\"wsp-post\"><a href=\"https:\/\/blogs.ess-edu.pt\/eb1vabrunhais\/2011\/05\/11\/partilha-de-saberes\/\">Partilha de saberes<\/a><\/li>\n\t\t<li class=\"wsp-post\"><a href=\"https:\/\/blogs.ess-edu.pt\/eb1vabrunhais\/2011\/05\/06\/dia-da-mae-2\/\">Dia da M\u00e3e<\/a><\/li>\n\t\t<li class=\"wsp-post\"><a href=\"https:\/\/blogs.ess-edu.pt\/eb1vabrunhais\/2011\/05\/05\/o-dia-da-poesia\/\">O dia da Poesia<\/a><\/li>\n\t\t<li class=\"wsp-post\"><a href=\"https:\/\/blogs.ess-edu.pt\/eb1vabrunhais\/2011\/04\/23\/a-pascoa-2\/\">A P\u00e1scoa<\/a><\/li>\n\t\t<li class=\"wsp-post\"><a href=\"https:\/\/blogs.ess-edu.pt\/eb1vabrunhais\/2011\/04\/23\/a-partilha-de-saberes-com-o-pre-escolar\/\">A Partilha de saberes com o Pr\u00e9-Escolar<\/a><\/li>\n\t\t<li class=\"wsp-post\"><a href=\"https:\/\/blogs.ess-edu.pt\/eb1vabrunhais\/2011\/04\/03\/a-ovelhinha-que-veio-para-jantar\/\">A Ovelhinha que veio para jantar<\/a><\/li>\n\t\t<li class=\"wsp-post\"><a href=\"https:\/\/blogs.ess-edu.pt\/eb1vabrunhais\/2011\/04\/01\/a-nossa-sala\/\">A Nossa Sala<\/a><\/li>\n\t\t<li class=\"wsp-post\"><a href=\"https:\/\/blogs.ess-edu.pt\/eb1vabrunhais\/2011\/03\/22\/dia-da-poesia-o-mar\/\">DIA DA POESIA &#8220;O MAR&#8221;<\/a><\/li>\n\t\t<li class=\"wsp-post\"><a href=\"https:\/\/blogs.ess-edu.pt\/eb1vabrunhais\/2011\/03\/20\/vii-encontro-luso-espanhol\/\">VII Encontro Luso Espanhol<\/a><\/li>\n\t\t<li class=\"wsp-post\"><a href=\"https:\/\/blogs.ess-edu.pt\/eb1vabrunhais\/2011\/03\/12\/carnaval1\/\">Carnaval1<\/a><\/li>\n\t\t<li class=\"wsp-post\"><a href=\"https:\/\/blogs.ess-edu.pt\/eb1vabrunhais\/2011\/03\/12\/o-carnaval-2\/\">O CARNAVAL<\/a><\/li>\n\t\t<li class=\"wsp-post\"><a href=\"https:\/\/blogs.ess-edu.pt\/eb1vabrunhais\/2011\/03\/11\/dia-do-pai-2\/\">Dia do Pai<\/a><\/li>\n\t\t<li class=\"wsp-post\"><a href=\"https:\/\/blogs.ess-edu.pt\/eb1vabrunhais\/2011\/02\/10\/o-dia-intrenacional-de-braille\/\">O dia Intrenacional de Braille<\/a><\/li>\n\t\t<li class=\"wsp-post\"><a href=\"https:\/\/blogs.ess-edu.pt\/eb1vabrunhais\/2011\/02\/10\/o-mel\/\">O MEL<\/a><\/li>\n\t\t<li class=\"wsp-post\"><a href=\"https:\/\/blogs.ess-edu.pt\/eb1vabrunhais\/2011\/01\/07\/o-nosso-natal-2\/\">O NOSSO NATAL<\/a><\/li>\n\t\t<li class=\"wsp-post\"><a href=\"https:\/\/blogs.ess-edu.pt\/eb1vabrunhais\/2011\/01\/07\/a-cidade-dos-solidos\/\">A cidade dos s\u00f3lidos<\/a><\/li>\n\t\t<li class=\"wsp-post\"><a href=\"https:\/\/blogs.ess-edu.pt\/eb1vabrunhais\/2011\/01\/07\/a-numeracao-romana\/\">A N\u00famera\u00e7\u00e3o Romana<\/a><\/li>\n\t\t<li class=\"wsp-post\"><a href=\"https:\/\/blogs.ess-edu.pt\/eb1vabrunhais\/2011\/01\/07\/lingua-gestual\/\">L\u00cdngua Gestual<\/a><\/li>\n\t\t<li class=\"wsp-post\"><a href=\"https:\/\/blogs.ess-edu.pt\/eb1vabrunhais\/2011\/01\/07\/o-dia-de-s-martinho-2\/\">O dia de S. Martinho<\/a><\/li>\n\t\t<li class=\"wsp-post\"><a href=\"https:\/\/blogs.ess-edu.pt\/eb1vabrunhais\/2010\/12\/15\/as-cores-2\/\">As Cores<\/a><\/li>\n\t\t<li class=\"wsp-post\"><a href=\"https:\/\/blogs.ess-edu.pt\/eb1vabrunhais\/2010\/12\/03\/dia-internacional-das-pessoas-portadoras-de-deficiencia\/\">Dia internacional das pessoas portadoras de defici\u00eancia<\/a><\/li>\n\t\t<li class=\"wsp-post\"><a href=\"https:\/\/blogs.ess-edu.pt\/eb1vabrunhais\/2010\/11\/24\/o-esqueleto\/\">O Esqueleto<\/a><\/li>\n\t\t<li class=\"wsp-post\"><a href=\"https:\/\/blogs.ess-edu.pt\/eb1vabrunhais\/2010\/11\/20\/a-nova-escola-vista-por-nos\/\">A Nova Escola Vista por N\u00f3s<\/a><\/li>\n\t\t<li class=\"wsp-post\"><a href=\"https:\/\/blogs.ess-edu.pt\/eb1vabrunhais\/2010\/11\/16\/dia-do-alloween\/\">Dia do Alloween<\/a><\/li>\n\t\t<li class=\"wsp-post\"><a href=\"https:\/\/blogs.ess-edu.pt\/eb1vabrunhais\/2010\/11\/12\/o-magusto\/\">O Magusto<\/a><\/li>\n\t\t<li class=\"wsp-post\"><a href=\"https:\/\/blogs.ess-edu.pt\/eb1vabrunhais\/2010\/10\/20\/o-dia-da-musica\/\">O Dia da M\u00fasica<\/a><\/li>\n\t\t<li class=\"wsp-post\"><a href=\"https:\/\/blogs.ess-edu.pt\/eb1vabrunhais\/2010\/10\/08\/como-estudamos-o-sistema-digestivo\/\">O Sistema digestivo 3\u00baano TC Centro Escolar de Lamego- Sudeste<\/a><\/li>\n\t\t<li class=\"wsp-post\"><a href=\"https:\/\/blogs.ess-edu.pt\/eb1vabrunhais\/2010\/09\/28\/335\/\">Eno Tree Planting Day, 21 de Setembro de 2010<\/a><\/li>\n\t\t<li class=\"wsp-post\"><a href=\"https:\/\/blogs.ess-edu.pt\/eb1vabrunhais\/2010\/09\/14\/animacao-do-regresso-as-aulas\/\">Anima\u00e7\u00e3o do Regresso \u00e0s Aulas<\/a><\/li>\n\t\t<li class=\"wsp-post\"><a href=\"https:\/\/blogs.ess-edu.pt\/eb1vabrunhais\/2010\/09\/14\/education-around-the-world\/\">Education around the World<\/a><\/li>\n\t\t<li class=\"wsp-post\"><a href=\"https:\/\/blogs.ess-edu.pt\/eb1vabrunhais\/2010\/08\/02\/salve-o-planeta\/\">Salve o Planeta<\/a><\/li>\n\t\t<li class=\"wsp-post\"><a href=\"https:\/\/blogs.ess-edu.pt\/eb1vabrunhais\/2010\/07\/21\/final-do-ano-20092010\/\">FINAL do ANO 2009\/2010 V\u00e1rzea de Abrunhais<\/a><\/li>\n\t\t<li class=\"wsp-post\"><a href=\"https:\/\/blogs.ess-edu.pt\/eb1vabrunhais\/2010\/06\/23\/microsoft-surface-touchscreen-futurista\/\">Microsoft Surface  &#8211; Touchscreen  &#8220;futurista&#8221;<\/a><\/li>\n\t\t<li class=\"wsp-post\"><a href=\"https:\/\/blogs.ess-edu.pt\/eb1vabrunhais\/2010\/06\/23\/um-dia-como-oradoras\/\">Um dia como&#8221; ORADORAS&#8230;..&#8221;<\/a><\/li>\n\t\t<li class=\"wsp-post\"><a href=\"https:\/\/blogs.ess-edu.pt\/eb1vabrunhais\/2010\/06\/23\/na-microsoft\/\">Na Microsoft<\/a><\/li>\n\t\t<li class=\"wsp-post\"><a href=\"https:\/\/blogs.ess-edu.pt\/eb1vabrunhais\/2010\/06\/18\/a-republica-4\/\">A Rep\u00fablica<\/a><\/li>\n\t\t<li class=\"wsp-post\"><a href=\"https:\/\/blogs.ess-edu.pt\/eb1vabrunhais\/2010\/06\/06\/podcast-o-lobo-culto\/\">PODCAST &#8220;O LOBO CULTO&#8221;<\/a><\/li>\n\t\t<li class=\"wsp-post\"><a href=\"https:\/\/blogs.ess-edu.pt\/eb1vabrunhais\/2010\/06\/06\/293\/\">Poesia<\/a><\/li>\n\t\t<li class=\"wsp-post\"><a href=\"https:\/\/blogs.ess-edu.pt\/eb1vabrunhais\/2010\/06\/06\/poesia-2\/\">poesia<\/a><\/li>\n\t\t<li class=\"wsp-post\"><a href=\"https:\/\/blogs.ess-edu.pt\/eb1vabrunhais\/2010\/06\/06\/poesia\/\">Poesias<\/a><\/li>\n\t\t<li class=\"wsp-post\"><a href=\"https:\/\/blogs.ess-edu.pt\/eb1vabrunhais\/2010\/06\/06\/salve-a-aguamalta\/\">Salve a \u00e1gua (Malta)<\/a><\/li>\n\t\t<li class=\"wsp-post\"><a href=\"https:\/\/blogs.ess-edu.pt\/eb1vabrunhais\/2010\/06\/06\/participacao-na-qualific-2010\/\">Participa\u00e7\u00e3o na Qualific@ 2010<\/a><\/li>\n\t\t<li class=\"wsp-post\"><a href=\"https:\/\/blogs.ess-edu.pt\/eb1vabrunhais\/2010\/05\/24\/portugal-dos-pequenitos-visita-de-estudo\/\">Portugal dos Pequenitos -Visita de Estudo<\/a><\/li>\n\t\t<li class=\"wsp-post\"><a href=\"https:\/\/blogs.ess-edu.pt\/eb1vabrunhais\/2010\/05\/01\/dia-da-mae\/\">Dia da M\u00e3e<\/a><\/li>\n\t\t<li class=\"wsp-post\"><a href=\"https:\/\/blogs.ess-edu.pt\/eb1vabrunhais\/2010\/05\/01\/historia-de-um-dia-de-abril\/\">Hist\u00f3ria de um dia de Abril<\/a><\/li>\n\t\t<li class=\"wsp-post\"><a href=\"https:\/\/blogs.ess-edu.pt\/eb1vabrunhais\/2010\/04\/09\/a-republica-2\/\">A R\u00e9publica 2<\/a><\/li>\n\t\t<li class=\"wsp-post\"><a href=\"https:\/\/blogs.ess-edu.pt\/eb1vabrunhais\/2010\/04\/09\/a-republica\/\">A R\u00e9publica<\/a><\/li>\n\t\t<li class=\"wsp-post\"><a href=\"https:\/\/blogs.ess-edu.pt\/eb1vabrunhais\/2010\/03\/26\/agua-ouro-do-seculo-xxl\/\">\u00c1gua Ouro do S\u00e9culo XXl<\/a><\/li>\n\t\t<li class=\"wsp-post\"><a href=\"https:\/\/blogs.ess-edu.pt\/eb1vabrunhais\/2010\/03\/25\/247\/\">Nomes a Rimar<\/a><\/li>\n\t\t<li class=\"wsp-post\"><a href=\"https:\/\/blogs.ess-edu.pt\/eb1vabrunhais\/2010\/03\/24\/o-dia-do-pai-2\/\">O dia do PAI<\/a><\/li>\n\t\t<li class=\"wsp-post\"><a href=\"https:\/\/blogs.ess-edu.pt\/eb1vabrunhais\/2010\/03\/23\/dia-do-pai\/\">Dia do PAI<\/a><\/li>\n\t\t<li class=\"wsp-post\"><a href=\"https:\/\/blogs.ess-edu.pt\/eb1vabrunhais\/2010\/03\/13\/o-desfile-das-frutas\/\">O Desfile das Frutas<\/a><\/li>\n\t\t<li class=\"wsp-post\"><a href=\"https:\/\/blogs.ess-edu.pt\/eb1vabrunhais\/2010\/03\/11\/os-livros\/\">OS LIVROS<\/a><\/li>\n\t\t<li class=\"wsp-post\"><a href=\"https:\/\/blogs.ess-edu.pt\/eb1vabrunhais\/2010\/03\/11\/alloween\/\">ALLOWEEN<\/a><\/li>\n\t\t<li class=\"wsp-post\"><a href=\"https:\/\/blogs.ess-edu.pt\/eb1vabrunhais\/2010\/02\/20\/229\/\">CARNAVAL<\/a><\/li>\n\t\t<li class=\"wsp-post\"><a href=\"https:\/\/blogs.ess-edu.pt\/eb1vabrunhais\/2010\/02\/12\/uma-das-escolas-mais-avancadas-do-mundo-e-portuguesa-visao-pt\/\">Uma das escolas mais avan\u00e7adas do mundo \u00e9 portuguesa &#8211; Visao.pt<\/a><\/li>\n\t\t<li class=\"wsp-post\"><a href=\"https:\/\/blogs.ess-edu.pt\/eb1vabrunhais\/2010\/02\/11\/entrevista-tsf\/\">ENTREVISTA TSF<\/a><\/li>\n\t\t<li class=\"wsp-post\"><a href=\"https:\/\/blogs.ess-edu.pt\/eb1vabrunhais\/2010\/02\/10\/eno-climate-change\/\">ENO climate Change 2010<\/a><\/li>\n\t\t<li class=\"wsp-post\"><a href=\"https:\/\/blogs.ess-edu.pt\/eb1vabrunhais\/2010\/02\/05\/209\/\">O Pai Natal e a Matem\u00e1tica<\/a><\/li>\n\t\t<li class=\"wsp-post\"><a href=\"https:\/\/blogs.ess-edu.pt\/eb1vabrunhais\/2010\/01\/24\/pais-escola-portuguesa-considerada-pela-microsoft-uma-das-escolas-tecnologicamente-mais-inovadora-do-mundo-rtp-noticias-video\/\">Pa\u00eds &#8211; Escola portuguesa considerada pela Microsoft uma das escolas tecnologicamente mais Inovadora do Mundo &#8211; RTP Not\u00edcias, V\u00eddeo<\/a><\/li>\n\t\t<li class=\"wsp-post\"><a href=\"https:\/\/blogs.ess-edu.pt\/eb1vabrunhais\/2010\/01\/22\/o-rectangulo-e-o-natal\/\">O RECT\u00c2NGULO E O NATAL<\/a><\/li>\n\t\t<li class=\"wsp-post\"><a href=\"https:\/\/blogs.ess-edu.pt\/eb1vabrunhais\/2010\/01\/22\/198\/\">Ajuda a Salvar O MUNDO<\/a><\/li>\n\t\t<li class=\"wsp-post\"><a href=\"https:\/\/blogs.ess-edu.pt\/eb1vabrunhais\/2010\/01\/22\/eno-climate-changhe\/\">ENO climate change<\/a><\/li>\n\t\t<li class=\"wsp-post\"><a href=\"https:\/\/blogs.ess-edu.pt\/eb1vabrunhais\/2010\/01\/22\/eno-climate-change-campaign\/\">ENO CLIMATE CHANGE CAMPAIGN<\/a><\/li>\n\t\t<li class=\"wsp-post\"><a href=\"https:\/\/blogs.ess-edu.pt\/eb1vabrunhais\/2009\/11\/19\/premio-microsoft\/\">Pr\u00e9mio Microsoft<\/a><\/li>\n\t\t<li class=\"wsp-post\"><a href=\"https:\/\/blogs.ess-edu.pt\/eb1vabrunhais\/2009\/11\/05\/o-joao-o-ninho-e-o-magalhaes\/\">O Jo\u00e3o, o ninho e o Magalh\u00e3es<\/a><\/li>\n\t\t<li class=\"wsp-post\"><a href=\"https:\/\/blogs.ess-edu.pt\/eb1vabrunhais\/2009\/10\/23\/a-historia-do-capuchinho-vermelho\/\">A HIST\u00d3RIA DO CAPUCHINHO VERMELHO<\/a><\/li>\n\t\t<li class=\"wsp-post\"><a href=\"https:\/\/blogs.ess-edu.pt\/eb1vabrunhais\/2009\/10\/23\/eno-tree-planting-2\/\">ENO TREE PLANTING<\/a><\/li>\n\t\t<li class=\"wsp-post\"><a href=\"https:\/\/blogs.ess-edu.pt\/eb1vabrunhais\/2009\/10\/23\/o-1%c2%ba-dia-de-outono\/\">O 1.\u00ba dia de Outono<\/a><\/li>\n\t\t<li class=\"wsp-post\"><a href=\"https:\/\/blogs.ess-edu.pt\/eb1vabrunhais\/2009\/10\/16\/programa-das-escolas-inovadoras-promovido-pela-microsoft-a-nivel-internacional-distingue-duas-escolas-de-portugal\/\">Programa das Escolas Inovadoras promovido pela Microsoft a n\u00edvel internacional distingue duas escolas de Portugal<\/a><\/li>\n\t\t<li class=\"wsp-post\"><a href=\"https:\/\/blogs.ess-edu.pt\/eb1vabrunhais\/2009\/09\/15\/eno-tree-planting-day\/\">ENO Tree Planting Day<\/a><\/li>\n\t\t<li class=\"wsp-post\"><a href=\"https:\/\/blogs.ess-edu.pt\/eb1vabrunhais\/2009\/06\/20\/conectando-mundos-2\/\">CONECTANDO MUNDOS<\/a><\/li>\n\t\t<li class=\"wsp-post\"><a href=\"https:\/\/blogs.ess-edu.pt\/eb1vabrunhais\/2009\/06\/16\/5%c2%ba-congresso-de-professores-inovadores-escolas-inovadoras\/\">5.\u00ba Congresso de Professores Inovadores &#8211; Escolas Inovadoras<\/a><\/li>\n\t\t<li class=\"wsp-post\"><a href=\"https:\/\/blogs.ess-edu.pt\/eb1vabrunhais\/2009\/05\/31\/convite\/\">Convite<\/a><\/li>\n\t\t<li class=\"wsp-post\"><a href=\"https:\/\/blogs.ess-edu.pt\/eb1vabrunhais\/2009\/05\/16\/conheca-a-escola-de-varzea\/\">Conhe\u00e7a a Escola de V\u00e1rzea<\/a><\/li>\n\t\t<li class=\"wsp-post\"><a href=\"https:\/\/blogs.ess-edu.pt\/eb1vabrunhais\/2009\/05\/04\/o-ambiente-e-de-todos\/\">O Ambiente \u00e9 de Todos<\/a><\/li>\n\t\t<li class=\"wsp-post\"><a href=\"https:\/\/blogs.ess-edu.pt\/eb1vabrunhais\/2009\/04\/29\/o-cuquedo\/\">O Cuquedo<\/a><\/li>\n\t\t<li class=\"wsp-post\"><a href=\"https:\/\/blogs.ess-edu.pt\/eb1vabrunhais\/2009\/04\/23\/escrita-criativa\/\">Escrita criativa<\/a><\/li>\n\t\t<li class=\"wsp-post\"><a href=\"https:\/\/blogs.ess-edu.pt\/eb1vabrunhais\/2009\/04\/17\/a-borboleta-arco-iris\/\">A Borboleta Arco-\u00cdris<\/a><\/li>\n\t\t<li class=\"wsp-post\"><a href=\"https:\/\/blogs.ess-edu.pt\/eb1vabrunhais\/2009\/04\/03\/dia-da-arvore\/\">DIA da \u00c1RVORE<\/a><\/li>\n\t\t<li class=\"wsp-post\"><a href=\"https:\/\/blogs.ess-edu.pt\/eb1vabrunhais\/2009\/03\/29\/primavera\/\">PRIMAVERA<\/a><\/li>\n\t\t<li class=\"wsp-post\"><a href=\"https:\/\/blogs.ess-edu.pt\/eb1vabrunhais\/2009\/03\/13\/%e2%80%9c-magalhaes-na-escola%e2%80%9d\/\">\u201cMagalh\u00e3es&#8221; na Escola<\/a><\/li>\n\t\t<li class=\"wsp-post\"><a href=\"https:\/\/blogs.ess-edu.pt\/eb1vabrunhais\/2009\/02\/27\/conectando-mundos\/\">Conectando Mundos<\/a><\/li>\n\t\t<li class=\"wsp-post\"><a href=\"https:\/\/blogs.ess-edu.pt\/eb1vabrunhais\/2009\/02\/26\/o-nosso-carnaval\/\">O Nosso CARNAVAL<\/a><\/li>\n\t\t<li class=\"wsp-post\"><a href=\"https:\/\/blogs.ess-edu.pt\/eb1vabrunhais\/2009\/02\/13\/eno-programme\/\">ENO Programme<\/a><\/li>\n\t\t<li class=\"wsp-post\"><a href=\"https:\/\/blogs.ess-edu.pt\/eb1vabrunhais\/2009\/02\/13\/os-reis\/\">Os Reis<\/a><\/li>\n\t\t<li class=\"wsp-post\"><a href=\"https:\/\/blogs.ess-edu.pt\/eb1vabrunhais\/2009\/02\/13\/o-nosso-natal\/\">O Nosso Natal<\/a><\/li>\n\t\t<li class=\"wsp-post\"><a href=\"https:\/\/blogs.ess-edu.pt\/eb1vabrunhais\/2009\/02\/13\/o-magusto-na-minha-escola%e2%80%a6\/\">O magusto na minha escola\u2026<\/a><\/li>\n\t\t<li class=\"wsp-post\"><a href=\"https:\/\/blogs.ess-edu.pt\/eb1vabrunhais\/2008\/10\/19\/entrega-do-livro\/\">Entrega do Livro<\/a><\/li>\n\t\t<li class=\"wsp-post\"><a href=\"https:\/\/blogs.ess-edu.pt\/eb1vabrunhais\/2008\/10\/13\/eno-tree-planting\/\">ENO TREE PLANTING<\/a><\/li>\n\t\t<li class=\"wsp-post\"><a href=\"https:\/\/blogs.ess-edu.pt\/eb1vabrunhais\/2008\/07\/14\/encerramento-do-ano-lectivo\/\">Encerramento do ano lectivo<\/a><\/li>\n\t\t<li class=\"wsp-post\"><a href=\"https:\/\/blogs.ess-edu.pt\/eb1vabrunhais\/2008\/05\/15\/dia-mundial-do-livro\/\">Dia Mundial do Livro<\/a><\/li>\n\t\t<li class=\"wsp-post\"><a href=\"https:\/\/blogs.ess-edu.pt\/eb1vabrunhais\/2008\/05\/12\/dimensao-textual\/\">Dimens\u00e3o Textual<\/a><\/li>\n\t\t<li class=\"wsp-post\"><a href=\"https:\/\/blogs.ess-edu.pt\/eb1vabrunhais\/2008\/05\/05\/25-de-abril\/\">O 25 de Abril<\/a><\/li>\n\t\t<li class=\"wsp-post\"><a href=\"https:\/\/blogs.ess-edu.pt\/eb1vabrunhais\/2008\/04\/29\/a-chuva\/\">A Chuva<\/a><\/li>\n\t\t<li class=\"wsp-post\"><a href=\"https:\/\/blogs.ess-edu.pt\/eb1vabrunhais\/2008\/04\/19\/a-centopeia\/\">A Centopeia<\/a><\/li>\n\t\t<li class=\"wsp-post\"><a href=\"https:\/\/blogs.ess-edu.pt\/eb1vabrunhais\/2008\/04\/14\/a-menina-do-mar\/\">A Menina do Mar<\/a><\/li>\n\t\t<li class=\"wsp-post\"><a href=\"https:\/\/blogs.ess-edu.pt\/eb1vabrunhais\/2008\/04\/09\/joaninha\/\">joaninha<\/a><\/li>\n\t\t<li class=\"wsp-post\"><a href=\"https:\/\/blogs.ess-edu.pt\/eb1vabrunhais\/2008\/04\/04\/a-pascoa-no-jardim-de-infancia\/\">A P\u00e1scoa no jardim de Inf\u00e2ncia<\/a><\/li>\n\t\t<li class=\"wsp-post\"><a href=\"https:\/\/blogs.ess-edu.pt\/eb1vabrunhais\/2008\/04\/02\/a-pascoa\/\">A P\u00e1scoa<\/a><\/li>\n\t\t<li class=\"wsp-post\"><a href=\"https:\/\/blogs.ess-edu.pt\/eb1vabrunhais\/2008\/03\/14\/a-nossa-comunhao-pascal\/\">A nossa Comunh\u00e3o Pascal<\/a><\/li>\n\t\t<li class=\"wsp-post\"><a href=\"https:\/\/blogs.ess-edu.pt\/eb1vabrunhais\/2008\/03\/10\/lengalenga\/\">Lengalenga<\/a><\/li>\n\t\t<li class=\"wsp-post\"><a href=\"https:\/\/blogs.ess-edu.pt\/eb1vabrunhais\/2008\/03\/07\/presepio\/\">Pres\u00e9pio<\/a><\/li>\n\t\t<li class=\"wsp-post\"><a href=\"https:\/\/blogs.ess-edu.pt\/eb1vabrunhais\/2008\/03\/07\/4\/\">Carnaval<\/a><\/li>\n\t\t<li class=\"wsp-post\"><a href=\"https:\/\/blogs.ess-edu.pt\/eb1vabrunhais\/2008\/03\/06\/ola-mundo\/\">Ol\u00e1, mundo!<\/a><\/li>\n<\/ul><\/li>\n<\/ul>\n<\/div>\n","protected":false},"excerpt":{"rendered":"","protected":false},"author":10,"featured_media":0,"parent":0,"menu_order":0,"comment_status":"open","ping_status":"open","template":"","meta":{"jetpack_post_was_ever_published":false,"footnotes":""},"class_list":["post-21","page","type-page","status-publish","hentry"],"jetpack_sharing_enabled":true,"jetpack_shortlink":"https:\/\/wp.me\/PaunHC-l","jetpack-related-posts":[{"id":72,"url":"https:\/\/blogs.ess-edu.pt\/eb1vabrunhais\/arquivo\/","url_meta":{"origin":21,"position":0},"title":"Arquivo","author":"Helena Gama","date":"Quarta-feira, 4 Fevereiro 2009","format":false,"excerpt":"","rel":"","context":"In &quot;Sem categoria&quot;","block_context":{"text":"Sem categoria","link":"https:\/\/blogs.ess-edu.pt\/eb1vabrunhais\/category\/sem-categoria\/"},"img":{"alt_text":"","src":"","width":0,"height":0},"classes":[]}],"_links":{"self":[{"href":"https:\/\/blogs.ess-edu.pt\/eb1vabrunhais\/wp-json\/wp\/v2\/pages\/21","targetHints":{"allow":["GET"]}}],"collection":[{"href":"https:\/\/blogs.ess-edu.pt\/eb1vabrunhais\/wp-json\/wp\/v2\/pages"}],"about":[{"href":"https:\/\/blogs.ess-edu.pt\/eb1vabrunhais\/wp-json\/wp\/v2\/types\/page"}],"author":[{"embeddable":true,"href":"https:\/\/blogs.ess-edu.pt\/eb1vabrunhais\/wp-json\/wp\/v2\/users\/10"}],"replies":[{"embeddable":true,"href":"https:\/\/blogs.ess-edu.pt\/eb1vabrunhais\/wp-json\/wp\/v2\/comments?post=21"}],"version-history":[{"count":0,"href":"https:\/\/blogs.ess-edu.pt\/eb1vabrunhais\/wp-json\/wp\/v2\/pages\/21\/revisions"}],"wp:attachment":[{"href":"https:\/\/blogs.ess-edu.pt\/eb1vabrunhais\/wp-json\/wp\/v2\/media?parent=21"}],"curies":[{"name":"wp","href":"https:\/\/api.w.org\/{rel}","templated":true}]}}