{"id":2,"date":"2008-02-24T23:04:45","date_gmt":"2008-02-24T22:04:45","guid":{"rendered":""},"modified":"2008-02-24T23:46:12","modified_gmt":"2008-02-24T23:46:12","slug":"acerca","status":"publish","type":"page","link":"https:\/\/blogs.ess-edu.pt\/ejmarques\/acerca\/","title":{"rendered":"Acerca"},"content":{"rendered":"<p>O nome \u00e9 sugestivo. Por um lado (dreamer&#8217;s) faz acordar essa\u00a0capacidade\u00a0que todos n\u00f3s temos de recriar uma realidade; e por outro recorda-nos por exemplo os <strong><em>Joy Division<\/em><\/strong> ou o m\u00edtico \u00e1lbum <font size=\"2\"><em>Division Bell<\/em> dos<strong><em> Pink Floyd.<\/em><\/strong><\/font><\/p>\n<p><font size=\"2\">Quanto a mim&#8230; n\u00e3o tenho muito para dizer: apenas que o sonho ainda me mant\u00e9m acordado!<\/font><\/p>\n","protected":false},"excerpt":{"rendered":"<p>O nome \u00e9 sugestivo. Por um lado (dreamer&#8217;s) faz acordar essa\u00a0capacidade\u00a0que todos n\u00f3s temos de recriar uma realidade; e por outro recorda-nos por exemplo os Joy Division ou o m\u00edtico \u00e1lbum Division Bell dos Pink Floyd. Quanto a mim&#8230; n\u00e3o tenho muito para dizer: apenas que o sonho ainda me mant\u00e9m acordado!<\/p>\n","protected":false},"author":8,"featured_media":0,"parent":0,"menu_order":0,"comment_status":"open","ping_status":"open","template":"","meta":{"jetpack_post_was_ever_published":false,"footnotes":""},"class_list":["post-2","page","type-page","status-publish","hentry"],"jetpack_sharing_enabled":true,"jetpack_shortlink":"https:\/\/wp.me\/PaunHa-2","jetpack-related-posts":[],"_links":{"self":[{"href":"https:\/\/blogs.ess-edu.pt\/ejmarques\/wp-json\/wp\/v2\/pages\/2","targetHints":{"allow":["GET"]}}],"collection":[{"href":"https:\/\/blogs.ess-edu.pt\/ejmarques\/wp-json\/wp\/v2\/pages"}],"about":[{"href":"https:\/\/blogs.ess-edu.pt\/ejmarques\/wp-json\/wp\/v2\/types\/page"}],"author":[{"embeddable":true,"href":"https:\/\/blogs.ess-edu.pt\/ejmarques\/wp-json\/wp\/v2\/users\/8"}],"replies":[{"embeddable":true,"href":"https:\/\/blogs.ess-edu.pt\/ejmarques\/wp-json\/wp\/v2\/comments?post=2"}],"version-history":[{"count":0,"href":"https:\/\/blogs.ess-edu.pt\/ejmarques\/wp-json\/wp\/v2\/pages\/2\/revisions"}],"wp:attachment":[{"href":"https:\/\/blogs.ess-edu.pt\/ejmarques\/wp-json\/wp\/v2\/media?parent=2"}],"curies":[{"name":"wp","href":"https:\/\/api.w.org\/{rel}","templated":true}]}}