{"id":2,"date":"2008-01-22T01:34:00","date_gmt":"2008-01-22T00:34:00","guid":{"rendered":""},"modified":"2008-03-06T15:50:55","modified_gmt":"2008-03-06T14:50:55","slug":"acerca","status":"publish","type":"page","link":"https:\/\/blogs.ess-edu.pt\/informese\/acerca\/","title":{"rendered":"Acerca"},"content":{"rendered":"<p align=\"justify\"><strong>Acerca&#8230; do nosso projecto<\/strong><\/p>\n<p align=\"justify\">No \u00e2mbito da \u00e1rea curricular n\u00e3o disciplinar de \u00c1rea Projecto, o nosso objectivo principal foi e ser\u00e1 sempre o de dar conhecer ao \u201cmundo\u201d a nossa escola. Tudo acontecia e nada se conhecia, a n\u00e3o ser na pr\u00f3pria escola. Tantas actividades, tantos eventos importantes e interessantes se realizaram e que acabaram sempre, ou na maior parte das vezes, por ficar entre as quatro paredes da escola. Foi com a consci\u00eancia desta necessidade, a de divulgar a escola e tudo o que com ela se relacionasse, que este projecto surgiu.<\/p>\n<p align=\"justify\">Assim, a nossa turma pretende ser a \u201cmola impulsionadora\u201d para que alguns elementos da comunidade educativa participem e, desta forma, d\u00eaem a conhecer ao \u201cmundo\u201d a nossa escola e expressem a sua opini\u00e3o sobre os mais variados assuntos. Uma efectiva participa\u00e7\u00e3o e interac\u00e7\u00e3o entre todos revelam-se indispens\u00e1veis.<\/p>\n<p align=\"justify\">No fundo, este blog ser\u00e1 um portal que proporcionar\u00e1 uma interac\u00e7\u00e3o que se pretende din\u00e2mica. Neste sentido, tamb\u00e9m n\u00f3s queremos fazer parte desta rede e com a elabora\u00e7\u00e3o deste jornal contribuir para a consecu\u00e7\u00e3o dos objectivos anteriormente referidos.<\/p>\n","protected":false},"excerpt":{"rendered":"<p>Acerca&#8230; do nosso projecto No \u00e2mbito da \u00e1rea curricular n\u00e3o disciplinar de \u00c1rea Projecto, o nosso objectivo principal foi e ser\u00e1 sempre o de dar conhecer ao \u201cmundo\u201d a nossa escola. Tudo acontecia e nada se conhecia, a n\u00e3o ser na pr\u00f3pria escola. Tantas actividades, tantos eventos importantes e interessantes se realizaram e que acabaram [&hellip;]<\/p>\n","protected":false},"author":5,"featured_media":0,"parent":0,"menu_order":0,"comment_status":"open","ping_status":"open","template":"","meta":{"footnotes":""},"class_list":["post-2","page","type-page","status-publish","hentry"],"jetpack_sharing_enabled":true,"jetpack_shortlink":"https:\/\/wp.me\/PaunGN-2","jetpack-related-posts":[],"_links":{"self":[{"href":"https:\/\/blogs.ess-edu.pt\/informese\/wp-json\/wp\/v2\/pages\/2","targetHints":{"allow":["GET"]}}],"collection":[{"href":"https:\/\/blogs.ess-edu.pt\/informese\/wp-json\/wp\/v2\/pages"}],"about":[{"href":"https:\/\/blogs.ess-edu.pt\/informese\/wp-json\/wp\/v2\/types\/page"}],"author":[{"embeddable":true,"href":"https:\/\/blogs.ess-edu.pt\/informese\/wp-json\/wp\/v2\/users\/5"}],"replies":[{"embeddable":true,"href":"https:\/\/blogs.ess-edu.pt\/informese\/wp-json\/wp\/v2\/comments?post=2"}],"version-history":[{"count":0,"href":"https:\/\/blogs.ess-edu.pt\/informese\/wp-json\/wp\/v2\/pages\/2\/revisions"}],"wp:attachment":[{"href":"https:\/\/blogs.ess-edu.pt\/informese\/wp-json\/wp\/v2\/media?parent=2"}],"curies":[{"name":"wp","href":"https:\/\/api.w.org\/{rel}","templated":true}]}}