{"id":70,"date":"2008-03-17T03:29:25","date_gmt":"2008-03-17T02:29:25","guid":{"rendered":"http:\/\/blogs.ess-edu.pt\/informese\/mapa-do-sitio\/"},"modified":"2024-05-27T20:36:59","modified_gmt":"2024-05-27T19:36:59","slug":"mapa-do-sitio","status":"publish","type":"page","link":"https:\/\/blogs.ess-edu.pt\/informese\/mapa-do-sitio\/","title":{"rendered":"Mapa do S\u00edtio"},"content":{"rendered":"<div class=\"wsp-container\"><h2 class=\"wsp-pages-title\">Pages<\/h2>\n<ul class=\"wsp-pages-list\">\n<li class=\"page_item page-item-2\"><a href=\"https:\/\/blogs.ess-edu.pt\/informese\/acerca\/\">Acerca<\/a><\/li>\n<li class=\"page_item page-item-7\"><a href=\"https:\/\/blogs.ess-edu.pt\/informese\/arquivos\/\">Arquivos<\/a><\/li>\n<li class=\"page_item page-item-8\"><a href=\"https:\/\/blogs.ess-edu.pt\/informese\/contactos\/\">Contactos<\/a><\/li>\n<li class=\"page_item page-item-6\"><a href=\"https:\/\/blogs.ess-edu.pt\/informese\/description\/\">Description<\/a><\/li>\n<li class=\"page_item page-item-70\"><a href=\"https:\/\/blogs.ess-edu.pt\/informese\/mapa-do-sitio\/\">Mapa do S\u00edtio<\/a><\/li>\n<\/ul>\n<h2 class=\"wsp-posts-title\">Posts by category<\/h2>\n<ul class=\"wsp-posts-list\">\n\t<li><strong class=\"wsp-category-title\">Category: <a href=\"https:\/\/blogs.ess-edu.pt\/informese\/category\/a-nossa-escola\/\">A Nossa Escola<\/a><\/strong>\n<ul class=\"wsp-posts-list\">\t\t<li class=\"wsp-post\"><a href=\"https:\/\/blogs.ess-edu.pt\/informese\/2008\/06\/08\/o-nosso-projecto-3\/\">O nosso projecto&#8230;<\/a><\/li>\n\t\t<li class=\"wsp-post\"><a href=\"https:\/\/blogs.ess-edu.pt\/informese\/2008\/06\/08\/seis-anos-passados\/\">Seis anos passados&#8230;<\/a><\/li>\n\t\t<li class=\"wsp-post\"><a href=\"https:\/\/blogs.ess-edu.pt\/informese\/2008\/06\/08\/foi-ha-quatro-anos\/\">Foi h\u00e1 quatro anos&#8230;<\/a><\/li>\n\t\t<li class=\"wsp-post\"><a href=\"https:\/\/blogs.ess-edu.pt\/informese\/2008\/06\/08\/e-de-repente\/\">E de repente&#8230;<\/a><\/li>\n\t\t<li class=\"wsp-post\"><a href=\"https:\/\/blogs.ess-edu.pt\/informese\/2008\/06\/08\/chegamos-a-bom-porto\/\">Cheg\u00e1mos a bom porto&#8230;<\/a><\/li>\n\t\t<li class=\"wsp-post\"><a href=\"https:\/\/blogs.ess-edu.pt\/informese\/2008\/06\/08\/seis-anos-depois\/\">Seis anos depois&#8230;<\/a><\/li>\n\t\t<li class=\"wsp-post\"><a href=\"https:\/\/blogs.ess-edu.pt\/informese\/2008\/06\/08\/a-aventura-da-area-de-projecto\/\">A aventura da \u00c1rea de Projecto&#8230;<\/a><\/li>\n\t\t<li class=\"wsp-post\"><a href=\"https:\/\/blogs.ess-edu.pt\/informese\/2008\/06\/08\/a-experiencia-da-area-de-projecto\/\">A experi\u00eancia da \u00c1rea de Projecto&#8230;<\/a><\/li>\n\t\t<li class=\"wsp-post\"><a href=\"https:\/\/blogs.ess-edu.pt\/informese\/2008\/06\/08\/a-nova-area\/\">A nova \u00e1rea&#8230;<\/a><\/li>\n\t\t<li class=\"wsp-post\"><a href=\"https:\/\/blogs.ess-edu.pt\/informese\/2008\/06\/08\/e-ja-passaram-seis-anos-2\/\">E j\u00e1 passaram seis anos&#8230;<\/a><\/li>\n\t\t<li class=\"wsp-post\"><a href=\"https:\/\/blogs.ess-edu.pt\/informese\/2008\/06\/08\/a-area-de-projecto\/\">A \u00c1rea de Projecto&#8230;<\/a><\/li>\n\t\t<li class=\"wsp-post\"><a href=\"https:\/\/blogs.ess-edu.pt\/informese\/2008\/06\/08\/um-ano-depois\/\">Um ano depois&#8230;<\/a><\/li>\n\t\t<li class=\"wsp-post\"><a href=\"https:\/\/blogs.ess-edu.pt\/informese\/2008\/06\/08\/um-ano-de-ap\/\">Um ano de AP&#8230;<\/a><\/li>\n\t\t<li class=\"wsp-post\"><a href=\"https:\/\/blogs.ess-edu.pt\/informese\/2008\/06\/08\/e-passaram-seis-anos\/\">E passaram seis anos&#8230;<\/a><\/li>\n\t\t<li class=\"wsp-post\"><a href=\"https:\/\/blogs.ess-edu.pt\/informese\/2008\/06\/02\/cheguei-vi-e-venci\/\">Cheguei, vi e venci!<\/a><\/li>\n\t\t<li class=\"wsp-post\"><a href=\"https:\/\/blogs.ess-edu.pt\/informese\/2008\/06\/02\/passados-seis-anos\/\">Passados seis anos&#8230;<\/a><\/li>\n\t\t<li class=\"wsp-post\"><a href=\"https:\/\/blogs.ess-edu.pt\/informese\/2008\/06\/02\/a-reaccao-a-esta-nova-area-%e2%80%a6\/\">A reac\u00e7\u00e3o a esta nova \u00e1rea \u2026<\/a><\/li>\n\t\t<li class=\"wsp-post\"><a href=\"https:\/\/blogs.ess-edu.pt\/informese\/2008\/06\/02\/um-por-todos-e-todos-por-um\/\">Um por todos e todos por um!<\/a><\/li>\n\t\t<li class=\"wsp-post\"><a href=\"https:\/\/blogs.ess-edu.pt\/informese\/2008\/06\/02\/retrospectiva\/\">Retrospectiva&#8230;<\/a><\/li>\n\t\t<li class=\"wsp-post\"><a href=\"https:\/\/blogs.ess-edu.pt\/informese\/2008\/06\/02\/na-hora-da-despedida-2\/\">Na hora da despedida&#8230;<\/a><\/li>\n\t\t<li class=\"wsp-post\"><a href=\"https:\/\/blogs.ess-edu.pt\/informese\/2008\/05\/29\/e-ja-passaram-seis-anos\/\">E j\u00e1 passaram seis anos&#8230;<\/a><\/li>\n\t\t<li class=\"wsp-post\"><a href=\"https:\/\/blogs.ess-edu.pt\/informese\/2008\/05\/29\/ja-la-vao-quase-quinze-anos\/\">J\u00e1 l\u00e1 v\u00e3o quase quinze anos&#8230;<\/a><\/li>\n\t\t<li class=\"wsp-post\"><a href=\"https:\/\/blogs.ess-edu.pt\/informese\/2008\/05\/29\/a-minha-passagem-pela-escola\/\">A minha passagem pela escola&#8230;<\/a><\/li>\n\t\t<li class=\"wsp-post\"><a href=\"https:\/\/blogs.ess-edu.pt\/informese\/2008\/05\/29\/o-nosso-projecto-2\/\">O nosso Projecto<\/a><\/li>\n\t\t<li class=\"wsp-post\"><a href=\"https:\/\/blogs.ess-edu.pt\/informese\/2008\/05\/29\/mudancas-memoraveis-%e2%80%a6\/\">Mudan\u00e7as memor\u00e1veis \u2026<\/a><\/li>\n\t\t<li class=\"wsp-post\"><a href=\"https:\/\/blogs.ess-edu.pt\/informese\/2008\/05\/29\/na-hora-da-despedida\/\">Na hora da despedida&#8230;<\/a><\/li>\n\t\t<li class=\"wsp-post\"><a href=\"https:\/\/blogs.ess-edu.pt\/informese\/2008\/05\/26\/passados-dois-anos\/\">Passados dois anos&#8230;<\/a><\/li>\n\t\t<li class=\"wsp-post\"><a href=\"https:\/\/blogs.ess-edu.pt\/informese\/2008\/05\/19\/uma-vida\/\">Uma Vida!<\/a><\/li>\n\t\t<li class=\"wsp-post\"><a href=\"https:\/\/blogs.ess-edu.pt\/informese\/2008\/05\/15\/sessao-de-trabalho-orientacao-e-mobilidade\/\">Sess\u00e3o de trabalho: \u201cOrienta\u00e7\u00e3o e Mobilidade\u201d<\/a><\/li>\n\t\t<li class=\"wsp-post\"><a href=\"https:\/\/blogs.ess-edu.pt\/informese\/2008\/05\/08\/ola-eu-sou-um-livro\/\">Ol\u00e1, eu sou um livro!<\/a><\/li>\n\t\t<li class=\"wsp-post\"><a href=\"https:\/\/blogs.ess-edu.pt\/informese\/2008\/04\/28\/actividades-realizadas-no-mes-de-abril\/\">Actividades realizadas no m\u00eas de Abril<\/a><\/li>\n\t\t<li class=\"wsp-post\"><a href=\"https:\/\/blogs.ess-edu.pt\/informese\/2008\/04\/17\/torneio-inter-turmas-de-futsal\/\">Torneio Inter-Turmas de Futsal<\/a><\/li>\n\t\t<li class=\"wsp-post\"><a href=\"https:\/\/blogs.ess-edu.pt\/informese\/2008\/04\/14\/o-nosso-colega-cristovao\/\">O nosso colega Crist\u00f3v\u00e3o<\/a><\/li>\n\t\t<li class=\"wsp-post\"><a href=\"https:\/\/blogs.ess-edu.pt\/informese\/2008\/04\/03\/torneio-compal-air\/\">Torneio Compal Air<\/a><\/li>\n\t\t<li class=\"wsp-post\"><a href=\"https:\/\/blogs.ess-edu.pt\/informese\/2008\/04\/03\/de-volta\/\">De volta&#8230;<\/a><\/li>\n\t\t<li class=\"wsp-post\"><a href=\"https:\/\/blogs.ess-edu.pt\/informese\/2008\/03\/13\/semana-da-matematica\/\">Semana da Matem\u00e1tica<\/a><\/li>\n\t\t<li class=\"wsp-post\"><a href=\"https:\/\/blogs.ess-edu.pt\/informese\/2008\/03\/13\/rumo-a-terra-de-nuestros-hermanos\/\">Rumo \u00e0 terra de &#8220;nuestros hermanos&#8221;<\/a><\/li>\n\t\t<li class=\"wsp-post\"><a href=\"https:\/\/blogs.ess-edu.pt\/informese\/2008\/03\/13\/actividades-de-final-de-periodo\/\">Actividades de final de per\u00edodo<\/a><\/li>\n\t\t<li class=\"wsp-post\"><a href=\"https:\/\/blogs.ess-edu.pt\/informese\/2008\/03\/10\/curriculo-adaptado-a-filipa\/\">Curr\u00edculo Adaptado \u00e0 Filipa<\/a><\/li>\n\t\t<li class=\"wsp-post\"><a href=\"https:\/\/blogs.ess-edu.pt\/informese\/2008\/03\/10\/ja-foi-quase-ha-um-mes\/\">J\u00e1 foi quase h\u00e1 um m\u00eas&#8230;<\/a><\/li>\n\t\t<li class=\"wsp-post\"><a href=\"https:\/\/blogs.ess-edu.pt\/informese\/2008\/03\/06\/o-dia-a-dia-da-filipa\/\">O dia a dia da Filipa<\/a><\/li>\n\t\t<li class=\"wsp-post\"><a href=\"https:\/\/blogs.ess-edu.pt\/informese\/2008\/03\/03\/o-ver-no-sentir\/\">O &#8220;Ver&#8221; no Sentir<\/a><\/li>\n\t\t<li class=\"wsp-post\"><a href=\"https:\/\/blogs.ess-edu.pt\/informese\/2008\/02\/18\/a-festa-de-carnaval\/\">A Festa de Carnaval<\/a><\/li>\n\t\t<li class=\"wsp-post\"><a href=\"https:\/\/blogs.ess-edu.pt\/informese\/2008\/02\/18\/o-testemunho-de-uma-lista\/\">O Testemunho de uma Lista<\/a><\/li>\n\t\t<li class=\"wsp-post\"><a href=\"https:\/\/blogs.ess-edu.pt\/informese\/2008\/02\/18\/a-caminho-do-parlamento\/\">A Caminho do Parlamento<\/a><\/li>\n\t\t<li class=\"wsp-post\"><a href=\"https:\/\/blogs.ess-edu.pt\/informese\/2008\/02\/18\/a-festa-de-natal\/\">A Festa de Natal<\/a><\/li>\n\t\t<li class=\"wsp-post\"><a href=\"https:\/\/blogs.ess-edu.pt\/informese\/2008\/02\/18\/a-semana-de-finalistas\/\">A Semana de Finalistas<\/a><\/li>\n\t\t<li class=\"wsp-post\"><a href=\"https:\/\/blogs.ess-edu.pt\/informese\/2008\/02\/18\/lobo-iberico\/\">O Lobo Ib\u00e9rico<\/a><\/li>\n\t\t<li class=\"wsp-post\"><a href=\"https:\/\/blogs.ess-edu.pt\/informese\/2008\/02\/18\/o-nosso-projecto\/\">O Nosso Projecto&#8230;<\/a><\/li>\n<\/ul><\/li>\n\t<li><strong class=\"wsp-category-title\">Category: <a href=\"https:\/\/blogs.ess-edu.pt\/informese\/category\/ciencia\/\">Ci\u00eancia<\/a><\/strong>\n<ul class=\"wsp-posts-list\">\t\t<li class=\"wsp-post\"><a href=\"https:\/\/blogs.ess-edu.pt\/informese\/2008\/04\/28\/antonio-damasio\/\">Ant\u00f3nio Dam\u00e1sio<\/a><\/li>\n\t\t<li class=\"wsp-post\"><a href=\"https:\/\/blogs.ess-edu.pt\/informese\/2008\/03\/13\/a-arca-de-noe-das-plantas\/\">A Arca de No\u00e9 das Plantas<\/a><\/li>\n<\/ul><\/li>\n\t<li><strong class=\"wsp-category-title\">Category: <a href=\"https:\/\/blogs.ess-edu.pt\/informese\/category\/cultura\/\">Cultura<\/a><\/strong>\n<ul class=\"wsp-posts-list\">\t\t<li class=\"wsp-post\"><a href=\"https:\/\/blogs.ess-edu.pt\/informese\/2008\/06\/08\/linkin-park\/\">Linkin Park<\/a><\/li>\n\t\t<li class=\"wsp-post\"><a href=\"https:\/\/blogs.ess-edu.pt\/informese\/2008\/05\/29\/eunice-munoz\/\">Eunice Mu\u00f1oz<\/a><\/li>\n\t\t<li class=\"wsp-post\"><a href=\"https:\/\/blogs.ess-edu.pt\/informese\/2008\/05\/29\/portugal-dos-pequenitos\/\">Portugal dos Pequenitos<\/a><\/li>\n\t\t<li class=\"wsp-post\"><a href=\"https:\/\/blogs.ess-edu.pt\/informese\/2008\/05\/26\/metallica\/\">Metallica<\/a><\/li>\n\t\t<li class=\"wsp-post\"><a href=\"https:\/\/blogs.ess-edu.pt\/informese\/2008\/05\/19\/moonspell\/\">Moonspell<\/a><\/li>\n\t\t<li class=\"wsp-post\"><a href=\"https:\/\/blogs.ess-edu.pt\/informese\/2008\/05\/19\/diego-miranda\/\">Diego Miranda<\/a><\/li>\n\t\t<li class=\"wsp-post\"><a href=\"https:\/\/blogs.ess-edu.pt\/informese\/2008\/05\/19\/xutos-pontapes\/\">Xutos &amp; Pontap\u00e9s<\/a><\/li>\n\t\t<li class=\"wsp-post\"><a href=\"https:\/\/blogs.ess-edu.pt\/informese\/2008\/05\/15\/dia-internacional-da-familia\/\">Dia Internacional da Fam\u00edlia<\/a><\/li>\n\t\t<li class=\"wsp-post\"><a href=\"https:\/\/blogs.ess-edu.pt\/informese\/2008\/05\/12\/rod-stewart\/\">Rod Stewart<\/a><\/li>\n\t\t<li class=\"wsp-post\"><a href=\"https:\/\/blogs.ess-edu.pt\/informese\/2008\/05\/12\/mulher-passa-a-palavra\/\">\u201cMulher Passa a Palavra\u201d<\/a><\/li>\n\t\t<li class=\"wsp-post\"><a href=\"https:\/\/blogs.ess-edu.pt\/informese\/2008\/05\/12\/convento-de-mafra\/\">Convento de Mafra<\/a><\/li>\n\t\t<li class=\"wsp-post\"><a href=\"https:\/\/blogs.ess-edu.pt\/informese\/2008\/05\/08\/dia-da-europa\/\">Dia da Europa<\/a><\/li>\n\t\t<li class=\"wsp-post\"><a href=\"https:\/\/blogs.ess-edu.pt\/informese\/2008\/05\/08\/alejandro-sanz\/\">Alejandro Sanz<\/a><\/li>\n\t\t<li class=\"wsp-post\"><a href=\"https:\/\/blogs.ess-edu.pt\/informese\/2008\/05\/05\/dia-da-mae\/\">\u00c0s nossas m\u00e3es&#8230;<\/a><\/li>\n\t\t<li class=\"wsp-post\"><a href=\"https:\/\/blogs.ess-edu.pt\/informese\/2008\/05\/05\/maconaria\/\">Ma\u00e7onaria<\/a><\/li>\n\t\t<li class=\"wsp-post\"><a href=\"https:\/\/blogs.ess-edu.pt\/informese\/2008\/05\/05\/jose-afonso-ou-esoj-osnofa\/\">Jos\u00e9 Afonso ou Esoj Osnofa<\/a><\/li>\n\t\t<li class=\"wsp-post\"><a href=\"https:\/\/blogs.ess-edu.pt\/informese\/2008\/04\/28\/dia-do-trabalhador-1-de-maio\/\">Dia do Trabalhador, 1 de Maio<\/a><\/li>\n\t\t<li class=\"wsp-post\"><a href=\"https:\/\/blogs.ess-edu.pt\/informese\/2008\/04\/28\/grandiosa-feira-de-santa-cruz-3-de-maio\/\">Grandiosa Feira de Santa Cruz, 3 de Maio<\/a><\/li>\n\t\t<li class=\"wsp-post\"><a href=\"https:\/\/blogs.ess-edu.pt\/informese\/2008\/04\/28\/bon-jovi\/\">Bon Jovi<\/a><\/li>\n\t\t<li class=\"wsp-post\"><a href=\"https:\/\/blogs.ess-edu.pt\/informese\/2008\/04\/24\/a-revolucao-dos-cravos-2\/\">A Revolu\u00e7\u00e3o dos Cravos<\/a><\/li>\n\t\t<li class=\"wsp-post\"><a href=\"https:\/\/blogs.ess-edu.pt\/informese\/2008\/04\/24\/encontrarse\/\">Encontrar+se<\/a><\/li>\n\t\t<li class=\"wsp-post\"><a href=\"https:\/\/blogs.ess-edu.pt\/informese\/2008\/04\/17\/muse\/\">MUSE<\/a><\/li>\n\t\t<li class=\"wsp-post\"><a href=\"https:\/\/blogs.ess-edu.pt\/informese\/2008\/04\/17\/ivete-sangalo\/\">Ivete Sangalo<\/a><\/li>\n\t\t<li class=\"wsp-post\"><a href=\"https:\/\/blogs.ess-edu.pt\/informese\/2008\/04\/14\/lenny-kravitz\/\">Lenny Kravitz<\/a><\/li>\n\t\t<li class=\"wsp-post\"><a href=\"https:\/\/blogs.ess-edu.pt\/informese\/2008\/03\/13\/rock-in-rio-por-um-mundo-melhor\/\">Rock In Rio &#8211; Por Um Mundo Melhor<\/a><\/li>\n\t\t<li class=\"wsp-post\"><a href=\"https:\/\/blogs.ess-edu.pt\/informese\/2008\/03\/03\/30-stm\/\">30 STM<\/a><\/li>\n\t\t<li class=\"wsp-post\"><a href=\"https:\/\/blogs.ess-edu.pt\/informese\/2008\/03\/03\/inauguracao-do-teatro-ribeiro-conceicao\/\">Inaugura\u00e7\u00e3o do Teatro Ribeiro Concei\u00e7\u00e3o<\/a><\/li>\n\t\t<li class=\"wsp-post\"><a href=\"https:\/\/blogs.ess-edu.pt\/informese\/2008\/02\/18\/david-fonseca\/\">David Fonseca<\/a><\/li>\n\t\t<li class=\"wsp-post\"><a href=\"https:\/\/blogs.ess-edu.pt\/informese\/2008\/02\/18\/a-setima-arte\/\">A S\u00e9tima Arte<\/a><\/li>\n<\/ul><\/li>\n\t<li><strong class=\"wsp-category-title\">Category: <a href=\"https:\/\/blogs.ess-edu.pt\/informese\/category\/curiosidades\/\">Curiosidades<\/a><\/strong>\n<ul class=\"wsp-posts-list\">\t\t<li class=\"wsp-post\"><a href=\"https:\/\/blogs.ess-edu.pt\/informese\/2008\/05\/05\/jogos-mentais-e-fisicos-acompanhados-de-uma-boa-dieta-melhoram-a-memoria%e2%80%a6\/\">Jogos mentais e f\u00edsicos, acompanhados de uma boa dieta, melhoram a mem\u00f3ria\u2026<\/a><\/li>\n\t\t<li class=\"wsp-post\"><a href=\"https:\/\/blogs.ess-edu.pt\/informese\/2008\/03\/06\/ilusoes-de-optica\/\">Ilus\u00f5es de \u00d3ptica<\/a><\/li>\n\t\t<li class=\"wsp-post\"><a href=\"https:\/\/blogs.ess-edu.pt\/informese\/2008\/03\/03\/sabias-que\/\">Sabias que&#8230;<\/a><\/li>\n\t\t<li class=\"wsp-post\"><a href=\"https:\/\/blogs.ess-edu.pt\/informese\/2008\/02\/28\/48\/\">Dez Alimentos Para Viver Mais<\/a><\/li>\n\t\t<li class=\"wsp-post\"><a href=\"https:\/\/blogs.ess-edu.pt\/informese\/2008\/02\/18\/o-aquecimento-global\/\">O Aquecimento Global<\/a><\/li>\n<\/ul><\/li>\n\t<li><strong class=\"wsp-category-title\">Category: <a href=\"https:\/\/blogs.ess-edu.pt\/informese\/category\/desporto\/\">Desporto<\/a><\/strong>\n<ul class=\"wsp-posts-list\">\t\t<li class=\"wsp-post\"><a href=\"https:\/\/blogs.ess-edu.pt\/informese\/2008\/05\/19\/valentino-rossi-46\/\">Valentino Rossi .46<\/a><\/li>\n\t\t<li class=\"wsp-post\"><a href=\"https:\/\/blogs.ess-edu.pt\/informese\/2008\/05\/15\/rui-costa-il-maestro\/\">Rui Costa, Il Maestro<\/a><\/li>\n\t\t<li class=\"wsp-post\"><a href=\"https:\/\/blogs.ess-edu.pt\/informese\/2008\/05\/12\/mais-um-titulo-europeu-para-vanessa-fernandes\/\">Mais um t\u00edtulo europeu para Vanessa Fernandes<\/a><\/li>\n\t\t<li class=\"wsp-post\"><a href=\"https:\/\/blogs.ess-edu.pt\/informese\/2008\/05\/05\/jogo-entre-professores-e-alunos\/\">Jogo entre professores e alunos<\/a><\/li>\n\t\t<li class=\"wsp-post\"><a href=\"https:\/\/blogs.ess-edu.pt\/informese\/2008\/04\/24\/desportos-alternativos\/\">Desportos Alternativos<\/a><\/li>\n\t\t<li class=\"wsp-post\"><a href=\"https:\/\/blogs.ess-edu.pt\/informese\/2008\/04\/14\/cristiano-ronaldo\/\">Cristiano Ronaldo<\/a><\/li>\n\t\t<li class=\"wsp-post\"><a href=\"https:\/\/blogs.ess-edu.pt\/informese\/2008\/03\/13\/a-saida-de-camacho\/\">A sa\u00edda de Camacho<\/a><\/li>\n\t\t<li class=\"wsp-post\"><a href=\"https:\/\/blogs.ess-edu.pt\/informese\/2008\/02\/28\/magic-johnson\/\">Magic Johnson<\/a><\/li>\n\t\t<li class=\"wsp-post\"><a href=\"https:\/\/blogs.ess-edu.pt\/informese\/2008\/02\/18\/telma-monteiro\/\">Telma Monteiro<\/a><\/li>\n\t\t<li class=\"wsp-post\"><a href=\"https:\/\/blogs.ess-edu.pt\/informese\/2008\/02\/18\/nelson-evora\/\">N\u00e9lson \u00c9vora<\/a><\/li>\n\t\t<li class=\"wsp-post\"><a href=\"https:\/\/blogs.ess-edu.pt\/informese\/2008\/02\/18\/vanessa-fernandes\/\">Vanessa Fernandes<\/a><\/li>\n\t\t<li class=\"wsp-post\"><a href=\"https:\/\/blogs.ess-edu.pt\/informese\/2008\/02\/18\/special-olympics\/\">Special Olympics<\/a><\/li>\n\t\t<li class=\"wsp-post\"><a href=\"https:\/\/blogs.ess-edu.pt\/informese\/2008\/02\/18\/a-seleccao-dos-lobos\/\">A Selec\u00e7\u00e3o dos &#8220;Lobos&#8221;<\/a><\/li>\n<\/ul><\/li>\n\t<li><strong class=\"wsp-category-title\">Category: <a href=\"https:\/\/blogs.ess-edu.pt\/informese\/category\/featured\/\">Featured<\/a><\/strong>\n<\/li>\n\t<li><strong class=\"wsp-category-title\">Category: <a href=\"https:\/\/blogs.ess-edu.pt\/informese\/category\/literatura\/\">Literatura<\/a><\/strong>\n<ul class=\"wsp-posts-list\">\t\t<li class=\"wsp-post\"><a href=\"https:\/\/blogs.ess-edu.pt\/informese\/2008\/05\/29\/florbela-espanca\/\">Florbela Espanca<\/a><\/li>\n\t\t<li class=\"wsp-post\"><a href=\"https:\/\/blogs.ess-edu.pt\/informese\/2008\/05\/19\/luis-vaz-de-camoes\/\">Lu\u00eds Vaz de Cam\u00f5es<\/a><\/li>\n\t\t<li class=\"wsp-post\"><a href=\"https:\/\/blogs.ess-edu.pt\/informese\/2008\/05\/15\/memorial-do-convento\/\">Memorial do Convento<\/a><\/li>\n\t\t<li class=\"wsp-post\"><a href=\"https:\/\/blogs.ess-edu.pt\/informese\/2008\/05\/12\/fernando-pessoa-o-poeta-genial\/\">Fernando Pessoa, o poeta genial&#8230;<\/a><\/li>\n\t\t<li class=\"wsp-post\"><a href=\"https:\/\/blogs.ess-edu.pt\/informese\/2008\/05\/08\/pelo-sonho-e-que-vamos\/\">Pelo Sonho \u00c9 Que Vamos<\/a><\/li>\n\t\t<li class=\"wsp-post\"><a href=\"https:\/\/blogs.ess-edu.pt\/informese\/2008\/05\/08\/pedra-filosofal\/\">Pedra Filosofal<\/a><\/li>\n\t\t<li class=\"wsp-post\"><a href=\"https:\/\/blogs.ess-edu.pt\/informese\/2008\/04\/28\/manuel-alegre-poeta-e-politico\/\">Manuel Alegre, poeta e pol\u00edtico<\/a><\/li>\n\t\t<li class=\"wsp-post\"><a href=\"https:\/\/blogs.ess-edu.pt\/informese\/2008\/04\/24\/dia-mundial-do-livro-e-dos-direitos-de-autor\/\">Dia Mundial do Livro e dos Direitos de Autor<\/a><\/li>\n\t\t<li class=\"wsp-post\"><a href=\"https:\/\/blogs.ess-edu.pt\/informese\/2008\/04\/17\/jose-saramago\/\">Jos\u00e9 Saramago<\/a><\/li>\n\t\t<li class=\"wsp-post\"><a href=\"https:\/\/blogs.ess-edu.pt\/informese\/2008\/04\/17\/william-shakespeare-um-genio-da-lingua-inglesa\/\">William Shakespeare: um g\u00e9nio da L\u00edngua Inglesa<\/a><\/li>\n\t\t<li class=\"wsp-post\"><a href=\"https:\/\/blogs.ess-edu.pt\/informese\/2008\/04\/10\/luis-de-sttau-monteiro\/\">Lu\u00eds de Sttau Monteiro<\/a><\/li>\n\t\t<li class=\"wsp-post\"><a href=\"https:\/\/blogs.ess-edu.pt\/informese\/2008\/04\/03\/o-poeta-lamecense\/\">O Poeta Lamecense<\/a><\/li>\n\t\t<li class=\"wsp-post\"><a href=\"https:\/\/blogs.ess-edu.pt\/informese\/2008\/02\/18\/poemas-de-amor\/\">Poemas de Amor<\/a><\/li>\n<\/ul><\/li>\n\t<li><strong class=\"wsp-category-title\">Category: <a href=\"https:\/\/blogs.ess-edu.pt\/informese\/category\/o-nosso-mundo\/\">O Nosso Mundo<\/a><\/strong>\n<ul class=\"wsp-posts-list\">\t\t<li class=\"wsp-post\"><a href=\"https:\/\/blogs.ess-edu.pt\/informese\/2008\/05\/19\/%e2%80%9c2-causas-por-1-causa%e2%80%9d\/\">\u201c2 Causas por 1 Causa\u201d<\/a><\/li>\n\t\t<li class=\"wsp-post\"><a href=\"https:\/\/blogs.ess-edu.pt\/informese\/2008\/05\/15\/apresentacao-das-equipas-de-intervencao-permanente\/\">Apresenta\u00e7\u00e3o das Equipas de Interven\u00e7\u00e3o Permanente<\/a><\/li>\n\t\t<li class=\"wsp-post\"><a href=\"https:\/\/blogs.ess-edu.pt\/informese\/2008\/05\/12\/foi-ha-um-ano-que-a-pequena-maddie-desapareceu%e2%80%a6\/\">Foi h\u00e1 um ano que a pequena Maddie desapareceu\u2026<\/a><\/li>\n\t\t<li class=\"wsp-post\"><a href=\"https:\/\/blogs.ess-edu.pt\/informese\/2008\/05\/08\/diferentes-porque\/\">Diferentes porqu\u00ea?<\/a><\/li>\n\t\t<li class=\"wsp-post\"><a href=\"https:\/\/blogs.ess-edu.pt\/informese\/2008\/05\/05\/acabemos-com-a-exterminacao-de-elefantes\/\">Acabemos com a extermina\u00e7\u00e3o de elefantes!&#8230;<\/a><\/li>\n\t\t<li class=\"wsp-post\"><a href=\"https:\/\/blogs.ess-edu.pt\/informese\/2008\/04\/28\/abril-aguas-mil\/\">Abril \u00e1guas mil<\/a><\/li>\n\t\t<li class=\"wsp-post\"><a href=\"https:\/\/blogs.ess-edu.pt\/informese\/2008\/04\/24\/o-futuro-pode-estar-hipotecado\/\">O futuro pode estar hipotecado!<\/a><\/li>\n\t\t<li class=\"wsp-post\"><a href=\"https:\/\/blogs.ess-edu.pt\/informese\/2008\/04\/24\/dia-da-terra\/\">Dia da Terra<\/a><\/li>\n\t\t<li class=\"wsp-post\"><a href=\"https:\/\/blogs.ess-edu.pt\/informese\/2008\/04\/17\/pelos-animais\/\">Pelos Animais!<\/a><\/li>\n\t\t<li class=\"wsp-post\"><a href=\"https:\/\/blogs.ess-edu.pt\/informese\/2008\/04\/14\/antonio-de-oliveira-salazar\/\">Ant\u00f3nio de Oliveira Salazar<\/a><\/li>\n\t\t<li class=\"wsp-post\"><a href=\"https:\/\/blogs.ess-edu.pt\/informese\/2008\/04\/14\/educacao-ou-frustracao\/\">A Educa\u00e7\u00e3o \u00e9 boa e recomenda-se&#8230;<\/a><\/li>\n\t\t<li class=\"wsp-post\"><a href=\"https:\/\/blogs.ess-edu.pt\/informese\/2008\/04\/14\/bullying\/\">Bullying<\/a><\/li>\n\t\t<li class=\"wsp-post\"><a href=\"https:\/\/blogs.ess-edu.pt\/informese\/2008\/04\/10\/crise-de-geracoes\/\">Crise de Gera\u00e7\u00f5es<\/a><\/li>\n\t\t<li class=\"wsp-post\"><a href=\"https:\/\/blogs.ess-edu.pt\/informese\/2008\/03\/10\/a-luta-dos-professores\/\">A Luta dos Professores<\/a><\/li>\n\t\t<li class=\"wsp-post\"><a href=\"https:\/\/blogs.ess-edu.pt\/informese\/2008\/03\/10\/nao-discrimine\/\">N\u00e3o Discrimine!<\/a><\/li>\n\t\t<li class=\"wsp-post\"><a href=\"https:\/\/blogs.ess-edu.pt\/informese\/2008\/03\/06\/que-futuro-sera-este\/\">Que futuro ser\u00e1 este?<\/a><\/li>\n\t\t<li class=\"wsp-post\"><a href=\"https:\/\/blogs.ess-edu.pt\/informese\/2008\/02\/18\/salvemos-o-nosso-planeta\/\">Salvemos o Nosso Planeta<\/a><\/li>\n\t\t<li class=\"wsp-post\"><a href=\"https:\/\/blogs.ess-edu.pt\/informese\/2008\/02\/18\/a-nova-lei-do-tabaco\/\">A Nova Lei do Tabaco<\/a><\/li>\n<\/ul><\/li>\n\t<li><strong class=\"wsp-category-title\">Category: <a href=\"https:\/\/blogs.ess-edu.pt\/informese\/category\/saude\/\">Sa\u00fade<\/a><\/strong>\n<ul class=\"wsp-posts-list\">\t\t<li class=\"wsp-post\"><a href=\"https:\/\/blogs.ess-edu.pt\/informese\/2008\/05\/12\/sedentarismo-a-doenca-do-seculo\/\">Sedentarismo, a doen\u00e7a do s\u00e9culo<\/a><\/li>\n\t\t<li class=\"wsp-post\"><a href=\"https:\/\/blogs.ess-edu.pt\/informese\/2008\/04\/17\/dia-da-hemofilia\/\">Dia da Hemofilia<\/a><\/li>\n\t\t<li class=\"wsp-post\"><a href=\"https:\/\/blogs.ess-edu.pt\/informese\/2008\/04\/17\/dia-mundial-da-voz\/\">Dia Mundial da Voz<\/a><\/li>\n\t\t<li class=\"wsp-post\"><a href=\"https:\/\/blogs.ess-edu.pt\/informese\/2008\/04\/03\/aposte-na-prevencao-evite-o-aborto\/\">Aposte na preven\u00e7\u00e3o, evite o aborto!<\/a><\/li>\n\t\t<li class=\"wsp-post\"><a href=\"https:\/\/blogs.ess-edu.pt\/informese\/2008\/03\/31\/hiperactividade\/\">Hiperactividade<\/a><\/li>\n\t\t<li class=\"wsp-post\"><a href=\"https:\/\/blogs.ess-edu.pt\/informese\/2008\/03\/13\/estar-protegida-agora-depende-de-si\/\">Estar protegida, agora depende de si!<\/a><\/li>\n\t\t<li class=\"wsp-post\"><a href=\"https:\/\/blogs.ess-edu.pt\/informese\/2008\/03\/10\/a-dislexia\/\">A Dislexia<\/a><\/li>\n\t\t<li class=\"wsp-post\"><a href=\"https:\/\/blogs.ess-edu.pt\/informese\/2008\/02\/25\/proteja-se-a-sida-existe\/\">Proteja-se, a SIDA existe<\/a><\/li>\n<\/ul><\/li>\n<\/ul>\n<\/div>\n","protected":false},"excerpt":{"rendered":"","protected":false},"author":5,"featured_media":0,"parent":0,"menu_order":0,"comment_status":"open","ping_status":"open","template":"","meta":{"jetpack_post_was_ever_published":false,"footnotes":""},"class_list":["post-70","page","type-page","status-publish","hentry"],"jetpack_sharing_enabled":true,"jetpack_shortlink":"https:\/\/wp.me\/PaunGN-18","jetpack-related-posts":[],"_links":{"self":[{"href":"https:\/\/blogs.ess-edu.pt\/informese\/wp-json\/wp\/v2\/pages\/70","targetHints":{"allow":["GET"]}}],"collection":[{"href":"https:\/\/blogs.ess-edu.pt\/informese\/wp-json\/wp\/v2\/pages"}],"about":[{"href":"https:\/\/blogs.ess-edu.pt\/informese\/wp-json\/wp\/v2\/types\/page"}],"author":[{"embeddable":true,"href":"https:\/\/blogs.ess-edu.pt\/informese\/wp-json\/wp\/v2\/users\/5"}],"replies":[{"embeddable":true,"href":"https:\/\/blogs.ess-edu.pt\/informese\/wp-json\/wp\/v2\/comments?post=70"}],"version-history":[{"count":0,"href":"https:\/\/blogs.ess-edu.pt\/informese\/wp-json\/wp\/v2\/pages\/70\/revisions"}],"wp:attachment":[{"href":"https:\/\/blogs.ess-edu.pt\/informese\/wp-json\/wp\/v2\/media?parent=70"}],"curies":[{"name":"wp","href":"https:\/\/api.w.org\/{rel}","templated":true}]}}