{"id":8,"date":"2008-01-30T02:29:57","date_gmt":"2008-01-30T01:29:57","guid":{"rendered":"http:\/\/blogs.ess-edu.pt\/informese\/contactos\/"},"modified":"2008-02-18T00:28:47","modified_gmt":"2008-02-17T23:28:47","slug":"contactos","status":"publish","type":"page","link":"https:\/\/blogs.ess-edu.pt\/informese\/contactos\/","title":{"rendered":"Contactos"},"content":{"rendered":"<p>Caso pretenda apresentar sugest\u00f5es relativamente ao trabalho por n\u00f3s desenvolvido, agradecemos que as envie para o seguinte endere\u00e7o de email:<\/p>\n<p>informese08@gmail.com<\/p>\n<p>Obrigado.<\/p>\n","protected":false},"excerpt":{"rendered":"<p>Caso pretenda apresentar sugest\u00f5es relativamente ao trabalho por n\u00f3s desenvolvido, agradecemos que as envie para o seguinte endere\u00e7o de email: informese08@gmail.com Obrigado.<\/p>\n","protected":false},"author":5,"featured_media":0,"parent":0,"menu_order":0,"comment_status":"open","ping_status":"open","template":"","meta":{"footnotes":""},"class_list":["post-8","page","type-page","status-publish","hentry"],"jetpack_sharing_enabled":true,"jetpack_shortlink":"https:\/\/wp.me\/PaunGN-8","jetpack-related-posts":[],"_links":{"self":[{"href":"https:\/\/blogs.ess-edu.pt\/informese\/wp-json\/wp\/v2\/pages\/8","targetHints":{"allow":["GET"]}}],"collection":[{"href":"https:\/\/blogs.ess-edu.pt\/informese\/wp-json\/wp\/v2\/pages"}],"about":[{"href":"https:\/\/blogs.ess-edu.pt\/informese\/wp-json\/wp\/v2\/types\/page"}],"author":[{"embeddable":true,"href":"https:\/\/blogs.ess-edu.pt\/informese\/wp-json\/wp\/v2\/users\/5"}],"replies":[{"embeddable":true,"href":"https:\/\/blogs.ess-edu.pt\/informese\/wp-json\/wp\/v2\/comments?post=8"}],"version-history":[{"count":0,"href":"https:\/\/blogs.ess-edu.pt\/informese\/wp-json\/wp\/v2\/pages\/8\/revisions"}],"wp:attachment":[{"href":"https:\/\/blogs.ess-edu.pt\/informese\/wp-json\/wp\/v2\/media?parent=8"}],"curies":[{"name":"wp","href":"https:\/\/api.w.org\/{rel}","templated":true}]}}