{"id":9,"date":"2008-03-16T03:24:03","date_gmt":"2008-03-16T03:24:03","guid":{"rendered":"http:\/\/blogs.ess-edu.pt\/pnep\/mapa-do-sitio\/"},"modified":"2024-05-30T00:53:45","modified_gmt":"2024-05-30T00:53:45","slug":"mapa-do-sitio","status":"publish","type":"page","link":"https:\/\/blogs.ess-edu.pt\/pnep\/mapa-do-sitio\/","title":{"rendered":"Mapa do S\u00edtio"},"content":{"rendered":"<div class=\"wsp-container\"><h2 class=\"wsp-pages-title\">Pages<\/h2>\n<ul class=\"wsp-pages-list\">\n<li class=\"page_item page-item-2\"><a href=\"https:\/\/blogs.ess-edu.pt\/pnep\/acerca\/\">Acerca<\/a><\/li>\n<li class=\"page_item page-item-9\"><a href=\"https:\/\/blogs.ess-edu.pt\/pnep\/mapa-do-sitio\/\">Mapa do S\u00edtio<\/a><\/li>\n<\/ul>\n<h2 class=\"wsp-posts-title\">Posts by category<\/h2>\n<ul class=\"wsp-posts-list\">\n\t<li><strong class=\"wsp-category-title\">Category: <a href=\"https:\/\/blogs.ess-edu.pt\/pnep\/category\/sem-categoria\/\">Sem categoria<\/a><\/strong>\n<ul class=\"wsp-posts-list\">\t\t<li class=\"wsp-post\"><a href=\"https:\/\/blogs.ess-edu.pt\/pnep\/2009\/07\/20\/fim-de-ano\/\">Fim de ano&#8230;<\/a><\/li>\n\t\t<li class=\"wsp-post\"><a href=\"https:\/\/blogs.ess-edu.pt\/pnep\/2009\/06\/09\/ainda-ca-estamos\/\">Ainda c\u00e1 estamos!&#8230;<\/a><\/li>\n\t\t<li class=\"wsp-post\"><a href=\"https:\/\/blogs.ess-edu.pt\/pnep\/2009\/05\/14\/a-escrita\/\">A escrita<\/a><\/li>\n\t\t<li class=\"wsp-post\"><a href=\"https:\/\/blogs.ess-edu.pt\/pnep\/2009\/05\/08\/sinais-dos-tempos\/\">Sinais dos tempos&#8230;<\/a><\/li>\n\t\t<li class=\"wsp-post\"><a href=\"https:\/\/blogs.ess-edu.pt\/pnep\/2009\/04\/25\/programa-de-portugues\/\">Programa de Portugu\u00eas<\/a><\/li>\n\t\t<li class=\"wsp-post\"><a href=\"https:\/\/blogs.ess-edu.pt\/pnep\/2009\/04\/15\/a-perda\/\">A PERDA<\/a><\/li>\n\t\t<li class=\"wsp-post\"><a href=\"https:\/\/blogs.ess-edu.pt\/pnep\/2009\/04\/02\/quem-me-conta\/\">Quem me conta?<\/a><\/li>\n\t\t<li class=\"wsp-post\"><a href=\"https:\/\/blogs.ess-edu.pt\/pnep\/2009\/03\/26\/ii-encontro-nacional-do-programa-nacional-de-ensino-do-portugues\/\">II ENCONTRO NACIONAL DO PROGRAMA NACIONAL DE ENSINO DO PORTUGU\u00caS<\/a><\/li>\n\t\t<li class=\"wsp-post\"><a href=\"https:\/\/blogs.ess-edu.pt\/pnep\/2009\/02\/11\/programa-de-portugues-para-o-ensino-basico\/\">PROGRAMA DE PORTUGU\u00caS PARA O ENSINO B\u00c1SICO<\/a><\/li>\n\t\t<li class=\"wsp-post\"><a href=\"https:\/\/blogs.ess-edu.pt\/pnep\/2009\/02\/04\/o-desafio-da-escrita\/\">O Desafio da Escrita<\/a><\/li>\n\t\t<li class=\"wsp-post\"><a href=\"https:\/\/blogs.ess-edu.pt\/pnep\/2009\/01\/21\/a-volta-da-leitura\/\">\u00c0 volta da Leitura<\/a><\/li>\n\t\t<li class=\"wsp-post\"><a href=\"https:\/\/blogs.ess-edu.pt\/pnep\/2009\/01\/11\/como-produzir-bons-leitores\/\">Como produzir bons leitores?<\/a><\/li>\n\t\t<li class=\"wsp-post\"><a href=\"https:\/\/blogs.ess-edu.pt\/pnep\/2008\/12\/27\/a-leitura-e-um-prazer\/\">A leitura \u00e9 um prazer<\/a><\/li>\n\t\t<li class=\"wsp-post\"><a href=\"https:\/\/blogs.ess-edu.pt\/pnep\/2008\/12\/27\/boas-festas\/\">BOAS FESTAS<\/a><\/li>\n\t\t<li class=\"wsp-post\"><a href=\"https:\/\/blogs.ess-edu.pt\/pnep\/2008\/12\/16\/formacao-2008-2009\/\">FORMA\u00c7\u00c3O 2008 &#8211; 2009<\/a><\/li>\n\t\t<li class=\"wsp-post\"><a href=\"https:\/\/blogs.ess-edu.pt\/pnep\/2008\/05\/01\/a-vinda-da-coordenadora-do-pnep-do-nucleo-viseu-guarda-ao-nosso-agrupamento\/\">A vinda da Coordenadora do PNEP  do n\u00facleo Viseu-Guarda ao nosso Agrupamento<\/a><\/li>\n\t\t<li class=\"wsp-post\"><a href=\"https:\/\/blogs.ess-edu.pt\/pnep\/2008\/04\/11\/o-texto-narrativo\/\">O texto narrativo<\/a><\/li>\n\t\t<li class=\"wsp-post\"><a href=\"https:\/\/blogs.ess-edu.pt\/pnep\/2008\/04\/11\/a-aprendizagem-da-escrita\/\">A aprendizagem da escrita<\/a><\/li>\n\t\t<li class=\"wsp-post\"><a href=\"https:\/\/blogs.ess-edu.pt\/pnep\/2008\/04\/07\/o-valor-da-escrita-2\/\">O valor da escrita<\/a><\/li>\n\t\t<li class=\"wsp-post\"><a href=\"https:\/\/blogs.ess-edu.pt\/pnep\/2008\/04\/04\/o-ensino-da-escritaa-dimensao-textual\/\">O Ensino da Escrita: A Dimens\u00e3o Textual<\/a><\/li>\n\t\t<li class=\"wsp-post\"><a href=\"https:\/\/blogs.ess-edu.pt\/pnep\/2008\/04\/04\/a-primavera\/\">A Primavera<\/a><\/li>\n\t\t<li class=\"wsp-post\"><a href=\"https:\/\/blogs.ess-edu.pt\/pnep\/2008\/04\/03\/criacao-de-textos\/\">Cria\u00e7\u00e3o de textos<\/a><\/li>\n\t\t<li class=\"wsp-post\"><a href=\"https:\/\/blogs.ess-edu.pt\/pnep\/2008\/03\/31\/as-minhas-ferias-da-pascoa\/\">As minhas f\u00e9rias da P\u00e1scoa<\/a><\/li>\n\t\t<li class=\"wsp-post\"><a href=\"https:\/\/blogs.ess-edu.pt\/pnep\/2008\/03\/28\/o-valor-da-escrita\/\">O valor da escrita<\/a><\/li>\n\t\t<li class=\"wsp-post\"><a href=\"https:\/\/blogs.ess-edu.pt\/pnep\/2008\/03\/20\/visita-da-coordenadora-do-nucleo-viseu-guarda-ao-nosso-agrupamento\/\">Visita da Coordenadora do N\u00facleo Viseu-Guarda ao nosso Agrupamento<\/a><\/li>\n\t\t<li class=\"wsp-post\"><a href=\"https:\/\/blogs.ess-edu.pt\/pnep\/2008\/03\/20\/sessao-plenaria\/\">Sess\u00e3o Plen\u00e1ria<\/a><\/li>\n\t\t<li class=\"wsp-post\"><a href=\"https:\/\/blogs.ess-edu.pt\/pnep\/2008\/03\/13\/8\/\">A leitura e a escrita<\/a><\/li>\n\t\t<li class=\"wsp-post\"><a href=\"https:\/\/blogs.ess-edu.pt\/pnep\/2008\/03\/13\/recreacao-de-poesia-a-partir-de-um-poema-de-cecilia-meireles\/\">Recrea\u00e7\u00e3o de Poesia a partir de um poema de Cec\u00edlia Meireles<\/a><\/li>\n\t\t<li class=\"wsp-post\"><a href=\"https:\/\/blogs.ess-edu.pt\/pnep\/2008\/03\/11\/6\/\">A Semana da Leitura<\/a><\/li>\n\t\t<li class=\"wsp-post\"><a href=\"https:\/\/blogs.ess-edu.pt\/pnep\/2008\/03\/11\/5\/\">Forma\u00e7\u00e3o Nacional de Formadores Residentes do PNEP<\/a><\/li>\n\t\t<li class=\"wsp-post\"><a href=\"https:\/\/blogs.ess-edu.pt\/pnep\/2008\/03\/09\/4\/\">O Programa Nacional de Ensino do Portugu\u00eas<\/a><\/li>\n\t\t<li class=\"wsp-post\"><a href=\"https:\/\/blogs.ess-edu.pt\/pnep\/2008\/03\/06\/ola-mundo\/\">Ol\u00e1, mundo!<\/a><\/li>\n<\/ul><\/li>\n<\/ul>\n<\/div>\n","protected":false},"excerpt":{"rendered":"","protected":false},"author":9,"featured_media":0,"parent":0,"menu_order":0,"comment_status":"open","ping_status":"open","template":"","meta":{"jetpack_post_was_ever_published":false,"footnotes":""},"class_list":["post-9","page","type-page","status-publish","hentry"],"jetpack_sharing_enabled":true,"jetpack_shortlink":"https:\/\/wp.me\/PaunHj-9","jetpack-related-posts":[],"_links":{"self":[{"href":"https:\/\/blogs.ess-edu.pt\/pnep\/wp-json\/wp\/v2\/pages\/9","targetHints":{"allow":["GET"]}}],"collection":[{"href":"https:\/\/blogs.ess-edu.pt\/pnep\/wp-json\/wp\/v2\/pages"}],"about":[{"href":"https:\/\/blogs.ess-edu.pt\/pnep\/wp-json\/wp\/v2\/types\/page"}],"author":[{"embeddable":true,"href":"https:\/\/blogs.ess-edu.pt\/pnep\/wp-json\/wp\/v2\/users\/9"}],"replies":[{"embeddable":true,"href":"https:\/\/blogs.ess-edu.pt\/pnep\/wp-json\/wp\/v2\/comments?post=9"}],"version-history":[{"count":0,"href":"https:\/\/blogs.ess-edu.pt\/pnep\/wp-json\/wp\/v2\/pages\/9\/revisions"}],"wp:attachment":[{"href":"https:\/\/blogs.ess-edu.pt\/pnep\/wp-json\/wp\/v2\/media?parent=9"}],"curies":[{"name":"wp","href":"https:\/\/api.w.org\/{rel}","templated":true}]}}