{"id":100,"date":"2010-03-08T01:34:45","date_gmt":"2010-03-08T01:34:45","guid":{"rendered":"http:\/\/blogs.ess-edu.pt\/sm2010\/?page_id=100"},"modified":"2010-03-08T03:38:23","modified_gmt":"2010-03-08T03:38:23","slug":"jogos","status":"publish","type":"page","link":"https:\/\/blogs.ess-edu.pt\/sm2010\/arquivos\/jogos\/","title":{"rendered":"Jogos"},"content":{"rendered":"<ul class=\"lcp_catlist\" id=\"lcp_instance_0\"><li><a href=\"https:\/\/blogs.ess-edu.pt\/sm2010\/2018\/12\/20\/1024-math\/\">1024 Math<\/a><\/li><li><a href=\"https:\/\/blogs.ess-edu.pt\/sm2010\/2018\/12\/21\/15teen-puzzle-game\/\">15teen Puzzle Game<\/a><\/li><li><a href=\"https:\/\/blogs.ess-edu.pt\/sm2010\/2010\/03\/09\/2048-merge\/\">2048 Merge<\/a><\/li><li><a href=\"https:\/\/blogs.ess-edu.pt\/sm2010\/2018\/12\/20\/2048-solitaire\/\">2048 Solitaire<\/a><\/li><li><a href=\"https:\/\/blogs.ess-edu.pt\/sm2010\/2010\/03\/07\/batalha-naval\/\">Batalha naval<\/a><\/li><li><a href=\"https:\/\/blogs.ess-edu.pt\/sm2010\/2018\/12\/21\/domino-block\/\">Domino Block<\/a><\/li><li><a href=\"https:\/\/blogs.ess-edu.pt\/sm2010\/2018\/12\/20\/freecell-classic\/\">FreeCell Classic<\/a><\/li><li><a href=\"https:\/\/blogs.ess-edu.pt\/sm2010\/2018\/12\/20\/gbox-the-puzzle-collection\/\">GBox: The Puzzle Collection<\/a><\/li><li><a href=\"https:\/\/blogs.ess-edu.pt\/sm2010\/2010\/03\/07\/hexa\/\">HEXA<\/a><\/li><li><a href=\"https:\/\/blogs.ess-edu.pt\/sm2010\/2010\/02\/28\/jogo-do-24\/\">Jogo do 24<\/a><\/li><li><a href=\"https:\/\/blogs.ess-edu.pt\/sm2010\/2010\/03\/07\/kids-tangran\/\">Kids Tangram<\/a><\/li><li><a href=\"https:\/\/blogs.ess-edu.pt\/sm2010\/2018\/12\/21\/magic-cup\/\">Magic Cup<\/a><\/li><li><a href=\"https:\/\/blogs.ess-edu.pt\/sm2010\/2018\/12\/19\/mancala\/\">Mancala<\/a><\/li><li><a href=\"https:\/\/blogs.ess-edu.pt\/sm2010\/2018\/12\/18\/master-chess-multiplayer\/\">Master Chess Multiplayer<\/a><\/li><li><a href=\"https:\/\/blogs.ess-edu.pt\/sm2010\/2010\/03\/07\/mastermind\/\">MasterMind<\/a><\/li><li><a href=\"https:\/\/blogs.ess-edu.pt\/sm2010\/2018\/12\/20\/math-mahjong-relax\/\">Math Mahjong Relax<\/a><\/li><li><a href=\"https:\/\/blogs.ess-edu.pt\/sm2010\/2018\/12\/20\/math-number-challenge\/\">Math Number Challenge<\/a><\/li><li><a href=\"https:\/\/blogs.ess-edu.pt\/sm2010\/2018\/12\/20\/math-pixel-puzzle\/\">Math pixel puzzle<\/a><\/li><li><a href=\"https:\/\/blogs.ess-edu.pt\/sm2010\/2018\/12\/20\/math-tower-of-hanoi\/\">Math Tower of Hanoi<\/a><\/li><li><a href=\"https:\/\/blogs.ess-edu.pt\/sm2010\/2018\/12\/18\/millionaire-quiz\/\">Millionaire Quiz<\/a><\/li><li><a href=\"https:\/\/blogs.ess-edu.pt\/sm2010\/2010\/03\/09\/node\/\">NODE<\/a><\/li><li><a href=\"https:\/\/blogs.ess-edu.pt\/sm2010\/2018\/12\/21\/ojello\/\">Ojello<\/a><\/li><li><a href=\"https:\/\/blogs.ess-edu.pt\/sm2010\/2018\/12\/20\/prince-of-persia-1\/\">Prince of Persia 1<\/a><\/li><li><a href=\"https:\/\/blogs.ess-edu.pt\/sm2010\/2018\/12\/21\/puzzle-blocks-ancient\/\">Puzzle Blocks Ancient<\/a><\/li><li><a href=\"https:\/\/blogs.ess-edu.pt\/sm2010\/2010\/03\/07\/quatro-em-linha\/\">Quatro em linha<\/a><\/li><li><a href=\"https:\/\/blogs.ess-edu.pt\/sm2010\/2010\/03\/07\/quatro-em-linha-multiplayer\/\">Quatro em linha (multiplayer)<\/a><\/li><li><a href=\"https:\/\/blogs.ess-edu.pt\/sm2010\/2018\/12\/21\/reversi\/\">Reversi<\/a><\/li><li><a href=\"https:\/\/blogs.ess-edu.pt\/sm2010\/2018\/12\/20\/solitaire-quest\/\">Solitaire Quest<\/a><\/li><li><a href=\"https:\/\/blogs.ess-edu.pt\/sm2010\/2018\/12\/18\/space-adventure-pinball\/\">Space Adventure Pinball<\/a><\/li><li><a href=\"https:\/\/blogs.ess-edu.pt\/sm2010\/2010\/03\/07\/tangram\/\">Tangram<\/a><\/li><li><a href=\"https:\/\/blogs.ess-edu.pt\/sm2010\/2010\/03\/07\/s\/\">Torre de Han\u00f3i<\/a><\/li><li><a href=\"https:\/\/blogs.ess-edu.pt\/sm2010\/2010\/03\/09\/ultimate-sudoku\/\">Ultimate SudoKu<\/a><\/li><li><a href=\"https:\/\/blogs.ess-edu.pt\/sm2010\/2010\/03\/09\/who-wants-to-be-a-millionaire\/\">Who wants to be a millionaire?<\/a><\/li><\/ul>\n","protected":false},"excerpt":{"rendered":"","protected":false},"author":1,"featured_media":0,"parent":55,"menu_order":0,"comment_status":"closed","ping_status":"closed","template":"","meta":{"jetpack_post_was_ever_published":false,"footnotes":""},"class_list":["post-100","page","type-page","status-publish","czr-hentry"],"jetpack_sharing_enabled":true,"jetpack_shortlink":"https:\/\/wp.me\/PaunYK-1C","jetpack-related-posts":[{"id":102,"url":"https:\/\/blogs.ess-edu.pt\/sm2010\/arquivos\/desafios\/","url_meta":{"origin":100,"position":0},"title":"Desafios","author":"admin","date":"8 de Mar\u00e7o de 2010","format":false,"excerpt":"","rel":"","context":"In &quot;Sem categoria&quot;","block_context":{"text":"Sem categoria","link":"https:\/\/blogs.ess-edu.pt\/sm2010\/category\/sem-categoria\/"},"img":{"alt_text":"","src":"","width":0,"height":0},"classes":[]},{"id":104,"url":"https:\/\/blogs.ess-edu.pt\/sm2010\/arquivos\/divulgacao\/","url_meta":{"origin":100,"position":1},"title":"Divulga\u00e7\u00e3o","author":"admin","date":"8 de Mar\u00e7o de 2010","format":false,"excerpt":"","rel":"","context":"In &quot;Sem categoria&quot;","block_context":{"text":"Sem categoria","link":"https:\/\/blogs.ess-edu.pt\/sm2010\/category\/sem-categoria\/"},"img":{"alt_text":"","src":"","width":0,"height":0},"classes":[]},{"id":105,"url":"https:\/\/blogs.ess-edu.pt\/sm2010\/arquivos\/video\/","url_meta":{"origin":100,"position":2},"title":"V\u00eddeo","author":"admin","date":"8 de Mar\u00e7o de 2010","format":false,"excerpt":"","rel":"","context":"In &quot;Sem categoria&quot;","block_context":{"text":"Sem categoria","link":"https:\/\/blogs.ess-edu.pt\/sm2010\/category\/sem-categoria\/"},"img":{"alt_text":"","src":"","width":0,"height":0},"classes":[]},{"id":122,"url":"https:\/\/blogs.ess-edu.pt\/sm2010\/desafio-sm\/desafio-da-sm-2010\/","url_meta":{"origin":100,"position":3},"title":"Desafio 2010","author":"Ant\u00f3nio Amaral","date":"10 de Mar\u00e7o de 2010","format":false,"excerpt":"O Desafio da Semana da Matem\u00e1tica\u00a0inclui a resolu\u00e7\u00e3o de um problema, cujo enunciado est\u00e1 numa p\u00e1gina, protegida por uma palavra-chave,\u00a0do S\u00edtio com Matem\u00e1tica (https:\/\/blogs.ess-edu.pt\/sm2010\/). A palavra-chave de acesso ao enunciado \u00e9\u00a0a solu\u00e7\u00e3o do seguinte problema: A Palavra-chave Qual \u00e9 o sexto termo\u00a0da sequ\u00eancia 1, 2, 6, 42, 1806, _______ ?\u2026","rel":"","context":"In &quot;Sem categoria&quot;","block_context":{"text":"Sem categoria","link":"https:\/\/blogs.ess-edu.pt\/sm2010\/category\/sem-categoria\/"},"img":{"alt_text":"","src":"https:\/\/i0.wp.com\/blogs.ess-edu.pt\/sm2010\/files\/2010\/03\/enigma13478-300x203.jpg?resize=350%2C200","width":350,"height":200},"classes":[]},{"id":55,"url":"https:\/\/blogs.ess-edu.pt\/sm2010\/arquivos\/","url_meta":{"origin":100,"position":4},"title":"Arquivos","author":"admin","date":"6 de Mar\u00e7o de 2010","format":false,"excerpt":"","rel":"","context":"In &quot;Sem categoria&quot;","block_context":{"text":"Sem categoria","link":"https:\/\/blogs.ess-edu.pt\/sm2010\/category\/sem-categoria\/"},"img":{"alt_text":"","src":"","width":0,"height":0},"classes":[]},{"id":57,"url":"https:\/\/blogs.ess-edu.pt\/sm2010\/mapa-do-sitio\/","url_meta":{"origin":100,"position":5},"title":"Mapa do S\u00edtio","author":"admin","date":"6 de Mar\u00e7o de 2010","format":false,"excerpt":"","rel":"","context":"In &quot;Sem categoria&quot;","block_context":{"text":"Sem categoria","link":"https:\/\/blogs.ess-edu.pt\/sm2010\/category\/sem-categoria\/"},"img":{"alt_text":"","src":"","width":0,"height":0},"classes":[]}],"_links":{"self":[{"href":"https:\/\/blogs.ess-edu.pt\/sm2010\/wp-json\/wp\/v2\/pages\/100","targetHints":{"allow":["GET"]}}],"collection":[{"href":"https:\/\/blogs.ess-edu.pt\/sm2010\/wp-json\/wp\/v2\/pages"}],"about":[{"href":"https:\/\/blogs.ess-edu.pt\/sm2010\/wp-json\/wp\/v2\/types\/page"}],"author":[{"embeddable":true,"href":"https:\/\/blogs.ess-edu.pt\/sm2010\/wp-json\/wp\/v2\/users\/1"}],"replies":[{"embeddable":true,"href":"https:\/\/blogs.ess-edu.pt\/sm2010\/wp-json\/wp\/v2\/comments?post=100"}],"version-history":[{"count":0,"href":"https:\/\/blogs.ess-edu.pt\/sm2010\/wp-json\/wp\/v2\/pages\/100\/revisions"}],"up":[{"embeddable":true,"href":"https:\/\/blogs.ess-edu.pt\/sm2010\/wp-json\/wp\/v2\/pages\/55"}],"wp:attachment":[{"href":"https:\/\/blogs.ess-edu.pt\/sm2010\/wp-json\/wp\/v2\/media?parent=100"}],"curies":[{"name":"wp","href":"https:\/\/api.w.org\/{rel}","templated":true}]}}