{"id":102,"date":"2010-03-08T03:40:38","date_gmt":"2010-03-08T03:40:38","guid":{"rendered":"http:\/\/blogs.ess-edu.pt\/sm2010\/?page_id=102"},"modified":"2010-03-08T03:42:02","modified_gmt":"2010-03-08T03:42:02","slug":"desafios","status":"publish","type":"page","link":"https:\/\/blogs.ess-edu.pt\/sm2010\/arquivos\/desafios\/","title":{"rendered":"Desafios"},"content":{"rendered":"<ul class=\"lcp_catlist\" id=\"lcp_instance_0\"><li><a href=\"https:\/\/blogs.ess-edu.pt\/sm2010\/2010\/03\/01\/ampulhetas\/\">Ampulhetas<\/a><\/li><li><a href=\"https:\/\/blogs.ess-edu.pt\/sm2010\/2010\/03\/08\/as-bolas-de-snooker\/\">As bolas de snooker<\/a><\/li><li><a href=\"https:\/\/blogs.ess-edu.pt\/sm2010\/2010\/03\/06\/carl-gauss-a-soma-dos-numeros-de-1-a-1000\/\">Carl Gauss: A soma dos n\u00fameros de 1 a 100<\/a><\/li><li><a href=\"https:\/\/blogs.ess-edu.pt\/sm2010\/2010\/03\/14\/desafio-da-semana-da-matematica\/\">Desafio da Semana da Matem\u00e1tica<\/a><\/li><li><a href=\"https:\/\/blogs.ess-edu.pt\/sm2010\/2012\/03\/19\/desafio-da-semana-da-matematica-2012\/\">Desafio da Semana da Matem\u00e1tica &#8211; 2012<\/a><\/li><li><a href=\"https:\/\/blogs.ess-edu.pt\/sm2010\/2010\/03\/07\/em-que-dia-do-mes-nasceste\/\">Em que dia do m\u00eas nasceste?<\/a><\/li><li><a href=\"https:\/\/blogs.ess-edu.pt\/sm2010\/2010\/03\/06\/lucro-ou-prejuizo\/\">Lucro ou preju\u00edzo?<\/a><\/li><li><a href=\"https:\/\/blogs.ess-edu.pt\/sm2010\/2012\/03\/20\/matematica-a-solta\/\">Matem\u00e1tica \u00e0 Solta<\/a><\/li><li><a href=\"https:\/\/blogs.ess-edu.pt\/sm2010\/2011\/03\/10\/o-cilindro-e-as-tres-esferas\/\">O cilindro e as tr\u00eas esferas<\/a><\/li><li><a href=\"https:\/\/blogs.ess-edu.pt\/sm2010\/2010\/03\/08\/o-concurso-da-tv\/\">O concurso da TV<\/a><\/li><li><a href=\"https:\/\/blogs.ess-edu.pt\/sm2010\/2010\/03\/07\/um-quadrado-a-partir-de-dois-quadrados\/\">Um quadrado a partir de dois quadrados<\/a><\/li><\/ul>\n","protected":false},"excerpt":{"rendered":"","protected":false},"author":1,"featured_media":0,"parent":55,"menu_order":0,"comment_status":"closed","ping_status":"closed","template":"","meta":{"jetpack_post_was_ever_published":false,"footnotes":""},"class_list":["post-102","page","type-page","status-publish","czr-hentry"],"jetpack_sharing_enabled":true,"jetpack_shortlink":"https:\/\/wp.me\/PaunYK-1E","jetpack-related-posts":[{"id":100,"url":"https:\/\/blogs.ess-edu.pt\/sm2010\/arquivos\/jogos\/","url_meta":{"origin":102,"position":0},"title":"Jogos","author":"admin","date":"8 de Mar\u00e7o de 2010","format":false,"excerpt":"","rel":"","context":"In &quot;Sem categoria&quot;","block_context":{"text":"Sem categoria","link":"https:\/\/blogs.ess-edu.pt\/sm2010\/category\/sem-categoria\/"},"img":{"alt_text":"","src":"","width":0,"height":0},"classes":[]},{"id":104,"url":"https:\/\/blogs.ess-edu.pt\/sm2010\/arquivos\/divulgacao\/","url_meta":{"origin":102,"position":1},"title":"Divulga\u00e7\u00e3o","author":"admin","date":"8 de Mar\u00e7o de 2010","format":false,"excerpt":"","rel":"","context":"In &quot;Sem categoria&quot;","block_context":{"text":"Sem categoria","link":"https:\/\/blogs.ess-edu.pt\/sm2010\/category\/sem-categoria\/"},"img":{"alt_text":"","src":"","width":0,"height":0},"classes":[]},{"id":105,"url":"https:\/\/blogs.ess-edu.pt\/sm2010\/arquivos\/video\/","url_meta":{"origin":102,"position":2},"title":"V\u00eddeo","author":"admin","date":"8 de Mar\u00e7o de 2010","format":false,"excerpt":"","rel":"","context":"In &quot;Sem categoria&quot;","block_context":{"text":"Sem categoria","link":"https:\/\/blogs.ess-edu.pt\/sm2010\/category\/sem-categoria\/"},"img":{"alt_text":"","src":"","width":0,"height":0},"classes":[]},{"id":122,"url":"https:\/\/blogs.ess-edu.pt\/sm2010\/desafio-sm\/desafio-da-sm-2010\/","url_meta":{"origin":102,"position":3},"title":"Desafio 2010","author":"Ant\u00f3nio Amaral","date":"10 de Mar\u00e7o de 2010","format":false,"excerpt":"O Desafio da Semana da Matem\u00e1tica\u00a0inclui a resolu\u00e7\u00e3o de um problema, cujo enunciado est\u00e1 numa p\u00e1gina, protegida por uma palavra-chave,\u00a0do S\u00edtio com Matem\u00e1tica (https:\/\/blogs.ess-edu.pt\/sm2010\/). A palavra-chave de acesso ao enunciado \u00e9\u00a0a solu\u00e7\u00e3o do seguinte problema: A Palavra-chave Qual \u00e9 o sexto termo\u00a0da sequ\u00eancia 1, 2, 6, 42, 1806, _______ ?\u2026","rel":"","context":"In &quot;Sem categoria&quot;","block_context":{"text":"Sem categoria","link":"https:\/\/blogs.ess-edu.pt\/sm2010\/category\/sem-categoria\/"},"img":{"alt_text":"","src":"https:\/\/i0.wp.com\/blogs.ess-edu.pt\/sm2010\/files\/2010\/03\/enigma13478-300x203.jpg?resize=350%2C200","width":350,"height":200},"classes":[]},{"id":55,"url":"https:\/\/blogs.ess-edu.pt\/sm2010\/arquivos\/","url_meta":{"origin":102,"position":4},"title":"Arquivos","author":"admin","date":"6 de Mar\u00e7o de 2010","format":false,"excerpt":"","rel":"","context":"In &quot;Sem categoria&quot;","block_context":{"text":"Sem categoria","link":"https:\/\/blogs.ess-edu.pt\/sm2010\/category\/sem-categoria\/"},"img":{"alt_text":"","src":"","width":0,"height":0},"classes":[]},{"id":57,"url":"https:\/\/blogs.ess-edu.pt\/sm2010\/mapa-do-sitio\/","url_meta":{"origin":102,"position":5},"title":"Mapa do S\u00edtio","author":"admin","date":"6 de Mar\u00e7o de 2010","format":false,"excerpt":"","rel":"","context":"In &quot;Sem categoria&quot;","block_context":{"text":"Sem categoria","link":"https:\/\/blogs.ess-edu.pt\/sm2010\/category\/sem-categoria\/"},"img":{"alt_text":"","src":"","width":0,"height":0},"classes":[]}],"_links":{"self":[{"href":"https:\/\/blogs.ess-edu.pt\/sm2010\/wp-json\/wp\/v2\/pages\/102","targetHints":{"allow":["GET"]}}],"collection":[{"href":"https:\/\/blogs.ess-edu.pt\/sm2010\/wp-json\/wp\/v2\/pages"}],"about":[{"href":"https:\/\/blogs.ess-edu.pt\/sm2010\/wp-json\/wp\/v2\/types\/page"}],"author":[{"embeddable":true,"href":"https:\/\/blogs.ess-edu.pt\/sm2010\/wp-json\/wp\/v2\/users\/1"}],"replies":[{"embeddable":true,"href":"https:\/\/blogs.ess-edu.pt\/sm2010\/wp-json\/wp\/v2\/comments?post=102"}],"version-history":[{"count":0,"href":"https:\/\/blogs.ess-edu.pt\/sm2010\/wp-json\/wp\/v2\/pages\/102\/revisions"}],"up":[{"embeddable":true,"href":"https:\/\/blogs.ess-edu.pt\/sm2010\/wp-json\/wp\/v2\/pages\/55"}],"wp:attachment":[{"href":"https:\/\/blogs.ess-edu.pt\/sm2010\/wp-json\/wp\/v2\/media?parent=102"}],"curies":[{"name":"wp","href":"https:\/\/api.w.org\/{rel}","templated":true}]}}