{"id":104,"date":"2010-03-08T03:43:59","date_gmt":"2010-03-08T03:43:59","guid":{"rendered":"http:\/\/blogs.ess-edu.pt\/sm2010\/?page_id=104"},"modified":"2010-03-08T03:43:59","modified_gmt":"2010-03-08T03:43:59","slug":"divulgacao","status":"publish","type":"page","link":"https:\/\/blogs.ess-edu.pt\/sm2010\/arquivos\/divulgacao\/","title":{"rendered":"Divulga\u00e7\u00e3o"},"content":{"rendered":"<ul class=\"lcp_catlist\" id=\"lcp_instance_0\"><li><a href=\"https:\/\/blogs.ess-edu.pt\/sm2010\/2010\/07\/02\/a-historia-da-matematica\/\">A Hist\u00f3ria da Matem\u00e1tica<\/a><\/li><li><a href=\"https:\/\/blogs.ess-edu.pt\/sm2010\/2010\/06\/30\/american-pi\/\">American PI<\/a><\/li><li><a href=\"https:\/\/blogs.ess-edu.pt\/sm2010\/2010\/03\/06\/carl-friedrich-gauss-e-o-magnetismo-da-terra\/\">Carl Friedrich Gauss e o magnetismo da terra<\/a><\/li><li><a href=\"https:\/\/blogs.ess-edu.pt\/sm2010\/2011\/03\/10\/desafio-da-semana-da-matematica-2011\/\">Desafio da Semana da Matem\u00e1tica &#8211; 2011<\/a><\/li><li><a href=\"https:\/\/blogs.ess-edu.pt\/sm2010\/2012\/03\/19\/desafio-da-semana-da-matematica-2012\/\">Desafio da Semana da Matem\u00e1tica &#8211; 2012<\/a><\/li><li><a href=\"https:\/\/blogs.ess-edu.pt\/sm2010\/2010\/03\/09\/120\/\">Dimensions &#8211; Um passeio matem\u00e1tico&#8230;<\/a><\/li><li><a href=\"https:\/\/blogs.ess-edu.pt\/sm2010\/2010\/03\/09\/donald-no-pais-da-matematica\/\">Donald no Pa\u00eds da Matem\u00e1gica<\/a><\/li><li><a href=\"https:\/\/blogs.ess-edu.pt\/sm2010\/2010\/03\/20\/i-will-derive\/\">I Will Derive<\/a><\/li><li><a href=\"https:\/\/blogs.ess-edu.pt\/sm2010\/2011\/03\/12\/livro-matematico\/\">Livro Matem\u00e1tico<\/a><\/li><li><a href=\"https:\/\/blogs.ess-edu.pt\/sm2010\/2011\/03\/12\/lose-yourself-in-the-digits\/\">Lose Yourself (In The Digits)<\/a><\/li><li><a href=\"https:\/\/blogs.ess-edu.pt\/sm2010\/2010\/03\/04\/m-c-escher\/\">M. C. Escher<\/a><\/li><li><a href=\"https:\/\/blogs.ess-edu.pt\/sm2010\/2010\/03\/05\/m-c-escher-images-of-mathematics\/\">M. C. Escher, Images of Mathematics&#8230;<\/a><\/li><li><a href=\"https:\/\/blogs.ess-edu.pt\/sm2010\/2012\/03\/20\/matematica-a-solta\/\">Matem\u00e1tica \u00e0 Solta<\/a><\/li><li><a href=\"https:\/\/blogs.ess-edu.pt\/sm2010\/2010\/02\/28\/24\/\">My Triangle<\/a><\/li><li><a href=\"https:\/\/blogs.ess-edu.pt\/sm2010\/2010\/03\/14\/pi-day-314\/\">Pi Day &#8211; 3\/14<\/a><\/li><li><a href=\"https:\/\/blogs.ess-edu.pt\/sm2010\/2011\/03\/14\/pi-day-and-albert-einsteins-birthday\/\">Pi Day and&#8230; Albert Einstein&#8217;s Birthday<\/a><\/li><li><a href=\"https:\/\/blogs.ess-edu.pt\/sm2010\/2011\/03\/10\/romance-ingenuo-de-duas-linhas-paralelas\/\">Romance ing\u00e9nuo de duas linhas paralelas<\/a><\/li><li><a href=\"https:\/\/blogs.ess-edu.pt\/sm2010\/2010\/03\/05\/the-fantastic-world-of-m-c-escher\/\">The Fantastic World of M. C. Escher<\/a><\/li><li><a href=\"https:\/\/blogs.ess-edu.pt\/sm2010\/2010\/03\/05\/the-mathematical-art-of-m-c-escher\/\">The Mathematical Art Of M.C. Escher<\/a><\/li><li><a href=\"https:\/\/blogs.ess-edu.pt\/sm2010\/2011\/03\/10\/viagem-ao-interior-de-pi\/\">Viagem ao interior de PI<\/a><\/li><li><a href=\"https:\/\/blogs.ess-edu.pt\/sm2010\/2011\/03\/10\/what-pi-sounds-like\/\">What Pi Sounds Like<\/a><\/li><\/ul>\n","protected":false},"excerpt":{"rendered":"","protected":false},"author":1,"featured_media":0,"parent":55,"menu_order":0,"comment_status":"closed","ping_status":"closed","template":"","meta":{"jetpack_post_was_ever_published":false,"footnotes":""},"class_list":["post-104","page","type-page","status-publish","czr-hentry"],"jetpack_sharing_enabled":true,"jetpack_shortlink":"https:\/\/wp.me\/PaunYK-1G","jetpack-related-posts":[{"id":100,"url":"https:\/\/blogs.ess-edu.pt\/sm2010\/arquivos\/jogos\/","url_meta":{"origin":104,"position":0},"title":"Jogos","author":"admin","date":"8 de Mar\u00e7o de 2010","format":false,"excerpt":"","rel":"","context":"In &quot;Sem categoria&quot;","block_context":{"text":"Sem categoria","link":"https:\/\/blogs.ess-edu.pt\/sm2010\/category\/sem-categoria\/"},"img":{"alt_text":"","src":"","width":0,"height":0},"classes":[]},{"id":102,"url":"https:\/\/blogs.ess-edu.pt\/sm2010\/arquivos\/desafios\/","url_meta":{"origin":104,"position":1},"title":"Desafios","author":"admin","date":"8 de Mar\u00e7o de 2010","format":false,"excerpt":"","rel":"","context":"In &quot;Sem categoria&quot;","block_context":{"text":"Sem categoria","link":"https:\/\/blogs.ess-edu.pt\/sm2010\/category\/sem-categoria\/"},"img":{"alt_text":"","src":"","width":0,"height":0},"classes":[]},{"id":105,"url":"https:\/\/blogs.ess-edu.pt\/sm2010\/arquivos\/video\/","url_meta":{"origin":104,"position":2},"title":"V\u00eddeo","author":"admin","date":"8 de Mar\u00e7o de 2010","format":false,"excerpt":"","rel":"","context":"In &quot;Sem categoria&quot;","block_context":{"text":"Sem categoria","link":"https:\/\/blogs.ess-edu.pt\/sm2010\/category\/sem-categoria\/"},"img":{"alt_text":"","src":"","width":0,"height":0},"classes":[]},{"id":122,"url":"https:\/\/blogs.ess-edu.pt\/sm2010\/desafio-sm\/desafio-da-sm-2010\/","url_meta":{"origin":104,"position":3},"title":"Desafio 2010","author":"Ant\u00f3nio Amaral","date":"10 de Mar\u00e7o de 2010","format":false,"excerpt":"O Desafio da Semana da Matem\u00e1tica\u00a0inclui a resolu\u00e7\u00e3o de um problema, cujo enunciado est\u00e1 numa p\u00e1gina, protegida por uma palavra-chave,\u00a0do S\u00edtio com Matem\u00e1tica (https:\/\/blogs.ess-edu.pt\/sm2010\/). A palavra-chave de acesso ao enunciado \u00e9\u00a0a solu\u00e7\u00e3o do seguinte problema: A Palavra-chave Qual \u00e9 o sexto termo\u00a0da sequ\u00eancia 1, 2, 6, 42, 1806, _______ ?\u2026","rel":"","context":"In &quot;Sem categoria&quot;","block_context":{"text":"Sem categoria","link":"https:\/\/blogs.ess-edu.pt\/sm2010\/category\/sem-categoria\/"},"img":{"alt_text":"","src":"https:\/\/i0.wp.com\/blogs.ess-edu.pt\/sm2010\/files\/2010\/03\/enigma13478-300x203.jpg?resize=350%2C200","width":350,"height":200},"classes":[]},{"id":55,"url":"https:\/\/blogs.ess-edu.pt\/sm2010\/arquivos\/","url_meta":{"origin":104,"position":4},"title":"Arquivos","author":"admin","date":"6 de Mar\u00e7o de 2010","format":false,"excerpt":"","rel":"","context":"In &quot;Sem categoria&quot;","block_context":{"text":"Sem categoria","link":"https:\/\/blogs.ess-edu.pt\/sm2010\/category\/sem-categoria\/"},"img":{"alt_text":"","src":"","width":0,"height":0},"classes":[]},{"id":57,"url":"https:\/\/blogs.ess-edu.pt\/sm2010\/mapa-do-sitio\/","url_meta":{"origin":104,"position":5},"title":"Mapa do S\u00edtio","author":"admin","date":"6 de Mar\u00e7o de 2010","format":false,"excerpt":"","rel":"","context":"In &quot;Sem categoria&quot;","block_context":{"text":"Sem categoria","link":"https:\/\/blogs.ess-edu.pt\/sm2010\/category\/sem-categoria\/"},"img":{"alt_text":"","src":"","width":0,"height":0},"classes":[]}],"_links":{"self":[{"href":"https:\/\/blogs.ess-edu.pt\/sm2010\/wp-json\/wp\/v2\/pages\/104","targetHints":{"allow":["GET"]}}],"collection":[{"href":"https:\/\/blogs.ess-edu.pt\/sm2010\/wp-json\/wp\/v2\/pages"}],"about":[{"href":"https:\/\/blogs.ess-edu.pt\/sm2010\/wp-json\/wp\/v2\/types\/page"}],"author":[{"embeddable":true,"href":"https:\/\/blogs.ess-edu.pt\/sm2010\/wp-json\/wp\/v2\/users\/1"}],"replies":[{"embeddable":true,"href":"https:\/\/blogs.ess-edu.pt\/sm2010\/wp-json\/wp\/v2\/comments?post=104"}],"version-history":[{"count":0,"href":"https:\/\/blogs.ess-edu.pt\/sm2010\/wp-json\/wp\/v2\/pages\/104\/revisions"}],"up":[{"embeddable":true,"href":"https:\/\/blogs.ess-edu.pt\/sm2010\/wp-json\/wp\/v2\/pages\/55"}],"wp:attachment":[{"href":"https:\/\/blogs.ess-edu.pt\/sm2010\/wp-json\/wp\/v2\/media?parent=104"}],"curies":[{"name":"wp","href":"https:\/\/api.w.org\/{rel}","templated":true}]}}