{"id":297,"date":"2012-03-19T19:30:45","date_gmt":"2012-03-19T19:30:45","guid":{"rendered":"http:\/\/blogs.ess-edu.pt\/sm2010\/?page_id=297"},"modified":"2023-10-01T13:49:01","modified_gmt":"2023-10-01T13:49:01","slug":"enviar-resolucao-2012","status":"publish","type":"page","link":"https:\/\/blogs.ess-edu.pt\/sm2010\/desafio-sm\/desafio-2012\/enviar-resolucao-2012\/","title":{"rendered":"Enviar resolu\u00e7\u00e3o 2012"},"content":{"rendered":"","protected":true},"excerpt":{"rendered":"","protected":true},"author":1,"featured_media":0,"parent":287,"menu_order":0,"comment_status":"open","ping_status":"closed","template":"","meta":{"jetpack_post_was_ever_published":false,"footnotes":""},"class_list":["post-297","page","type-page","status-publish","post-password-required","czr-hentry"],"jetpack_sharing_enabled":true,"jetpack_shortlink":"https:\/\/wp.me\/PaunYK-4N","jetpack-related-posts":[{"id":287,"url":"https:\/\/blogs.ess-edu.pt\/sm2010\/desafio-sm\/desafio-2012\/","url_meta":{"origin":297,"position":0},"title":"Desafio 2012","author":"admin","date":"19 de Mar\u00e7o de 2012","format":false,"excerpt":"O Desafio da Semana da Matem\u00e1tica inclui a resolu\u00e7\u00e3o de um problema, cujo enunciado est\u00e1 numa p\u00e1gina, protegida por uma palavra-chave, do S\u00edtio com Matem\u00e1tica (https:\/\/blogs.ess-edu.pt\/sm2010\/). A palavra-chave de acesso ao enunciado \u00e9 a solu\u00e7\u00e3o da seguinte quest\u00e3o: A Palavra-chave Qual \u00e9 o s\u00e9timo termo da sequ\u00eancia 1, 2, 6,\u2026","rel":"","context":"Similar post","block_context":{"text":"Similar post","link":""},"img":{"alt_text":"","src":"https:\/\/i0.wp.com\/blogs.ess-edu.pt\/sm2010\/files\/2010\/03\/enigma13478-300x203.jpg?resize=350%2C200","width":350,"height":200},"classes":[]},{"id":122,"url":"https:\/\/blogs.ess-edu.pt\/sm2010\/desafio-sm\/desafio-da-sm-2010\/","url_meta":{"origin":297,"position":1},"title":"Desafio 2010","author":"Ant\u00f3nio Amaral","date":"10 de Mar\u00e7o de 2010","format":false,"excerpt":"O Desafio da Semana da Matem\u00e1tica\u00a0inclui a resolu\u00e7\u00e3o de um problema, cujo enunciado est\u00e1 numa p\u00e1gina, protegida por uma palavra-chave,\u00a0do S\u00edtio com Matem\u00e1tica (https:\/\/blogs.ess-edu.pt\/sm2010\/). A palavra-chave de acesso ao enunciado \u00e9\u00a0a solu\u00e7\u00e3o do seguinte problema: A Palavra-chave Qual \u00e9 o sexto termo\u00a0da sequ\u00eancia 1, 2, 6, 42, 1806, _______ ?\u2026","rel":"","context":"In &quot;Sem categoria&quot;","block_context":{"text":"Sem categoria","link":"https:\/\/blogs.ess-edu.pt\/sm2010\/category\/sem-categoria\/"},"img":{"alt_text":"","src":"https:\/\/i0.wp.com\/blogs.ess-edu.pt\/sm2010\/files\/2010\/03\/enigma13478-300x203.jpg?resize=350%2C200","width":350,"height":200},"classes":[]},{"id":189,"url":"https:\/\/blogs.ess-edu.pt\/sm2010\/desafio-sm\/desafio-2011\/","url_meta":{"origin":297,"position":2},"title":"Desafio 2011","author":"admin","date":"10 de Mar\u00e7o de 2011","format":false,"excerpt":"O Desafio da Semana da Matem\u00e1tica inclui a resolu\u00e7\u00e3o de um problema, cujo enunciado est\u00e1 numa p\u00e1gina, protegida por uma palavra-chave, do S\u00edtio com Matem\u00e1tica (https:\/\/blogs.ess-edu.pt\/sm2010\/). A palavra-chave de acesso ao enunciado \u00e9 a solu\u00e7\u00e3o do seguinte problema: A Palavra-chave Qual \u00e9 o s\u00e9timo termo da sequ\u00eancia 1, 2, 6,\u2026","rel":"","context":"Similar post","block_context":{"text":"Similar post","link":""},"img":{"alt_text":"","src":"https:\/\/i0.wp.com\/blogs.ess-edu.pt\/sm2010\/files\/2010\/03\/enigma13478-300x203.jpg?resize=350%2C200","width":350,"height":200},"classes":[]},{"id":282,"url":"https:\/\/blogs.ess-edu.pt\/sm2010\/desafio-sm\/","url_meta":{"origin":297,"position":3},"title":"Desafio SM","author":"admin","date":"19 de Mar\u00e7o de 2012","format":false,"excerpt":"O Desafio da Semana da Matem\u00e1tica\u00a0inclui a resolu\u00e7\u00e3o de um problema, cujo enunciado est\u00e1 numa p\u00e1gina, protegida por uma palavra-chave,\u00a0do\u00a0S\u00edtio com Matem\u00e1tica\u00a0(https:\/\/blogs.ess-edu.pt\/sm2010\/). No menu acima, selecione o Desafio da Semana da Matem\u00e1tica pretendido.","rel":"","context":"Similar post","block_context":{"text":"Similar post","link":""},"img":{"alt_text":"","src":"","width":0,"height":0},"classes":[]}],"_links":{"self":[{"href":"https:\/\/blogs.ess-edu.pt\/sm2010\/wp-json\/wp\/v2\/pages\/297","targetHints":{"allow":["GET"]}}],"collection":[{"href":"https:\/\/blogs.ess-edu.pt\/sm2010\/wp-json\/wp\/v2\/pages"}],"about":[{"href":"https:\/\/blogs.ess-edu.pt\/sm2010\/wp-json\/wp\/v2\/types\/page"}],"author":[{"embeddable":true,"href":"https:\/\/blogs.ess-edu.pt\/sm2010\/wp-json\/wp\/v2\/users\/1"}],"replies":[{"embeddable":true,"href":"https:\/\/blogs.ess-edu.pt\/sm2010\/wp-json\/wp\/v2\/comments?post=297"}],"version-history":[{"count":0,"href":"https:\/\/blogs.ess-edu.pt\/sm2010\/wp-json\/wp\/v2\/pages\/297\/revisions"}],"up":[{"embeddable":true,"href":"https:\/\/blogs.ess-edu.pt\/sm2010\/wp-json\/wp\/v2\/pages\/287"}],"wp:attachment":[{"href":"https:\/\/blogs.ess-edu.pt\/sm2010\/wp-json\/wp\/v2\/media?parent=297"}],"curies":[{"name":"wp","href":"https:\/\/api.w.org\/{rel}","templated":true}]}}