{"id":57,"date":"2010-03-06T01:49:10","date_gmt":"2010-03-06T01:49:10","guid":{"rendered":"http:\/\/blogs.ess-edu.pt\/sm2010\/?page_id=57"},"modified":"2024-05-30T02:51:36","modified_gmt":"2024-05-30T02:51:36","slug":"mapa-do-sitio","status":"publish","type":"page","link":"https:\/\/blogs.ess-edu.pt\/sm2010\/mapa-do-sitio\/","title":{"rendered":"Mapa do S\u00edtio"},"content":{"rendered":"<div class=\"wsp-container\"><h2 class=\"wsp-pages-title\">Pages<\/h2>\n<ul class=\"wsp-pages-list\">\n<li class=\"page_item page-item-2\"><a href=\"https:\/\/blogs.ess-edu.pt\/sm2010\/about\/\">Acerca<\/a><\/li>\n<li class=\"page_item page-item-55 page_item_has_children\"><a href=\"https:\/\/blogs.ess-edu.pt\/sm2010\/arquivos\/\">Arquivos<\/a>\n<ul class='children'>\n\t<li class=\"page_item page-item-102\"><a href=\"https:\/\/blogs.ess-edu.pt\/sm2010\/arquivos\/desafios\/\">Desafios<\/a><\/li>\n\t<li class=\"page_item page-item-104\"><a href=\"https:\/\/blogs.ess-edu.pt\/sm2010\/arquivos\/divulgacao\/\">Divulga\u00e7\u00e3o<\/a><\/li>\n\t<li class=\"page_item page-item-100\"><a href=\"https:\/\/blogs.ess-edu.pt\/sm2010\/arquivos\/jogos\/\">Jogos<\/a><\/li>\n\t<li class=\"page_item page-item-105\"><a href=\"https:\/\/blogs.ess-edu.pt\/sm2010\/arquivos\/video\/\">V\u00eddeo<\/a><\/li>\n<\/ul>\n<\/li>\n<li class=\"page_item page-item-282 page_item_has_children current_page_parent\"><a href=\"https:\/\/blogs.ess-edu.pt\/sm2010\/desafio-sm\/\">Desafio SM<\/a>\n<ul class='children'>\n\t<li class=\"page_item page-item-122 page_item_has_children\"><a href=\"https:\/\/blogs.ess-edu.pt\/sm2010\/desafio-sm\/desafio-da-sm-2010\/\">Desafio 2010<\/a>\n\t<ul class='children'>\n\t\t<li class=\"page_item page-item-128\"><a href=\"https:\/\/blogs.ess-edu.pt\/sm2010\/desafio-sm\/desafio-da-sm-2010\/enunciado-2010\/\">Enunciado 2010<\/a><\/li>\n\t\t<li class=\"page_item page-item-132\"><a href=\"https:\/\/blogs.ess-edu.pt\/sm2010\/desafio-sm\/desafio-da-sm-2010\/enviar-resolucao-2010\/\">Enviar resolu\u00e7\u00e3o 2010<\/a><\/li>\n\t<\/ul>\n<\/li>\n\t<li class=\"page_item page-item-189 page_item_has_children\"><a href=\"https:\/\/blogs.ess-edu.pt\/sm2010\/desafio-sm\/desafio-2011\/\">Desafio 2011<\/a>\n\t<ul class='children'>\n\t\t<li class=\"page_item page-item-198\"><a href=\"https:\/\/blogs.ess-edu.pt\/sm2010\/desafio-sm\/desafio-2011\/enunciado-2011\/\">Enunciado 2011<\/a><\/li>\n\t\t<li class=\"page_item page-item-201\"><a href=\"https:\/\/blogs.ess-edu.pt\/sm2010\/desafio-sm\/desafio-2011\/enviar-resolucao-2011\/\">Enviar resolu\u00e7\u00e3o 2011<\/a><\/li>\n\t<\/ul>\n<\/li>\n\t<li class=\"page_item page-item-287 page_item_has_children\"><a href=\"https:\/\/blogs.ess-edu.pt\/sm2010\/desafio-sm\/desafio-2012\/\">Desafio 2012<\/a>\n\t<ul class='children'>\n\t\t<li class=\"page_item page-item-295\"><a href=\"https:\/\/blogs.ess-edu.pt\/sm2010\/desafio-sm\/desafio-2012\/enunciado-2012\/\">Enunciado 2012<\/a><\/li>\n\t\t<li class=\"page_item page-item-297\"><a href=\"https:\/\/blogs.ess-edu.pt\/sm2010\/desafio-sm\/desafio-2012\/enviar-resolucao-2012\/\">Enviar resolu\u00e7\u00e3o 2012<\/a><\/li>\n\t<\/ul>\n<\/li>\n<\/ul>\n<\/li>\n<li class=\"page_item page-item-57\"><a href=\"https:\/\/blogs.ess-edu.pt\/sm2010\/mapa-do-sitio\/\">Mapa do S\u00edtio<\/a><\/li>\n<\/ul>\n<h2 class=\"wsp-posts-title\">Posts by category<\/h2>\n<ul class=\"wsp-posts-list\">\n\t<li><strong class=\"wsp-category-title\">Category: <a href=\"https:\/\/blogs.ess-edu.pt\/sm2010\/category\/desafios\/\">Desafios<\/a><\/strong>\n<ul class=\"wsp-posts-list\">\t\t<li class=\"wsp-post\"><a href=\"https:\/\/blogs.ess-edu.pt\/sm2010\/2012\/03\/20\/matematica-a-solta\/\">Matem\u00e1tica \u00e0 Solta<\/a><\/li>\n\t\t<li class=\"wsp-post\"><a href=\"https:\/\/blogs.ess-edu.pt\/sm2010\/2012\/03\/19\/desafio-da-semana-da-matematica-2012\/\">Desafio da Semana da Matem\u00e1tica &#8211; 2012<\/a><\/li>\n\t\t<li class=\"wsp-post\"><a href=\"https:\/\/blogs.ess-edu.pt\/sm2010\/2011\/03\/10\/o-cilindro-e-as-tres-esferas\/\">O cilindro e as tr\u00eas esferas<\/a><\/li>\n\t\t<li class=\"wsp-post\"><a href=\"https:\/\/blogs.ess-edu.pt\/sm2010\/2010\/03\/14\/desafio-da-semana-da-matematica\/\">Desafio da Semana da Matem\u00e1tica<\/a><\/li>\n\t\t<li class=\"wsp-post\"><a href=\"https:\/\/blogs.ess-edu.pt\/sm2010\/2010\/03\/08\/o-concurso-da-tv\/\">O concurso da TV<\/a><\/li>\n\t\t<li class=\"wsp-post\"><a href=\"https:\/\/blogs.ess-edu.pt\/sm2010\/2010\/03\/08\/as-bolas-de-snooker\/\">As bolas de snooker<\/a><\/li>\n\t\t<li class=\"wsp-post\"><a href=\"https:\/\/blogs.ess-edu.pt\/sm2010\/2010\/03\/07\/um-quadrado-a-partir-de-dois-quadrados\/\">Um quadrado a partir de dois quadrados<\/a><\/li>\n\t\t<li class=\"wsp-post\"><a href=\"https:\/\/blogs.ess-edu.pt\/sm2010\/2010\/03\/07\/em-que-dia-do-mes-nasceste\/\">Em que dia do m\u00eas nasceste?<\/a><\/li>\n\t\t<li class=\"wsp-post\"><a href=\"https:\/\/blogs.ess-edu.pt\/sm2010\/2010\/03\/06\/lucro-ou-prejuizo\/\">Lucro ou preju\u00edzo?<\/a><\/li>\n\t\t<li class=\"wsp-post\"><a href=\"https:\/\/blogs.ess-edu.pt\/sm2010\/2010\/03\/06\/carl-gauss-a-soma-dos-numeros-de-1-a-1000\/\">Carl Gauss: A soma dos n\u00fameros de 1 a 100<\/a><\/li>\n\t\t<li class=\"wsp-post\"><a href=\"https:\/\/blogs.ess-edu.pt\/sm2010\/2010\/03\/01\/ampulhetas\/\">Ampulhetas<\/a><\/li>\n<\/ul><\/li>\n\t<li><strong class=\"wsp-category-title\">Category: <a href=\"https:\/\/blogs.ess-edu.pt\/sm2010\/category\/divulgacao\/\">Divulga\u00e7\u00e3o<\/a><\/strong>\n<ul class=\"wsp-posts-list\">\t\t<li class=\"wsp-post\"><a href=\"https:\/\/blogs.ess-edu.pt\/sm2010\/2011\/03\/14\/pi-day-and-albert-einsteins-birthday\/\">Pi Day and&#8230; Albert Einstein&#8217;s Birthday<\/a><\/li>\n\t\t<li class=\"wsp-post\"><a href=\"https:\/\/blogs.ess-edu.pt\/sm2010\/2011\/03\/12\/livro-matematico\/\">Livro Matem\u00e1tico<\/a><\/li>\n\t\t<li class=\"wsp-post\"><a href=\"https:\/\/blogs.ess-edu.pt\/sm2010\/2011\/03\/12\/lose-yourself-in-the-digits\/\">Lose Yourself (In The Digits)<\/a><\/li>\n\t\t<li class=\"wsp-post\"><a href=\"https:\/\/blogs.ess-edu.pt\/sm2010\/2011\/03\/10\/what-pi-sounds-like\/\">What Pi Sounds Like<\/a><\/li>\n\t\t<li class=\"wsp-post\"><a href=\"https:\/\/blogs.ess-edu.pt\/sm2010\/2011\/03\/10\/viagem-ao-interior-de-pi\/\">Viagem ao interior de PI<\/a><\/li>\n\t\t<li class=\"wsp-post\"><a href=\"https:\/\/blogs.ess-edu.pt\/sm2010\/2011\/03\/10\/romance-ingenuo-de-duas-linhas-paralelas\/\">Romance ing\u00e9nuo de duas linhas paralelas<\/a><\/li>\n\t\t<li class=\"wsp-post\"><a href=\"https:\/\/blogs.ess-edu.pt\/sm2010\/2011\/03\/10\/desafio-da-semana-da-matematica-2011\/\">Desafio da Semana da Matem\u00e1tica &#8211; 2011<\/a><\/li>\n\t\t<li class=\"wsp-post\"><a href=\"https:\/\/blogs.ess-edu.pt\/sm2010\/2010\/07\/02\/a-historia-da-matematica\/\">A Hist\u00f3ria da Matem\u00e1tica<\/a><\/li>\n\t\t<li class=\"wsp-post\"><a href=\"https:\/\/blogs.ess-edu.pt\/sm2010\/2010\/06\/30\/american-pi\/\">American PI<\/a><\/li>\n\t\t<li class=\"wsp-post\"><a href=\"https:\/\/blogs.ess-edu.pt\/sm2010\/2010\/03\/20\/i-will-derive\/\">I Will Derive<\/a><\/li>\n\t\t<li class=\"wsp-post\"><a href=\"https:\/\/blogs.ess-edu.pt\/sm2010\/2010\/03\/14\/pi-day-314\/\">Pi Day &#8211; 3\/14<\/a><\/li>\n\t\t<li class=\"wsp-post\"><a href=\"https:\/\/blogs.ess-edu.pt\/sm2010\/2010\/03\/09\/120\/\">Dimensions &#8211; Um passeio matem\u00e1tico&#8230;<\/a><\/li>\n\t\t<li class=\"wsp-post\"><a href=\"https:\/\/blogs.ess-edu.pt\/sm2010\/2010\/03\/09\/donald-no-pais-da-matematica\/\">Donald no Pa\u00eds da Matem\u00e1gica<\/a><\/li>\n\t\t<li class=\"wsp-post\"><a href=\"https:\/\/blogs.ess-edu.pt\/sm2010\/2010\/03\/06\/carl-friedrich-gauss-e-o-magnetismo-da-terra\/\">Carl Friedrich Gauss e o magnetismo da terra<\/a><\/li>\n\t\t<li class=\"wsp-post\"><a href=\"https:\/\/blogs.ess-edu.pt\/sm2010\/2010\/03\/05\/the-mathematical-art-of-m-c-escher\/\">The Mathematical Art Of M.C. Escher<\/a><\/li>\n\t\t<li class=\"wsp-post\"><a href=\"https:\/\/blogs.ess-edu.pt\/sm2010\/2010\/03\/05\/m-c-escher-images-of-mathematics\/\">M. C. Escher, Images of Mathematics&#8230;<\/a><\/li>\n\t\t<li class=\"wsp-post\"><a href=\"https:\/\/blogs.ess-edu.pt\/sm2010\/2010\/03\/05\/the-fantastic-world-of-m-c-escher\/\">The Fantastic World of M. C. Escher<\/a><\/li>\n\t\t<li class=\"wsp-post\"><a href=\"https:\/\/blogs.ess-edu.pt\/sm2010\/2010\/03\/04\/m-c-escher\/\">M. C. Escher<\/a><\/li>\n\t\t<li class=\"wsp-post\"><a href=\"https:\/\/blogs.ess-edu.pt\/sm2010\/2010\/02\/28\/24\/\">My Triangle<\/a><\/li>\n<\/ul><\/li>\n\t<li><strong class=\"wsp-category-title\">Category: <a href=\"https:\/\/blogs.ess-edu.pt\/sm2010\/category\/jogos\/\">Jogos<\/a><\/strong>\n<ul class=\"wsp-posts-list\">\t\t<li class=\"wsp-post\"><a href=\"https:\/\/blogs.ess-edu.pt\/sm2010\/2018\/12\/21\/15teen-puzzle-game\/\">15teen Puzzle Game<\/a><\/li>\n\t\t<li class=\"wsp-post\"><a href=\"https:\/\/blogs.ess-edu.pt\/sm2010\/2018\/12\/21\/domino-block\/\">Domino Block<\/a><\/li>\n\t\t<li class=\"wsp-post\"><a href=\"https:\/\/blogs.ess-edu.pt\/sm2010\/2018\/12\/21\/puzzle-blocks-ancient\/\">Puzzle Blocks Ancient<\/a><\/li>\n\t\t<li class=\"wsp-post\"><a href=\"https:\/\/blogs.ess-edu.pt\/sm2010\/2018\/12\/21\/magic-cup\/\">Magic Cup<\/a><\/li>\n\t\t<li class=\"wsp-post\"><a href=\"https:\/\/blogs.ess-edu.pt\/sm2010\/2018\/12\/21\/ojello\/\">Ojello<\/a><\/li>\n\t\t<li class=\"wsp-post\"><a href=\"https:\/\/blogs.ess-edu.pt\/sm2010\/2018\/12\/21\/reversi\/\">Reversi<\/a><\/li>\n\t\t<li class=\"wsp-post\"><a href=\"https:\/\/blogs.ess-edu.pt\/sm2010\/2018\/12\/20\/math-mahjong-relax\/\">Math Mahjong Relax<\/a><\/li>\n\t\t<li class=\"wsp-post\"><a href=\"https:\/\/blogs.ess-edu.pt\/sm2010\/2018\/12\/20\/math-pixel-puzzle\/\">Math pixel puzzle<\/a><\/li>\n\t\t<li class=\"wsp-post\"><a href=\"https:\/\/blogs.ess-edu.pt\/sm2010\/2018\/12\/20\/math-number-challenge\/\">Math Number Challenge<\/a><\/li>\n\t\t<li class=\"wsp-post\"><a href=\"https:\/\/blogs.ess-edu.pt\/sm2010\/2018\/12\/20\/1024-math\/\">1024 Math<\/a><\/li>\n\t\t<li class=\"wsp-post\"><a href=\"https:\/\/blogs.ess-edu.pt\/sm2010\/2018\/12\/20\/math-tower-of-hanoi\/\">Math Tower of Hanoi<\/a><\/li>\n\t\t<li class=\"wsp-post\"><a href=\"https:\/\/blogs.ess-edu.pt\/sm2010\/2018\/12\/20\/solitaire-quest\/\">Solitaire Quest<\/a><\/li>\n\t\t<li class=\"wsp-post\"><a href=\"https:\/\/blogs.ess-edu.pt\/sm2010\/2018\/12\/20\/freecell-classic\/\">FreeCell Classic<\/a><\/li>\n\t\t<li class=\"wsp-post\"><a href=\"https:\/\/blogs.ess-edu.pt\/sm2010\/2018\/12\/20\/2048-solitaire\/\">2048 Solitaire<\/a><\/li>\n\t\t<li class=\"wsp-post\"><a href=\"https:\/\/blogs.ess-edu.pt\/sm2010\/2018\/12\/20\/prince-of-persia-1\/\">Prince of Persia 1<\/a><\/li>\n\t\t<li class=\"wsp-post\"><a href=\"https:\/\/blogs.ess-edu.pt\/sm2010\/2018\/12\/20\/gbox-the-puzzle-collection\/\">GBox: The Puzzle Collection<\/a><\/li>\n\t\t<li class=\"wsp-post\"><a href=\"https:\/\/blogs.ess-edu.pt\/sm2010\/2018\/12\/19\/mancala\/\">Mancala<\/a><\/li>\n\t\t<li class=\"wsp-post\"><a href=\"https:\/\/blogs.ess-edu.pt\/sm2010\/2018\/12\/18\/space-adventure-pinball\/\">Space Adventure Pinball<\/a><\/li>\n\t\t<li class=\"wsp-post\"><a href=\"https:\/\/blogs.ess-edu.pt\/sm2010\/2018\/12\/18\/master-chess-multiplayer\/\">Master Chess Multiplayer<\/a><\/li>\n\t\t<li class=\"wsp-post\"><a href=\"https:\/\/blogs.ess-edu.pt\/sm2010\/2018\/12\/18\/millionaire-quiz\/\">Millionaire Quiz<\/a><\/li>\n\t\t<li class=\"wsp-post\"><a href=\"https:\/\/blogs.ess-edu.pt\/sm2010\/2010\/03\/09\/2048-merge\/\">2048 Merge<\/a><\/li>\n\t\t<li class=\"wsp-post\"><a href=\"https:\/\/blogs.ess-edu.pt\/sm2010\/2010\/03\/09\/node\/\">NODE<\/a><\/li>\n\t\t<li class=\"wsp-post\"><a href=\"https:\/\/blogs.ess-edu.pt\/sm2010\/2010\/03\/09\/ultimate-sudoku\/\">Ultimate SudoKu<\/a><\/li>\n\t\t<li class=\"wsp-post\"><a href=\"https:\/\/blogs.ess-edu.pt\/sm2010\/2010\/03\/09\/who-wants-to-be-a-millionaire\/\">Who wants to be a millionaire?<\/a><\/li>\n\t\t<li class=\"wsp-post\"><a href=\"https:\/\/blogs.ess-edu.pt\/sm2010\/2010\/03\/07\/tangram\/\">Tangram<\/a><\/li>\n\t\t<li class=\"wsp-post\"><a href=\"https:\/\/blogs.ess-edu.pt\/sm2010\/2010\/03\/07\/mastermind\/\">MasterMind<\/a><\/li>\n\t\t<li class=\"wsp-post\"><a href=\"https:\/\/blogs.ess-edu.pt\/sm2010\/2010\/03\/07\/quatro-em-linha-multiplayer\/\">Quatro em linha (multiplayer)<\/a><\/li>\n\t\t<li class=\"wsp-post\"><a href=\"https:\/\/blogs.ess-edu.pt\/sm2010\/2010\/03\/07\/hexa\/\">HEXA<\/a><\/li>\n\t\t<li class=\"wsp-post\"><a href=\"https:\/\/blogs.ess-edu.pt\/sm2010\/2010\/03\/07\/batalha-naval\/\">Batalha naval<\/a><\/li>\n\t\t<li class=\"wsp-post\"><a href=\"https:\/\/blogs.ess-edu.pt\/sm2010\/2010\/03\/07\/kids-tangran\/\">Kids Tangram<\/a><\/li>\n\t\t<li class=\"wsp-post\"><a href=\"https:\/\/blogs.ess-edu.pt\/sm2010\/2010\/03\/07\/quatro-em-linha\/\">Quatro em linha<\/a><\/li>\n\t\t<li class=\"wsp-post\"><a href=\"https:\/\/blogs.ess-edu.pt\/sm2010\/2010\/03\/07\/s\/\">Torre de Han\u00f3i<\/a><\/li>\n\t\t<li class=\"wsp-post\"><a href=\"https:\/\/blogs.ess-edu.pt\/sm2010\/2010\/02\/28\/jogo-do-24\/\">Jogo do 24<\/a><\/li>\n<\/ul><\/li>\n\t<li><strong class=\"wsp-category-title\">Category: <a href=\"https:\/\/blogs.ess-edu.pt\/sm2010\/category\/noticias\/\">Not\u00edcias<\/a><\/strong>\n<ul class=\"wsp-posts-list\">\t\t<li class=\"wsp-post\"><a href=\"https:\/\/blogs.ess-edu.pt\/sm2010\/2010\/03\/14\/oficina-radios-cristal\/\">Oficina R\u00e1dios Cristal<\/a><\/li>\n\t\t<li class=\"wsp-post\"><a href=\"https:\/\/blogs.ess-edu.pt\/sm2010\/2010\/03\/12\/robotmania-2010\/\">ROBOTMANIA &#8216;2010<\/a><\/li>\n\t\t<li class=\"wsp-post\"><a href=\"https:\/\/blogs.ess-edu.pt\/sm2010\/2010\/03\/08\/matematica-na-objectiva-concurso-de-fotografia\/\">Matem\u00e1tica na Objectiva &#8211; Concurso de Fotografia<\/a><\/li>\n\t\t<li class=\"wsp-post\"><a href=\"https:\/\/blogs.ess-edu.pt\/sm2010\/2010\/02\/28\/canguru-matematico\/\">Canguru Matem\u00e1tico<\/a><\/li>\n<\/ul><\/li>\n\t<li><strong class=\"wsp-category-title\">Category: <a href=\"https:\/\/blogs.ess-edu.pt\/sm2010\/category\/sem-categoria\/\">Sem categoria<\/a><\/strong>\n<ul class=\"wsp-posts-list\">\t\t<li class=\"wsp-post\"><a href=\"https:\/\/blogs.ess-edu.pt\/sm2010\/2010\/02\/27\/hello-world\/\">Ol\u00e1, mundo!<\/a><\/li>\n<\/ul><\/li>\n\t<li><strong class=\"wsp-category-title\">Category: <a href=\"https:\/\/blogs.ess-edu.pt\/sm2010\/category\/video\/\">V\u00eddeo<\/a><\/strong>\n<ul class=\"wsp-posts-list\">\t\t<li class=\"wsp-post\"><a href=\"https:\/\/blogs.ess-edu.pt\/sm2010\/2010\/03\/20\/mean-median-and-mode-song\/\">Mean Median and Mode Song<\/a><\/li>\n<\/ul><\/li>\n<\/ul>\n<\/div>\n","protected":false},"excerpt":{"rendered":"","protected":false},"author":1,"featured_media":0,"parent":0,"menu_order":0,"comment_status":"closed","ping_status":"closed","template":"","meta":{"jetpack_post_was_ever_published":false,"footnotes":""},"class_list":["post-57","page","type-page","status-publish","czr-hentry"],"jetpack_sharing_enabled":true,"jetpack_shortlink":"https:\/\/wp.me\/PaunYK-V","jetpack-related-posts":[{"id":122,"url":"https:\/\/blogs.ess-edu.pt\/sm2010\/desafio-sm\/desafio-da-sm-2010\/","url_meta":{"origin":57,"position":0},"title":"Desafio 2010","author":"Ant\u00f3nio Amaral","date":"10 de Mar\u00e7o de 2010","format":false,"excerpt":"O Desafio da Semana da Matem\u00e1tica\u00a0inclui a resolu\u00e7\u00e3o de um problema, cujo enunciado est\u00e1 numa p\u00e1gina, protegida por uma palavra-chave,\u00a0do S\u00edtio com Matem\u00e1tica (https:\/\/blogs.ess-edu.pt\/sm2010\/). A palavra-chave de acesso ao enunciado \u00e9\u00a0a solu\u00e7\u00e3o do seguinte problema: A Palavra-chave Qual \u00e9 o sexto termo\u00a0da sequ\u00eancia 1, 2, 6, 42, 1806, _______ ?\u2026","rel":"","context":"In &quot;Sem categoria&quot;","block_context":{"text":"Sem categoria","link":"https:\/\/blogs.ess-edu.pt\/sm2010\/category\/sem-categoria\/"},"img":{"alt_text":"","src":"https:\/\/i0.wp.com\/blogs.ess-edu.pt\/sm2010\/files\/2010\/03\/enigma13478-300x203.jpg?resize=350%2C200","width":350,"height":200},"classes":[]},{"id":189,"url":"https:\/\/blogs.ess-edu.pt\/sm2010\/desafio-sm\/desafio-2011\/","url_meta":{"origin":57,"position":1},"title":"Desafio 2011","author":"admin","date":"10 de Mar\u00e7o de 2011","format":false,"excerpt":"O Desafio da Semana da Matem\u00e1tica inclui a resolu\u00e7\u00e3o de um problema, cujo enunciado est\u00e1 numa p\u00e1gina, protegida por uma palavra-chave, do S\u00edtio com Matem\u00e1tica (https:\/\/blogs.ess-edu.pt\/sm2010\/). A palavra-chave de acesso ao enunciado \u00e9 a solu\u00e7\u00e3o do seguinte problema: A Palavra-chave Qual \u00e9 o s\u00e9timo termo da sequ\u00eancia 1, 2, 6,\u2026","rel":"","context":"Similar post","block_context":{"text":"Similar post","link":""},"img":{"alt_text":"","src":"https:\/\/i0.wp.com\/blogs.ess-edu.pt\/sm2010\/files\/2010\/03\/enigma13478-300x203.jpg?resize=350%2C200","width":350,"height":200},"classes":[]},{"id":287,"url":"https:\/\/blogs.ess-edu.pt\/sm2010\/desafio-sm\/desafio-2012\/","url_meta":{"origin":57,"position":2},"title":"Desafio 2012","author":"admin","date":"19 de Mar\u00e7o de 2012","format":false,"excerpt":"O Desafio da Semana da Matem\u00e1tica inclui a resolu\u00e7\u00e3o de um problema, cujo enunciado est\u00e1 numa p\u00e1gina, protegida por uma palavra-chave, do S\u00edtio com Matem\u00e1tica (https:\/\/blogs.ess-edu.pt\/sm2010\/). A palavra-chave de acesso ao enunciado \u00e9 a solu\u00e7\u00e3o da seguinte quest\u00e3o: A Palavra-chave Qual \u00e9 o s\u00e9timo termo da sequ\u00eancia 1, 2, 6,\u2026","rel":"","context":"Similar post","block_context":{"text":"Similar post","link":""},"img":{"alt_text":"","src":"https:\/\/i0.wp.com\/blogs.ess-edu.pt\/sm2010\/files\/2010\/03\/enigma13478-300x203.jpg?resize=350%2C200","width":350,"height":200},"classes":[]},{"id":55,"url":"https:\/\/blogs.ess-edu.pt\/sm2010\/arquivos\/","url_meta":{"origin":57,"position":3},"title":"Arquivos","author":"admin","date":"6 de Mar\u00e7o de 2010","format":false,"excerpt":"","rel":"","context":"In &quot;Sem categoria&quot;","block_context":{"text":"Sem categoria","link":"https:\/\/blogs.ess-edu.pt\/sm2010\/category\/sem-categoria\/"},"img":{"alt_text":"","src":"","width":0,"height":0},"classes":[]},{"id":100,"url":"https:\/\/blogs.ess-edu.pt\/sm2010\/arquivos\/jogos\/","url_meta":{"origin":57,"position":4},"title":"Jogos","author":"admin","date":"8 de Mar\u00e7o de 2010","format":false,"excerpt":"","rel":"","context":"In &quot;Sem categoria&quot;","block_context":{"text":"Sem categoria","link":"https:\/\/blogs.ess-edu.pt\/sm2010\/category\/sem-categoria\/"},"img":{"alt_text":"","src":"","width":0,"height":0},"classes":[]},{"id":102,"url":"https:\/\/blogs.ess-edu.pt\/sm2010\/arquivos\/desafios\/","url_meta":{"origin":57,"position":5},"title":"Desafios","author":"admin","date":"8 de Mar\u00e7o de 2010","format":false,"excerpt":"","rel":"","context":"In &quot;Sem categoria&quot;","block_context":{"text":"Sem categoria","link":"https:\/\/blogs.ess-edu.pt\/sm2010\/category\/sem-categoria\/"},"img":{"alt_text":"","src":"","width":0,"height":0},"classes":[]}],"_links":{"self":[{"href":"https:\/\/blogs.ess-edu.pt\/sm2010\/wp-json\/wp\/v2\/pages\/57","targetHints":{"allow":["GET"]}}],"collection":[{"href":"https:\/\/blogs.ess-edu.pt\/sm2010\/wp-json\/wp\/v2\/pages"}],"about":[{"href":"https:\/\/blogs.ess-edu.pt\/sm2010\/wp-json\/wp\/v2\/types\/page"}],"author":[{"embeddable":true,"href":"https:\/\/blogs.ess-edu.pt\/sm2010\/wp-json\/wp\/v2\/users\/1"}],"replies":[{"embeddable":true,"href":"https:\/\/blogs.ess-edu.pt\/sm2010\/wp-json\/wp\/v2\/comments?post=57"}],"version-history":[{"count":0,"href":"https:\/\/blogs.ess-edu.pt\/sm2010\/wp-json\/wp\/v2\/pages\/57\/revisions"}],"wp:attachment":[{"href":"https:\/\/blogs.ess-edu.pt\/sm2010\/wp-json\/wp\/v2\/media?parent=57"}],"curies":[{"name":"wp","href":"https:\/\/api.w.org\/{rel}","templated":true}]}}